{"id":704,"date":"2021-12-30T13:31:07","date_gmt":"2021-12-30T16:31:07","guid":{"rendered":"https:\/\/enajus.org.br\/2022\/?page_id=704"},"modified":"2022-07-21T23:27:07","modified_gmt":"2022-07-22T02:27:07","slug":"local","status":"publish","type":"page","link":"https:\/\/enajus.org.br\/2022\/en\/local\/","title":{"rendered":"Venue"},"content":{"rendered":"<div class=\"is-layout-flex wp-container-3 wp-block-columns are-vertically-aligned-center\" id=\"local-e-data\">\n<div class=\"is-layout-flow wp-block-column is-vertically-aligned-center\">\n<figure class=\"wp-block-image size-large\"><img decoding=\"async\" loading=\"lazy\" width=\"800\" height=\"600\" src=\"https:\/\/enajus.org.br\/2022\/wp-content\/uploads\/2021\/12\/universidade-positivo.jpg\" alt=\"\" class=\"wp-image-742\" srcset=\"https:\/\/enajus.org.br\/2022\/wp-content\/uploads\/2021\/12\/universidade-positivo.jpg 800w, https:\/\/enajus.org.br\/2022\/wp-content\/uploads\/2021\/12\/universidade-positivo-400x300.jpg 400w, https:\/\/enajus.org.br\/2022\/wp-content\/uploads\/2021\/12\/universidade-positivo-768x576.jpg 768w, https:\/\/enajus.org.br\/2022\/wp-content\/uploads\/2021\/12\/universidade-positivo-300x225.jpg 300w, https:\/\/enajus.org.br\/2022\/wp-content\/uploads\/2021\/12\/universidade-positivo-16x12.jpg 16w\" sizes=\"(max-width: 800px) 85vw, 800px\" \/><\/figure>\n<\/div>\n\n\n\n<div class=\"is-layout-flow wp-block-column is-vertically-aligned-center\">\n<p>Date and venue<\/p>\n\n\n\n<h2>24<sup>th<\/sup> to 27<sup>th<\/sup> October<\/h2>\n\n\n\n<h3>Positivo University<\/h3>\n\n\n\n<p><em>Campus Ecoville<\/em><br><a rel=\"noreferrer noopener\" href=\"https:\/\/goo.gl\/maps\/BcP68KQCdyKc5s2w6\" data-type=\"URL\" data-id=\"https:\/\/goo.gl\/maps\/BcP68KQCdyKc5s2w6\" target=\"_blank\"><strong>R. Professor Pedro Viriato Parigot de Souza, 5300<br>Curitiba \u2013 PR CEP 81280-330<\/strong><\/a><\/p>\n\n\n\n<h5 class=\"hybrid-event\">Hybrid event<\/h5>\n\n\n\n<p class=\"simple-line\">Participation in the event of congressmen, authors and listeners residing in Brazil will be exclusively in person. Authors and listeners residing in other countries will be able to participate in the event remotely, as long as they request to participate in this format.<\/p>\n<\/div>\n<\/div>\n\n\n\n<p class=\"simple-line\"><\/p>","protected":false},"excerpt":{"rendered":"<p>Data e Local 24 a 27 de Outubro de 2022 Universidade Positivo Campus EcovilleR. Professor Pedro Viriato Parigot de Souza, 5300Curitiba \u2013 PR CEP 81280-330 Evento h\u00edbrido A participa\u00e7\u00e3o no evento de congressistas autores e ouvintes residentes no Brasil ser\u00e1 exclusivamente presencial. Congressistas autores e ouvintes residentes em outros pa\u00edses poder\u00e3o participar do evento de &hellip; <a href=\"https:\/\/enajus.org.br\/2022\/en\/local\/\" class=\"more-link\">Continue reading<span class=\"screen-reader-text\"> &#8220;Local&#8221;<\/span><\/a><\/p>","protected":false},"author":1,"featured_media":0,"parent":0,"menu_order":0,"comment_status":"closed","ping_status":"closed","template":"","meta":[],"acf":[],"_links":{"self":[{"href":"https:\/\/enajus.org.br\/2022\/en\/wp-json\/wp\/v2\/pages\/704"}],"collection":[{"href":"https:\/\/enajus.org.br\/2022\/en\/wp-json\/wp\/v2\/pages"}],"about":[{"href":"https:\/\/enajus.org.br\/2022\/en\/wp-json\/wp\/v2\/types\/page"}],"author":[{"embeddable":true,"href":"https:\/\/enajus.org.br\/2022\/en\/wp-json\/wp\/v2\/users\/1"}],"replies":[{"embeddable":true,"href":"https:\/\/enajus.org.br\/2022\/en\/wp-json\/wp\/v2\/comments?post=704"}],"version-history":[{"count":4,"href":"https:\/\/enajus.org.br\/2022\/en\/wp-json\/wp\/v2\/pages\/704\/revisions"}],"predecessor-version":[{"id":1068,"href":"https:\/\/enajus.org.br\/2022\/en\/wp-json\/wp\/v2\/pages\/704\/revisions\/1068"}],"wp:attachment":[{"href":"https:\/\/enajus.org.br\/2022\/en\/wp-json\/wp\/v2\/media?parent=704"}],"curies":[{"name":"wp","href":"https:\/\/api.w.org\/{rel}","templated":true}]}}