{"id":812,"date":"2022-01-27T14:06:40","date_gmt":"2022-01-27T17:06:40","guid":{"rendered":"https:\/\/enajus.org.br\/2022\/?page_id=812"},"modified":"2022-01-27T14:10:59","modified_gmt":"2022-01-27T17:10:59","slug":"tema-central-2022","status":"publish","type":"page","link":"https:\/\/enajus.org.br\/2022\/en\/tema-central-2022\/","title":{"rendered":"Main Theme 2022"},"content":{"rendered":"<p>EnAJUS 2022 has as its central theme the <strong>DIGITAL TRANSFORMATION AND THE ADMINISTRATION OF POST-COVID JUSTICE<\/strong>. The main theme signals to participants the importance of reflecting on the digital transition underway within justice organizations, accentuated during the period of the Covid-19 pandemic. In particular, it seeks to understand the constraints and impact of the progressive integration of new technologies, exploring the consequences of migration to remote mode and the use of new architectures, platforms and communication systems, in relation to issues such as access to justice, guarantee quality of decisions, right of defense, efficient management of resources, effectiveness of judicial policies, among other aspects. It is a space for fruitful debate about the structures and practices in use, seeking to encourage critical reflection on the emergence of new models of judicial service provision whose consequences for the Justice System and for society are still uncertain and, in this sense, lack of in-depth studies.<\/p>","protected":false},"excerpt":{"rendered":"<p>O EnAJUS 2022 tem como tema central a TRANSFORMA\u00c7\u00c3O DIGITAL E A ADMINISTRA\u00c7\u00c3O DA JUSTI\u00c7A P\u00d3S-COVID. O tema central sinaliza aos participantes a import\u00e2ncia da reflex\u00e3o sobre a transi\u00e7\u00e3o digital em curso no \u00e2mbito de organiza\u00e7\u00f5es da justi\u00e7a, acentuada durante o per\u00edodo da pandemia da Covid-19. Em especial, procura-se compreender os condicionantes e impacto da &hellip; <a href=\"https:\/\/enajus.org.br\/2022\/en\/tema-central-2022\/\" class=\"more-link\">Continue reading<span class=\"screen-reader-text\"> &#8220;Tema Central 2022&#8221;<\/span><\/a><\/p>","protected":false},"author":8,"featured_media":0,"parent":0,"menu_order":0,"comment_status":"closed","ping_status":"closed","template":"","meta":[],"acf":[],"_links":{"self":[{"href":"https:\/\/enajus.org.br\/2022\/en\/wp-json\/wp\/v2\/pages\/812"}],"collection":[{"href":"https:\/\/enajus.org.br\/2022\/en\/wp-json\/wp\/v2\/pages"}],"about":[{"href":"https:\/\/enajus.org.br\/2022\/en\/wp-json\/wp\/v2\/types\/page"}],"author":[{"embeddable":true,"href":"https:\/\/enajus.org.br\/2022\/en\/wp-json\/wp\/v2\/users\/8"}],"replies":[{"embeddable":true,"href":"https:\/\/enajus.org.br\/2022\/en\/wp-json\/wp\/v2\/comments?post=812"}],"version-history":[{"count":0,"href":"https:\/\/enajus.org.br\/2022\/en\/wp-json\/wp\/v2\/pages\/812\/revisions"}],"wp:attachment":[{"href":"https:\/\/enajus.org.br\/2022\/en\/wp-json\/wp\/v2\/media?parent=812"}],"curies":[{"name":"wp","href":"https:\/\/api.w.org\/{rel}","templated":true}]}}