{"id":824,"date":"2022-02-02T11:13:59","date_gmt":"2022-02-02T14:13:59","guid":{"rendered":"https:\/\/enajus.org.br\/2022\/?page_id=824"},"modified":"2022-02-02T11:19:14","modified_gmt":"2022-02-02T14:19:14","slug":"temas-de-interesse","status":"publish","type":"page","link":"https:\/\/enajus.org.br\/2022\/en\/temas-de-interesse\/","title":{"rendered":"Conference tracks"},"content":{"rendered":"<p>The conference tracks for EnAJUS 2022 are varied and are open to the reception of empirical, theoretical, doctrinal and comparative works prepared by the academic and professional community. New methodologies and interdisciplinary approaches are encouraged.<\/p>\n\n\n\n<p>The topics of interest for EnAJUS 2022 are as follows:<\/p>\n\n\n\n<ul><li>Administration of Justice and its influence on the law, and public and private organizations; <\/li><li>Education, professionalization, and citizenship in justice systems; <\/li><li>Policy and jurisdictional boundaries; <\/li><li>Digital transformation, cyberspace and new information technologies in Justice; <\/li><li>Metrics of justice, management of legal information and legal design applied to the administration of Justice; <em>legal design<\/em> aplicados \u00e0 administra\u00e7\u00e3o da justi\u00e7a; <\/li><li>Governance and legitimacy in justice systems; <\/li><li>Innovation and performance in justice organizations; <\/li><li>Other topics related to the Administration of Justice.<\/li><\/ul>","protected":false},"excerpt":{"rendered":"<p>Os temas de interesse para o EnAJUS 2022 s\u00e3o variados e est\u00e3o abertos \u00e0 recep\u00e7\u00e3o de trabalhos emp\u00edricos, te\u00f3ricos, doutrin\u00e1rios e comparativos elaborados pela comunidade acad\u00eamica e profissional. Novas metodologias e abordagens interdisciplinares s\u00e3o incentivadas. Os temas de interesse s\u00e3o os seguintes: Administra\u00e7\u00e3o da justi\u00e7a e sua influ\u00eancia sobre organiza\u00e7\u00f5es p\u00fablicas e privadas; Educa\u00e7\u00e3o, profissionaliza\u00e7\u00e3o &hellip; <a href=\"https:\/\/enajus.org.br\/2022\/en\/temas-de-interesse\/\" class=\"more-link\">Continue reading<span class=\"screen-reader-text\"> &#8220;Temas de interesse&#8221;<\/span><\/a><\/p>","protected":false},"author":8,"featured_media":0,"parent":0,"menu_order":0,"comment_status":"closed","ping_status":"closed","template":"","meta":[],"acf":[],"_links":{"self":[{"href":"https:\/\/enajus.org.br\/2022\/en\/wp-json\/wp\/v2\/pages\/824"}],"collection":[{"href":"https:\/\/enajus.org.br\/2022\/en\/wp-json\/wp\/v2\/pages"}],"about":[{"href":"https:\/\/enajus.org.br\/2022\/en\/wp-json\/wp\/v2\/types\/page"}],"author":[{"embeddable":true,"href":"https:\/\/enajus.org.br\/2022\/en\/wp-json\/wp\/v2\/users\/8"}],"replies":[{"embeddable":true,"href":"https:\/\/enajus.org.br\/2022\/en\/wp-json\/wp\/v2\/comments?post=824"}],"version-history":[{"count":0,"href":"https:\/\/enajus.org.br\/2022\/en\/wp-json\/wp\/v2\/pages\/824\/revisions"}],"wp:attachment":[{"href":"https:\/\/enajus.org.br\/2022\/en\/wp-json\/wp\/v2\/media?parent=824"}],"curies":[{"name":"wp","href":"https:\/\/api.w.org\/{rel}","templated":true}]}}