{"id":830,"date":"2022-02-02T11:23:21","date_gmt":"2022-02-02T14:23:21","guid":{"rendered":"https:\/\/enajus.org.br\/2022\/?page_id=830"},"modified":"2022-07-01T14:46:13","modified_gmt":"2022-07-01T17:46:13","slug":"submissoes","status":"publish","type":"page","link":"https:\/\/enajus.org.br\/2022\/submissoes\/","title":{"rendered":"Submiss\u00f5es"},"content":{"rendered":"\n<p class=\"has-text-align-center\" style=\"margin-bottom:2rem\"><a href=\"https:\/\/doity.com.br\/enajus2022\/artigos?modelo=3120#m\" class=\"btn\">Submeter agora<\/a><\/p>\n\n\n\n<p>O EnAJUS 2022 aceitar\u00e1 submiss\u00f5es dos seguintes tipos de trabalhos, que devem ter ader\u00eancia a um ou mais temas de interesse do evento:<\/p>\n\n\n\n<ol type=\"a\"><li><strong>Trabalho emp\u00edrico<\/strong>, contendo resultados de pesquisa emp\u00edrica conclu\u00edda ou em desenvolvimento;<\/li><li><strong>Ensaio te\u00f3rico<\/strong>, apresentando uma discuss\u00e3o articulada de conceitos e teorias, com proposi\u00e7\u00f5es que avancem o conhecimento acumulado; ou<\/li><li><strong>Relat\u00f3rio t\u00e9cnico<\/strong> de experi\u00eancias de implementa\u00e7\u00e3o de boas pr\u00e1ticas de gest\u00e3o ou mudan\u00e7as em processos de trabalho, descrevendo uma experi\u00eancia e suas implica\u00e7\u00f5es pr\u00e1ticas.<\/li><\/ol>\n\n\n\n<p>Os trabalhos ser\u00e3o submetidos em duas etapas. <strong>Na primeira<\/strong>, o autor submeter\u00e1 um <strong>resumo expandido<\/strong>, <strong>contendo entre 900 e 1.100 palavras<\/strong>. <strong>Na segunda<\/strong> <strong>etapa<\/strong> o autor cujo resumo tenha sido aprovado, submeter\u00e1 o respectivo <strong>trabalho completo<\/strong>, com o seguinte tamanho: a) <strong>trabalho emp\u00edrico <\/strong>e <strong>ensaio te\u00f3rico<\/strong>, contendo <strong>entre 5.000 e 8.000 palavras<\/strong>; e b) <strong>relat\u00f3rio t\u00e9cnico<\/strong>, contendo <strong>entre 3.000 e 5.000 palavras<\/strong>. <strong>A contagem de palavras considera todo o conte\u00fado, desde o t\u00edtulo at\u00e9 as refer\u00eancias, ap\u00eandices e notas de fim de texto<\/strong>.<\/p>\n\n\n\n<p>Os resumos e trabalhos completos submetidos dever\u00e3o respeitar as seguintes caracter\u00edsticas:<\/p>\n\n\n\n<ol type=\"a\"><li>Fonte Times New Roman 12, espa\u00e7o simples entre linhas, e margens: superior e esquerda: 3 cm; inferior e direita: 2 cm;<\/li><li><strong>Notas de rodap\u00e9 devem ser evitadas<\/strong>. Notas de final de texto devem se restringir ao m\u00ednimo necess\u00e1rio;<\/li><li>Cita\u00e7\u00f5es e figuras, bem como a lista de refer\u00eancias e outros elementos p\u00f3s-textuais, devem seguir as especifica\u00e7\u00f5es da <em>American Psychology Association<\/em> (APA);<\/li><li>N\u00famero m\u00e1ximo de cinco autores por trabalho;<\/li><li>Reda\u00e7\u00e3o em Portugu\u00eas, Ingl\u00eas ou Espanhol.<\/li><\/ol>\n\n\n\n<p class=\"has-medium-font-size\"><strong>Submiss\u00e3o de trabalhos<\/strong><\/p>\n\n\n\n<p><strong>Resumos expandidos<\/strong>. Cada autor pode submeter no m\u00e1ximo tr\u00eas resumos, independentemente do tipo do manuscrito e posi\u00e7\u00e3o de autoria. Para submeter o resumo, o autor deve acessar o sistema de submiss\u00e3o no seguinte endere\u00e7o URL: <a href=\"https:\/\/enajus.org.br\/2022\/submissoes\">https:\/\/enajus.org.br\/2022\/submissoes<\/a>. No momento da submiss\u00e3o, o autor indicar\u00e1 o tipo de trabalho (artigo emp\u00edrico, ensaio te\u00f3rico ou relat\u00f3rio t\u00e9cnico). A autoria deve ser inclu\u00edda apenas no formul\u00e1rio de submiss\u00e3o, incluindo a identifica\u00e7\u00e3o dos autores (nome, e-mail e afilia\u00e7\u00e3o institucional). <strong>Autores n\u00e3o devem ser identificados no corpo do resumo, a fim de garantir o anonimato do processo de avalia\u00e7\u00e3o<\/strong>.<\/p>\n\n\n\n<p><strong>Trabalhos completos: <\/strong>Para os casos em que o resumo expandido for selecionado para apresenta\u00e7\u00e3o, dever\u00e1 o autor realizar, na \u00e9poca pr\u00f3pria, a submiss\u00e3o do trabalho completo, <strong>em formato PDF<\/strong>, livre de senha de qualquer natureza.O trabalho completo, no formato de trabalho final ou em andamento, corresponde ao conte\u00fado de pesquisa emp\u00edrica, de ensaio te\u00f3rico ou de relat\u00f3rio t\u00e9cnico, cujo resumo fora aprovado previamente. A submiss\u00e3o deve ser realizada de acordo com as diretrizes especificadas neste documento.<\/p>\n\n\n\n<p>O arquivo do trabalho completo, <strong>a ser submetido somente nos casos dos resumos previamente selecionados<\/strong>, deve atender os padr\u00f5es estabelecidos para cada tipo de trabalho e ter o seguinte conte\u00fado:<\/p>\n\n\n\n<ol type=\"a\"><li>T\u00edtulo (<strong>id\u00eantico ao t\u00edtulo do resumo expandido previamente selecionado<\/strong>), resumo e palavras-chave no idioma original do texto e, sempre que necess\u00e1rio, em ingl\u00eas.<ul><li>O t\u00edtulo deve ter at\u00e9 12 palavras, definindo de forma resumida o conte\u00fado do trabalho. A primeira letra de cada palavra deve ser mai\u00fascula, exceto artigos e preposi\u00e7\u00f5es;<\/li><li>Resumo, <em>abstract<\/em> e\/ou <em>resumem<\/em> com at\u00e9 250 palavras;<\/li><li>Palavras-chave, <em>keywords<\/em>, e\/ou <em>palabras clave<\/em> no m\u00e1ximo de cinco, separadas por ponto-e-v\u00edrgula.<\/li><\/ul><\/li><li>Autoria (nome completo e afilia\u00e7\u00e3o de cada autor)<\/li><li>Tema de interesse (conforme temas apresentados no item 3);<\/li><li>Conte\u00fado do trabalho propriamente dito, iniciando com a Introdu\u00e7\u00e3o, na primeira p\u00e1gina;<\/li><li>Refer\u00eancias;<\/li><li>Ap\u00eandices, anexos e notas de fim de texto.<\/li><\/ol>\n\n\n\n<p class=\"has-medium-font-size\"><strong>Avalia\u00e7\u00e3o dos resumos expandidos<\/strong><\/p>\n\n\n\n<p>A avalia\u00e7\u00e3o dos resumos expandidos ser\u00e1 realizada por especialistas escolhidos pelo Comit\u00ea Organizador do EnAJUS 2022, por meio de processo de revis\u00e3o duplo-cego (<em>double-blind review<\/em>). Essa avalia\u00e7\u00e3o levar\u00e1 em conta o tipo de texto submetido (trabalho emp\u00edrico, ensaio te\u00f3rico ou relat\u00f3rio t\u00e9cnico) e os seguintes itens: a) ader\u00eancia ao evento e ao tema, b) clareza e objetividade na formula\u00e7\u00e3o do objetivo, c) contribui\u00e7\u00e3o para o avan\u00e7o do conhecimento e\/ou para a pr\u00e1tica, d) fluidez, articula\u00e7\u00e3o de conceitos, temas e coer\u00eancia interna do texto e, e) fundamenta\u00e7\u00e3o e alcance das conclus\u00f5es.<\/p>\n\n\n\n<p class=\"has-text-align-center\" style=\"margin-bottom:2rem\"><a href=\"https:\/\/doity.com.br\/enajus2022\/artigos?modelo=3120#m\" class=\"btn\">Submeter agora<\/a><\/p>\n","protected":false},"excerpt":{"rendered":"<p>Submeter agora O EnAJUS 2022 aceitar\u00e1 submiss\u00f5es dos seguintes tipos de trabalhos, que devem ter ader\u00eancia a um ou mais temas de interesse do evento: Trabalho emp\u00edrico, contendo resultados de pesquisa emp\u00edrica conclu\u00edda ou em desenvolvimento; Ensaio te\u00f3rico, apresentando uma discuss\u00e3o articulada de conceitos e teorias, com proposi\u00e7\u00f5es que avancem o conhecimento acumulado; ou Relat\u00f3rio &hellip; <a href=\"https:\/\/enajus.org.br\/2022\/submissoes\/\" class=\"more-link\">Continue reading<span class=\"screen-reader-text\"> &#8220;Submiss\u00f5es&#8221;<\/span><\/a><\/p>\n","protected":false},"author":8,"featured_media":0,"parent":0,"menu_order":0,"comment_status":"closed","ping_status":"closed","template":"","meta":[],"acf":[],"_links":{"self":[{"href":"https:\/\/enajus.org.br\/2022\/wp-json\/wp\/v2\/pages\/830"}],"collection":[{"href":"https:\/\/enajus.org.br\/2022\/wp-json\/wp\/v2\/pages"}],"about":[{"href":"https:\/\/enajus.org.br\/2022\/wp-json\/wp\/v2\/types\/page"}],"author":[{"embeddable":true,"href":"https:\/\/enajus.org.br\/2022\/wp-json\/wp\/v2\/users\/8"}],"replies":[{"embeddable":true,"href":"https:\/\/enajus.org.br\/2022\/wp-json\/wp\/v2\/comments?post=830"}],"version-history":[{"count":0,"href":"https:\/\/enajus.org.br\/2022\/wp-json\/wp\/v2\/pages\/830\/revisions"}],"wp:attachment":[{"href":"https:\/\/enajus.org.br\/2022\/wp-json\/wp\/v2\/media?parent=830"}],"curies":[{"name":"wp","href":"https:\/\/api.w.org\/{rel}","templated":true}]}}