{"id":950,"date":"2022-07-01T14:43:45","date_gmt":"2022-07-01T17:43:45","guid":{"rendered":"https:\/\/enajus.org.br\/2022\/?page_id=950"},"modified":"2022-09-15T20:52:40","modified_gmt":"2022-09-15T23:52:40","slug":"orientacoes","status":"publish","type":"page","link":"https:\/\/enajus.org.br\/2022\/orientacoes\/","title":{"rendered":"Orienta\u00e7\u00f5es"},"content":{"rendered":"\n<h2>I &#8211; REALIZA\u00c7\u00c3O DE INSCRI\u00c7\u00c3O<\/h2>\n\n\n\n<p>Autores de resumos aprovados e que submeteram os respectivos trabalhos completos para apresenta\u00e7\u00e3o no EnAJUS 2022 devem fazer sua <strong>inscri\u00e7\u00e3o at\u00e9 o dia 20\/09\/22<\/strong>.<\/p>\n\n\n\n<p>Escolha a modalidade de inscri\u00e7\u00e3o apropriada para o seu perfil:<\/p>\n\n\n\n<h4><strong>PARTICIPA\u00c7\u00c3O PRESENCIAL EM CURITIBA, PARAN\u00c1<\/strong><strong><\/strong><\/h4>\n\n\n\n<ul><li><strong>MODALIDADE 1 &#8211; Congressista N\u00e3o Estudante<\/strong> &#8211; Essa modalidade de inscri\u00e7\u00e3o \u00e9 destinada a autores e coautores de trabalhos aprovados, bem como ao p\u00fablico em geral que n\u00e3o seja estudante. Se voc\u00ea \u00e9 autor ou coautor de trabalho aprovado e estudante, utilize a Modalidade 2.<\/li><\/ul>\n\n\n\n<ul><li><strong>MODALIDADE 2 &#8211; Congressista Estudante<\/strong> &#8211; Essa modalidade de inscri\u00e7\u00e3o \u00e9 destina a autores e coautores de trabalhos aprovados, bem como ao p\u00fablico em geral que seja estudante.<\/li><\/ul>\n\n\n\n<h4><strong>Confira os benef\u00edcios da inscri\u00e7\u00e3o de autores nas Modalidades 1 e 2.<\/strong><\/h4>\n\n\n\n<ul><li>acompanhar toda a programa\u00e7\u00e3o do evento, incluindo o acesso \u00e0 palestra de abertura, todas as sess\u00f5es tem\u00e1ticas e todos os pain\u00e9is (mesas-redondas)<\/li><li>inscri\u00e7\u00e3o gratuita em um minicurso (sujeita \u00e0 disponibilidade de vagas). Obs.: no ato da inscri\u00e7\u00e3o completa, voc\u00ea poder\u00e1 indicar qual o minicurso que deseja se inscrever gratuitamente.<\/li><li>certificado de participa\u00e7\u00e3o (com indica\u00e7\u00e3o de carga hor\u00e1ria)<\/li><\/ul>\n\n\n\n<p><strong>Autores ou coautores de trabalhos aprovados no EnAJUS, ter\u00e3o direito ainda a:<\/strong><strong><\/strong><\/p>\n\n\n\n<ul><li>certificado de apresenta\u00e7\u00e3o de trabalho (se apresentado na sess\u00e3o tem\u00e1tica)<\/li><li>men\u00e7\u00e3o honrosa (se o trabalho for escolhido entre os melhores de cada tema do EnAJUS)<\/li><li>inclus\u00e3o do trabalho completo ou do resumo expandido nos anais do EnAJUS,&nbsp;<\/li><li>inclus\u00e3o da apresenta\u00e7\u00e3o na biblioteca virtual do evento<\/li><\/ul>\n\n\n\n<p>*O valor da inscri\u00e7\u00e3o \u00e9 cobrado em real (R$). Os pagamentos realizados internacionalmente, ter\u00e3o o valor convertido para a moeda local do comprador.<\/p>\n\n\n\n<h2>II &#8211; SESS\u00d5ES DE APRESENTA\u00c7\u00c3O DE TRABALHOS<\/h2>\n\n\n\n<p>Autores de resumos selecionados para apresenta\u00e7\u00e3o no <strong>EnAJUS 2022<\/strong> devem submeter os trabalhos completos, ou em est\u00e1gio avan\u00e7ado de desenvolvimento, <strong>at\u00e9 20 de setembro de 2022<\/strong>, conforme orienta\u00e7\u00f5es e modelo dispon\u00edveis no site do evento.<\/p>\n\n\n\n<p>Para submiss\u00e3o, clique no bot\u00e3o abaixo:<\/p>\n\n\n\n<p class=\"has-text-align-center\" style=\"margin-bottom:2rem\"><a href=\"https:\/\/doity.com.br\/enajus2022\/artigos?modelo=3120#m\" class=\"btn\">Submeter agora<\/a><\/p>\n\n\n\n<h2>III &#8211; ORIENTA\u00c7\u00d5ES GERAIS PARA A PARTICIPA\u00c7\u00c3O NO ENAJUS 2022<\/h2>\n\n\n\n<ul><li>As <em>Sess\u00f5es de Apresenta\u00e7\u00e3o de Trabalhos<\/em> ser\u00e3o presenciais, na Universidade Positivo, cidade de Curitiba, Paran\u00e1.<\/li><li>Os autores dever\u00e3o informar a modalidade de participa\u00e7\u00e3o no evento (presencial) no ato da inscri\u00e7\u00e3o e no formul\u00e1rio de submiss\u00e3o dos trabalhos.<\/li><li>A agenda de sess\u00f5es ser\u00e1 entre os dias 24, 25 e 26 de outubro de 2022. A grade detalhada ser\u00e1 disponibilizada no dia <strong>30\/09\/2022<\/strong>, no site do ENAJUS 2021: <a href=\"https:\/\/enajus.org.br\/2022\/\">https:\/\/enajus.org.br\/2022\/<\/a><\/li><li>Cada sess\u00e3o ter\u00e1 a apresenta\u00e7\u00e3o de tr\u00eas ou quatro trabalhos e ser\u00e1 conduzida por moderador\/debatedor convidado.<\/li><li>As <em>Sess\u00f5es de Apresenta\u00e7\u00e3o de Trabalhos<\/em> ter\u00e3o dura\u00e7\u00e3o de 2 horas, sendo 15 minutos o tempo para apresenta\u00e7\u00e3o de cada trabalho.<\/li><li>Cada trabalho dever\u00e1 ser apresentado por um \u00fanico autor\/coautor.<\/li><\/ul>\n\n\n\n<h2>IV &#8211; D\u00daVIDAS<\/h2>\n\n\n\n<p>D\u00favidas em rela\u00e7\u00e3o ao evento, entre em contato pelo e-mail <a href=\"mailto:enajus@ajus.org.br\">enajus@ajus.org.br<\/a>.<\/p>\n","protected":false},"excerpt":{"rendered":"<p>I &#8211; REALIZA\u00c7\u00c3O DE INSCRI\u00c7\u00c3O Autores de resumos aprovados e que submeteram os respectivos trabalhos completos para apresenta\u00e7\u00e3o no EnAJUS 2022 devem fazer sua inscri\u00e7\u00e3o at\u00e9 o dia 20\/09\/22. Escolha a modalidade de inscri\u00e7\u00e3o apropriada para o seu perfil: PARTICIPA\u00c7\u00c3O PRESENCIAL EM CURITIBA, PARAN\u00c1 MODALIDADE 1 &#8211; Congressista N\u00e3o Estudante &#8211; Essa modalidade de inscri\u00e7\u00e3o &hellip; <a href=\"https:\/\/enajus.org.br\/2022\/orientacoes\/\" class=\"more-link\">Continue reading<span class=\"screen-reader-text\"> &#8220;Orienta\u00e7\u00f5es&#8221;<\/span><\/a><\/p>\n","protected":false},"author":1,"featured_media":0,"parent":0,"menu_order":0,"comment_status":"closed","ping_status":"closed","template":"","meta":[],"acf":[],"_links":{"self":[{"href":"https:\/\/enajus.org.br\/2022\/wp-json\/wp\/v2\/pages\/950"}],"collection":[{"href":"https:\/\/enajus.org.br\/2022\/wp-json\/wp\/v2\/pages"}],"about":[{"href":"https:\/\/enajus.org.br\/2022\/wp-json\/wp\/v2\/types\/page"}],"author":[{"embeddable":true,"href":"https:\/\/enajus.org.br\/2022\/wp-json\/wp\/v2\/users\/1"}],"replies":[{"embeddable":true,"href":"https:\/\/enajus.org.br\/2022\/wp-json\/wp\/v2\/comments?post=950"}],"version-history":[{"count":1,"href":"https:\/\/enajus.org.br\/2022\/wp-json\/wp\/v2\/pages\/950\/revisions"}],"predecessor-version":[{"id":1132,"href":"https:\/\/enajus.org.br\/2022\/wp-json\/wp\/v2\/pages\/950\/revisions\/1132"}],"wp:attachment":[{"href":"https:\/\/enajus.org.br\/2022\/wp-json\/wp\/v2\/media?parent=950"}],"curies":[{"name":"wp","href":"https:\/\/api.w.org\/{rel}","templated":true}]}}