{"id":969,"date":"2022-07-08T17:23:32","date_gmt":"2022-07-08T20:23:32","guid":{"rendered":"https:\/\/enajus.org.br\/2022\/?page_id=969"},"modified":"2022-07-08T19:32:32","modified_gmt":"2022-07-08T22:32:32","slug":"hoteis","status":"publish","type":"page","link":"https:\/\/enajus.org.br\/2022\/hoteis\/","title":{"rendered":"Hot\u00e9is"},"content":{"rendered":"\n<h2>Indica\u00e7\u00e3o de hot\u00e9is parceiros do EnAJUS 2022<\/h2>\n\n\n\n<p>Tarifas v\u00e1lidas para hospedagem dos participantes do <strong>ENAJUS 2022<\/strong> de 24 A 27\/10\/2022, na <strong>Rede Slaviero<\/strong>.<\/p>\n\n\n\n<p>Na solicita\u00e7\u00e3o da reserva, deve-se indicar que os hospedes s\u00e3o participantes do <strong>Congresso ENAJUS<\/strong>, que ocorrer\u00e1 de 24 a 27 de outubro, para que a Central de Reservas direcione a tarifa especial.<\/p>\n\n\n\n<p>As reservas devem ser efetuadas pelo telefone <strong>4000-1100<\/strong> (para capitais e regi\u00f5es metropolitanas) ou <strong>0800 704 3311<\/strong> (demais regi\u00f5es) ou ainda, pelo e-mail\u00a0<a rel=\"noreferrer noopener\" href=\"mailto:reservas@slavierohoteis.com.br\" target=\"_blank\">reservas@slavierohoteis.com.br<\/a><\/p>\n\n\n\n<h3 class=\"has-text-align-center\" style=\"margin-top:2rem\">GRUPO ADES\u00c3O \u2013 CONGRESSO ENAJUS-DE 24 A 27\/10\/2022<\/h3>\n\n\n\n<style>\n.table {\nmin-width:auto;\n}\n.table.text-center td,\n.table.text-center th {\n   text-align: center;   \n}\n<\/style>\n<div style='overflow-x:auto'>\n<table class=\"table table-bordered text-center\">\n\t<thead>\n\t  <tr>\n\t\t<td colspan=\"4\" ><h3 class=\"mb-0\">Hot\u00e9is Bandeira Collection<\/h3>Atmosfera tem\u00e1tica, eleg\u00e2ncia, sofistica\u00e7\u00e3o eservi\u00e7os diferenciados. Os ambientes e o atendimento s\u00e3o preparados para transformarsua estada em um momento inesquec\u00edvel.<\/td>\n\t  <\/tr>\n\t<\/thead>\n\t<tbody>\n\t  <tr>\n\t\t<td colspan=\"4\"><strong>FULL JAZZ BY SLAVIERO HOTEIS<\/strong><br>Rua Silveira Peixoto, 1.297 \u2013 Batel &#8211; Cep: 80.240-120\/Curitiba \u2013 PR.<\/td>\n\t  <\/tr>\n\t  <tr>\n\t\t<td colspan=\"2\">Categoria<br>LOCALIZADOR: <span style=\"color:#c00;\">75339<\/span><\/td>\n\t\t<td>Tarifa Dispon\u00edvel<\/td>\n\t\t<td>Taxas<\/td>\n\t  <\/tr>\n\t  <tr>\n\t\t<td rowspan=\"2\"> LUXO<\/td>\n\t\t<td>SGL<\/td>\n\t\t<td>R$ 274,40<\/td>\n\t\t<td rowspan=\"2\"> 5% de ISS<\/td>\n\t  <\/tr>\n\t  <tr>\n\t\t<td>DBL<\/td>\n\t\t<td>R$ 318,00<\/td>\n\t  <\/tr>\n\t  <tr>\n\t\t<td colspan=\"4\"><strong>ROCKEFELLER BY SLAVIERO HOTEIS<\/strong><br>Rua Rockefeller, 11 &#8211; Rebou\u00e7as &#8211; Cep: 80.230-000\/ Curitiba \u2013 PR.<\/td>\n\t  <\/tr>\n\t  <tr>\n\t\t<td colspan=\"2\">Categoria<br>LOCALIZADOR: <span style=\"color:#c00;\">75340<\/span><\/td>\n\t\t<td>Tarifa Dispon\u00edvel<\/td>\n\t\t<td>Taxas<\/td>\n\t  <\/tr>\n\t  <tr>\n\t\t<td rowspan=\"2\"> LUXO<\/td>\n\t\t<td>SGL<\/td>\n\t\t<td>R$ 213,35<\/td>\n\t\t<td rowspan=\"2\"> 5% de ISS<\/td>\n\t  <\/tr>\n\t  <tr>\n\t\t<td>DBL<\/td>\n\t\t<td>R$ 239,00<\/td>\n\t  <\/tr>\n\t<\/tbody>\n<\/table>\n<\/div>\n\n\n\n<div style='overflow-x:auto'>\n<table class=\"table table-bordered text-center\">\n\t<thead>\n\t\t<tr>\n\t\t\t<td colspan=\"4\"><h3 class=\"mb-0\">Hot\u00e9is Bandeira Essential<\/h3>Hot\u00e9is que oferecem a estrutura necess\u00e1ria paraque o h\u00f3spede possa\n\t\t\t\tmanter sua rotina longe de casa. \u00c9 destinado a pessoas queviajam a neg\u00f3cio ou a lazer e buscam\n\t\t\t\tlocaliza\u00e7\u00f5es estrat\u00e9gicas e mais servi\u00e7os.<\/td>\n\t\t<\/tr>\n\t<\/thead>\n\t<tbody>\n\t\t<tr>\n\t\t\t<td colspan=\"4\"><strong>SLAVIERO ESSENTIAL CENTRO<\/strong><br>Rua Senador Alencar Guimar\u00e3es, 50 &#8211; Centro Cep:80010-070 \/\n\t\t\t\tCuritiba \u2013 PR.<\/td>\n\t\t<\/tr>\n\t\t<tr>\n\t\t\t<td colspan=\"2\">Categoria<br>LOCALIZADOR: <span style=\"color:#c00;\">75344<\/span><\/td>\n\t\t\t<td>Tarifa Dispon\u00edvel<\/td>\n\t\t\t<td>Taxas<\/td>\n\t\t<\/tr>\n\t\t<tr>\n\t\t\t<td rowspan=\"2\"> LUXO<\/td>\n\t\t\t<td>SGL<\/td>\n\t\t\t<td>R$ 216,00<\/td>\n\t\t\t<td rowspan=\"2\"> 5% de ISS<\/td>\n\t\t<\/tr>\n\t\t<tr>\n\t\t\t<td>DBL<\/td>\n\t\t\t<td>R$ 246,00<\/td>\n\t\t<\/tr>\n\t\t<tr>\n\t\t\t<td colspan=\"4\"><strong>SLAVIERO ESSENTIAL BATEL<\/strong><br>Avenida Visconde de Guarapuava, 4069 &#8211; BatelCep: 80.250-220 \/\n\t\t\t\tCuritiba \u2013 PR.<\/td>\n\t\t<\/tr>\n\t\t<tr>\n\t\t\t<td colspan=\"2\">Categoria<br>LOCALIZADOR: <span style=\"color:#c00;\">75342<\/span><\/td>\n\t\t\t<td>Tarifa Dispon\u00edvel<\/td>\n\t\t\t<td>Taxas<\/td>\n\t\t<\/tr>\n\t\t<tr>\n\t\t\t<td rowspan=\"2\">LUXO<\/td>\n\t\t\t<td>SGL<\/td>\n\t\t\t<td>R$ 207,40<\/td>\n\t\t\t<td rowspan=\"2\">5% de ISS<\/td>\n\t\t<\/tr>\n\t\t<tr>\n\t\t\t<td>DBL<\/td>\n\t\t\t<td>R$ 233,00<\/td>\n\t\t<\/tr>\n\t\t<tr>\n\t\t\t<td colspan=\"4\"><strong>SLAVIERO ESSENTIAL SHOPPING<\/strong><br>Rua Doutor Pedrosa, 208 &#8211; Batel Cep: 80.420-120\/ Curitiba \u2013 PR.\n\t\t\t<\/td>\n\t\t<\/tr>\n\t\t<tr>\n\t\t\t<td colspan=\"2\">Categoria<br>LOCALIZADOR: <span style=\"color:#c00;\">75343<\/span><\/td>\n\t\t\t<td>Tarifa Dispon\u00edvel<\/td>\n\t\t\t<td>Taxas<\/td>\n\t\t<\/tr>\n\t\t<tr>\n\t\t\t<td rowspan=\"2\">LUXO<\/td>\n\t\t\t<td>SGL<\/td>\n\t\t\t<td>R$ 172,00<\/td>\n\t\t\t<td rowspan=\"2\">5% de ISS<\/td>\n\t\t<\/tr>\n\t\t<tr>\n\t\t\t<td>DBL<\/td>\n\t\t\t<td>R$ 197,20<\/td>\n\t\t<\/tr>\n\t<\/tbody>\n<\/table>\n<\/div>\n<div style='overflow-x:auto'>\n<table class=\"table table-bordered text-center\">\n\t<thead>\n\t\t<tr>\n\t\t\t<td colspan=\"4\"><h3 class=\"mb-0\">Hot\u00e9is Bandeira Slim<\/h3>Hot\u00e9is de curta estada que oferecempraticidade, objetividade e melhor\n\t\t\t\tcusto benef\u00edcio. Aqui voc\u00ea ir\u00e1 encontrar internetwireless, restaurante, quartos confort\u00e1veis e caf\u00e9 da\n\t\t\t\tmanh\u00e3.<\/td>\n\t\t<\/tr>\n\t<\/thead>\n\t<tbody>\n\t\t<tr>\n\t\t\t<td colspan=\"4\"><strong>SLAVIERO SLIM JO\u00c3O BETTEGA<\/strong><br>Rua Jo\u00e3o Bettega, 864 &#8211; Port\u00e3o cep: 80610-270\/Curitiba \u2013 PR<\/td>\n\t\t<\/tr>\n\t\t<tr>\n\t\t\t<td colspan=\"2\">Categoria<br>LOCALIZADOR: <span style=\"color:#c00;\">75345<\/span><\/td>\n\t\t\t<td>Tarifa Dispon\u00edvel<\/td>\n\t\t\t<td>Taxas<\/td>\n\t\t<\/tr>\n\t\t<tr>\n\t\t\t<td rowspan=\"2\">STANDARD<\/td>\n\t\t\t<td>SGL<\/td>\n\t\t\t<td>R$ 157,25<\/td>\n\t\t\t<td rowspan=\"2\">5% de ISS<\/td>\n\t\t<\/tr>\n\t\t<tr>\n\t\t\t<td>DBL<\/td>\n\t\t\t<td>R$ 174,25<\/td>\n\t\t<\/tr>\n\t\t<tr>\n\t\t\t<td colspan=\"4\"><strong>SLAVIERO SLIM ALTO DA XV<\/strong><br>Rua Conselheiro Araujo, 435 \u2013 Alto da XV cep:80.060-230\/ Curitiba \u2013\n\t\t\t\tPR<\/td>\n\t\t<\/tr>\n\t\t<tr>\n\t\t\t<td colspan=\"2\">Categoria<br>LOCALIZADOR: <span style=\"color:#c00;\">75346<\/span><\/td>\n\t\t\t<td>Tarifa Especial<\/td>\n\t\t\t<td>Taxas<\/td>\n\t\t<\/tr>\n\t\t<tr>\n\t\t\t<td rowspan=\"2\">STANDARD<\/td>\n\t\t\t<td>SGL<\/td>\n\t\t\t<td>R$ 156,00<\/td>\n\t\t\t<td rowspan=\"2\">5% de ISS<\/td>\n\t\t<\/tr>\n\t\t<tr>\n\t\t\t<td>DBL<\/td>\n\t\t\t<td>R$ 181,05<\/td>\n\t\t<\/tr>\n\t\t<tr>\n\t\t\t<td colspan=\"4\"><strong>SLAVIERO AV DAS TORRES<\/strong><br>Rua Deputado Miguel Buffara, 88 \u2013 Jardim dasAm\u00e9ricas cep: 81520-090 \/\n\t\t\t\tCuritiba \u2013 PR<\/td>\n\t\t<\/tr>\n\t\t<tr>\n\t\t\t<td colspan=\"2\">Categoria<br>LOCALIZADOR: <span style=\"color:#c00;\">75347<\/span><\/td>\n\t\t\t<td>Tarifa Especial<\/td>\n\t\t\t<td>Taxas<\/td>\n\t\t<\/tr>\n\t\t<tr>\n\t\t\t<td rowspan=\"2\"> STANDARD<\/td>\n\t\t\t<td>SGL<\/td>\n\t\t\t<td>R$ 157,25<\/td>\n\t\t\t<td rowspan=\"2\">5% de ISS<\/td>\n\t\t<\/tr>\n\t\t<tr>\n\t\t\t<td>DBL<\/td>\n\t\t\t<td>R$ 174,25<\/td>\n\t\t<\/tr>\n\t<\/tbody>\n<\/table>\n<\/div>\n","protected":false},"excerpt":{"rendered":"<p>Indica\u00e7\u00e3o de hot\u00e9is parceiros do EnAJUS 2022 Tarifas v\u00e1lidas para hospedagem dos participantes do ENAJUS 2022 de 24 A 27\/10\/2022, na Rede Slaviero. Na solicita\u00e7\u00e3o da reserva, deve-se indicar que os hospedes s\u00e3o participantes do Congresso ENAJUS, que ocorrer\u00e1 de 24 a 27 de outubro, para que a Central de Reservas direcione a tarifa especial. &hellip; <a href=\"https:\/\/enajus.org.br\/2022\/hoteis\/\" class=\"more-link\">Continue reading<span class=\"screen-reader-text\"> &#8220;Hot\u00e9is&#8221;<\/span><\/a><\/p>\n","protected":false},"author":1,"featured_media":0,"parent":0,"menu_order":0,"comment_status":"closed","ping_status":"closed","template":"","meta":[],"acf":[],"_links":{"self":[{"href":"https:\/\/enajus.org.br\/2022\/wp-json\/wp\/v2\/pages\/969"}],"collection":[{"href":"https:\/\/enajus.org.br\/2022\/wp-json\/wp\/v2\/pages"}],"about":[{"href":"https:\/\/enajus.org.br\/2022\/wp-json\/wp\/v2\/types\/page"}],"author":[{"embeddable":true,"href":"https:\/\/enajus.org.br\/2022\/wp-json\/wp\/v2\/users\/1"}],"replies":[{"embeddable":true,"href":"https:\/\/enajus.org.br\/2022\/wp-json\/wp\/v2\/comments?post=969"}],"version-history":[{"count":29,"href":"https:\/\/enajus.org.br\/2022\/wp-json\/wp\/v2\/pages\/969\/revisions"}],"predecessor-version":[{"id":1009,"href":"https:\/\/enajus.org.br\/2022\/wp-json\/wp\/v2\/pages\/969\/revisions\/1009"}],"wp:attachment":[{"href":"https:\/\/enajus.org.br\/2022\/wp-json\/wp\/v2\/media?parent=969"}],"curies":[{"name":"wp","href":"https:\/\/api.w.org\/{rel}","templated":true}]}}