{"id":698,"date":"2021-12-30T13:27:04","date_gmt":"2021-12-30T16:27:04","guid":{"rendered":"https:\/\/enajus.org.br\/2023\/?page_id=698"},"modified":"2023-01-23T23:26:03","modified_gmt":"2023-01-24T02:26:03","slug":"sobre-o-enajus","status":"publish","type":"page","link":"https:\/\/enajus.org.br\/2023\/en\/sobre-o-enajus\/","title":{"rendered":"About EnAJUS"},"content":{"rendered":"<p>O Encontro de Administra\u00e7\u00e3o da Justi\u00e7a \u2013 EnAJUS 2023 constitui a sexta edi\u00e7\u00e3o de evento cient\u00edfico que se prop\u00f5e a discutir, com base em evid\u00eancias, as distintas dimens\u00f5es te\u00f3ricas, metodol\u00f3gicas e pr\u00e1ticas, que comp\u00f5em o funcionamento da Justi\u00e7a. Trata-se de iniciativa que visa congregar v\u00e1rias \u00e1reas do conhecimento, como Direito, Economia, Sociologia e Administra\u00e7\u00e3o P\u00fablica, com a finalidade de gerar e disseminar conhecimentos capazes de melhorar os n\u00edveis de efici\u00eancia e de efetividade da Justi\u00e7a. Essa a\u00e7\u00e3o \u00e9 particularmente importante, na medida em que sistemas de justi\u00e7a s\u00e3o, regra geral, caros, congestionados, lentos e pouco efetivos.<\/p>\n\n\n\n<p>O EnAJUS 2023 ter\u00e1 sess\u00f5es destinadas a apresenta\u00e7\u00f5es de trabalhos e pain\u00e9is tem\u00e1ticos. Al\u00e9m disso, o evento oferecer\u00e1 minicursos, focados em m\u00e9todos e t\u00e9cnicas de pesquisa, que visam oferecer oportunidades de capacita\u00e7\u00e3o a indiv\u00edduos interessados em ampliar o conhecimento sobre pesquisa em Administra\u00e7\u00e3o da Justi\u00e7a, apoiada em dados e evid\u00eancias.<\/p>\n\n\n\n<p>Administra\u00e7\u00e3o da Justi\u00e7a \u00e9 tema de alta relev\u00e2ncia social e pol\u00edtica, por\u00e9m ainda pouco estudado, em particular nos pa\u00edses de matriz lus\u00f3fona. A administra\u00e7\u00e3o da justi\u00e7a implica o uso coordenado e articulado de recursos, conhecimentos, pessoas, regras e leis, com o objetivo de resolver conflitos entre indiv\u00edduos, grupos e organiza\u00e7\u00f5es. Consequentemente, sistemas de justi\u00e7a bem administrados s\u00e3o uma conquista civilizat\u00f3ria das sociedades e contribuem para a paz social e para o desenvolvimento socioecon\u00f4mico de pa\u00edses em geral. Sistemas de justi\u00e7a bem administrados tamb\u00e9m podem fomentar rela\u00e7\u00f5es sociais baseadas em valores e princ\u00edpios \u00e9ticos e morais, incluindo o respeito \u00e0s leis e regras que regem tais rela\u00e7\u00f5es, e o reconhecimento dos direitos de grupos sociais e indiv\u00edduos.<\/p>\n\n\n\n<p>O conceito de sistema de justi\u00e7a envolve o funcionamento de organiza\u00e7\u00f5es judiciais, como os tribunais, e outras institui\u00e7\u00f5es essenciais \u00e0 justi\u00e7a, como Minist\u00e9rio P\u00fablico, Advocacia P\u00fablica, Advocacia, Defensoria P\u00fablica, tribunais administrativos, cart\u00f3rios e \u00f3rg\u00e3os de seguran\u00e7a p\u00fablica, incluindo as rela\u00e7\u00f5es entre as organiza\u00e7\u00f5es do sistema de justi\u00e7a e organiza\u00e7\u00f5es de outros sistemas, como organiza\u00e7\u00f5es pol\u00edticas, governamentais, do mercado e da sociedade civil. Como campo de pesquisa, a Administra\u00e7\u00e3o da Justi\u00e7a compreende m\u00faltiplas teorias e m\u00e9todos de pesquisa, visando investigar a gest\u00e3o do sistema de justi\u00e7a em diferentes perspectivas e n\u00edveis de an\u00e1lise. Trata da rela\u00e7\u00e3o entre administra\u00e7\u00e3o e provis\u00e3o de justi\u00e7a em um determinado contexto social, empregando m\u00faltiplas lentes conceituais e metodol\u00f3gicas.<\/p>\n\n\n\n<h2 class=\"wp-block-heading\"><strong>Scope and Objetives<\/strong><\/h2>\n\n\n\n<p>The Administration of Justice Meeting - EnAJUS is a space for dialogue between professors, researchers, technicians, public managers and public policy makers, legal professionals, and undergraduate and graduate students interested in the topic. The event will stimulate an in-depth debate among the participants and aims to:<\/p>\n\n\n\n<ol type=\"a\">\n<li>To extend, organize and disseminate knowledge about the Administration of Justice;<\/li>\n\n\n\n<li>Develop cooperative networks, with the exchange of experiences related to the theme;<\/li>\n\n\n\n<li>Disseminate knowledge about innovations and good management practices in organizations of the justice system;<\/li>\n\n\n\n<li>Promote interdisciplinarity, showing how the Administration of Justice brings together various areas of knowledge, such as Law, Economics, Sociology and Public Administration;<\/li>\n\n\n\n<li>Contribute to the training of individuals interested in conducting research on the Administration of Justice based on data and evidence.<\/li>\n<\/ol>\n\n\n\n<h2 class=\"wp-block-heading\"><strong>Hist\u00f3rico do EnAJUS<\/strong><\/h2>\n\n\n\n<p>O EnAJUS teve in\u00edcio em 2018, e as suas duas primeiras edi\u00e7\u00f5es, 2018 e 2019, realizadas em Bras\u00edlia, Brasil, resultaram do trabalho cooperativo do grupo de pesquisa Administra\u00e7\u00e3o da Justi\u00e7a (AJUS), dos programas de p\u00f3s-gradua\u00e7\u00e3o em Administra\u00e7\u00e3o e em Direito, ambos da Universidade de Bras\u00edlia, do Centro de Administra\u00e7\u00e3o e Pol\u00edticas P\u00fablicas (CAPP) da Universidade de Lisboa, e do Instituto Brasileiro de Estudos e Pesquisas Sociais (IBEPES). A edi\u00e7\u00e3o de 2020 teve Curitiba, Brasil, como cidade-sede e foi promovida no formato online, em decorr\u00eancia da pandemia COVID-19. Juntaram-se ao grupo organizaor do evento dois novos atores importantes: a Universidade Positivo (UP), por meio dos programas de p\u00f3s-gradua\u00e7\u00e3o em Administra\u00e7\u00e3o e em Direito, e a Dire\u00e7\u00e3o-Geral de Pol\u00edtica de Justi\u00e7a (DGPJ), do Minist\u00e9rio da Justi\u00e7a de Portugal.<\/p>\n\n\n\n<p>Em 2021 o EnAJUS foi realizado em formato h\u00edbrido, com atividades presenciais em Lisboa, Portugal, e atividades remotas e transmiss\u00e3o ao vivo pela internet. Ao grupo organizador anterior juntaram-se o Instituto de Investiga\u00e7\u00e3o Interdisciplinar (IURIS), da Universidade de Lisboa, e os grupos de pesquisa Administra\u00e7\u00e3o, Governo e Pol\u00edticas P\u00fablicas do Poder Judici\u00e1rio (GPJUs) e Gest\u00e3o, Desempenho e Efetividade do Judici\u00e1rio (GEJUD), do Brasil. O EnAJUS 2022 foi realizado em Curitiba, Brasil, no formato presencial, com op\u00e7\u00e3o de participa\u00e7\u00e3o remota para autores residentes fora do Brasil. A Escola de Forma\u00e7\u00e3o Judici\u00e1ria do Tribunal de Justi\u00e7a do Distrito Federal e Territ\u00f3rios (EJuDFT), Bras\u00edlia, Brasil, a Faculdade de Direito da Universidade de Coimbra (FDUC), Coimbra, Portugal e o Instituto Brasileiro de Administra\u00e7\u00e3o do Sistema Judici\u00e1rio (IBRAJUS) passaram a integrar, em 2022, o conjunto de institui\u00e7\u00f5es e grupos de pesquisa respons\u00e1vel pela realiza\u00e7\u00e3o do evento.<\/p>\n\n\n\n<p>O EnAJUS re\u00fane, anualmente, aproximadamente 120 participantes, entre professores, pesquisadores, t\u00e9cnicos, gestores p\u00fablicos e formuladores de pol\u00edticas p\u00fablicas, operadores do direito e estudantes de gradua\u00e7\u00e3o e p\u00f3s-gradua\u00e7\u00e3o. Trata-se, portanto, de evento que se consolidou e tornou-se internacional rapidamente. O EnAJUS somente tornou-se realidade e um sucesso entre estudiosos e praticantes da Administra\u00e7\u00e3o da Justi\u00e7a por meio do trabalho volunt\u00e1rio de mais de uma centena de indiv\u00edduos, que atuaram como organizadores, palestrantes, autores de trabalhos, avaliadores e em atividades t\u00e9cnicas e de apoio operacional e log\u00edstico. Mais informa\u00e7\u00f5es a respeito das edi\u00e7\u00f5es anteriores do EnAJUS podem ser encontradas em\u00a0<a href=\"https:\/\/enajus.org.br\/2023\/en\/edicoes-anteriores\/\">https:\/\/www.enajus.org.br\/edicoes-anteriores<\/a>.<\/p>","protected":false},"excerpt":{"rendered":"<p>O Encontro de Administra\u00e7\u00e3o da Justi\u00e7a \u2013 EnAJUS 2023 constitui a sexta edi\u00e7\u00e3o de evento cient\u00edfico que se prop\u00f5e a discutir, com base em evid\u00eancias, as distintas dimens\u00f5es te\u00f3ricas, metodol\u00f3gicas e pr\u00e1ticas, que comp\u00f5em o funcionamento da Justi\u00e7a. Trata-se de iniciativa que visa congregar v\u00e1rias \u00e1reas do conhecimento, como Direito, Economia, Sociologia e Administra\u00e7\u00e3o P\u00fablica, &hellip; <a href=\"https:\/\/enajus.org.br\/2023\/en\/sobre-o-enajus\/\" class=\"more-link\">Continue reading<span class=\"screen-reader-text\"> &#8220;Sobre o EnAJUS&#8221;<\/span><\/a><\/p>","protected":false},"author":1,"featured_media":0,"parent":0,"menu_order":0,"comment_status":"closed","ping_status":"closed","template":"","meta":{"footnotes":""},"acf":[],"_links":{"self":[{"href":"https:\/\/enajus.org.br\/2023\/en\/wp-json\/wp\/v2\/pages\/698"}],"collection":[{"href":"https:\/\/enajus.org.br\/2023\/en\/wp-json\/wp\/v2\/pages"}],"about":[{"href":"https:\/\/enajus.org.br\/2023\/en\/wp-json\/wp\/v2\/types\/page"}],"author":[{"embeddable":true,"href":"https:\/\/enajus.org.br\/2023\/en\/wp-json\/wp\/v2\/users\/1"}],"replies":[{"embeddable":true,"href":"https:\/\/enajus.org.br\/2023\/en\/wp-json\/wp\/v2\/comments?post=698"}],"version-history":[{"count":0,"href":"https:\/\/enajus.org.br\/2023\/en\/wp-json\/wp\/v2\/pages\/698\/revisions"}],"wp:attachment":[{"href":"https:\/\/enajus.org.br\/2023\/en\/wp-json\/wp\/v2\/media?parent=698"}],"curies":[{"name":"wp","href":"https:\/\/api.w.org\/{rel}","templated":true}]}}