{"id":815,"date":"2022-01-27T14:13:26","date_gmt":"2022-01-27T17:13:26","guid":{"rendered":"https:\/\/enajus.org.br\/2023\/?page_id=815"},"modified":"2023-10-06T11:30:05","modified_gmt":"2023-10-06T14:30:05","slug":"datas-importantes","status":"publish","type":"page","link":"https:\/\/enajus.org.br\/2023\/en\/datas-importantes\/","title":{"rendered":"Key Dates"},"content":{"rendered":"<ul>\n<li><strong>01\/04\/2023 a <del>04\/06\/2023<\/del> 11\/06\/2023:<\/strong> Submiss\u00e3o de resumos expandidos;<\/li>\n\n\n\n<li><strong>11\/06\/2023 a 22\/06\/2023:<\/strong> Avalia\u00e7\u00e3o dos resumos expandidos;<\/li>\n\n\n\n<li><strong><strong>26\/06\/2023<\/strong>:<\/strong> Publica\u00e7\u00e3o da lista de resumos expandidos selecionados;<\/li>\n\n\n\n<li><strong>27\/06\/2023 a 20\/09\/2023:<\/strong> Submiss\u00e3o, por autores de resumos selecionados, dos respectivos trabalhos completos;<\/li>\n\n\n\n<li><strong>27\/06\/2023 a 20\/09\/2023:<\/strong> Inscri\u00e7\u00e3o de congressistas autores de trabalhos;<\/li>\n\n\n\n<li><strong>27\/06\/2023 a 23\/10\/2023:<\/strong> Inscri\u00e7\u00e3o de congressistas ouvintes;<\/li>\n\n\n\n<li><strong><del>05\/10\/2023<\/del><\/strong> <strong>06\/10\/2023:<\/strong> Publica\u00e7\u00e3o da programa\u00e7\u00e3o do encontro;<\/li>\n\n\n\n<li><strong>23 a 26\/10\/2023:<\/strong> EnAJUS 2023.<\/li>\n<\/ul>","protected":false},"excerpt":{"rendered":"","protected":false},"author":8,"featured_media":0,"parent":0,"menu_order":0,"comment_status":"closed","ping_status":"closed","template":"","meta":{"footnotes":""},"acf":[],"_links":{"self":[{"href":"https:\/\/enajus.org.br\/2023\/en\/wp-json\/wp\/v2\/pages\/815"}],"collection":[{"href":"https:\/\/enajus.org.br\/2023\/en\/wp-json\/wp\/v2\/pages"}],"about":[{"href":"https:\/\/enajus.org.br\/2023\/en\/wp-json\/wp\/v2\/types\/page"}],"author":[{"embeddable":true,"href":"https:\/\/enajus.org.br\/2023\/en\/wp-json\/wp\/v2\/users\/8"}],"replies":[{"embeddable":true,"href":"https:\/\/enajus.org.br\/2023\/en\/wp-json\/wp\/v2\/comments?post=815"}],"version-history":[{"count":5,"href":"https:\/\/enajus.org.br\/2023\/en\/wp-json\/wp\/v2\/pages\/815\/revisions"}],"predecessor-version":[{"id":1761,"href":"https:\/\/enajus.org.br\/2023\/en\/wp-json\/wp\/v2\/pages\/815\/revisions\/1761"}],"wp:attachment":[{"href":"https:\/\/enajus.org.br\/2023\/en\/wp-json\/wp\/v2\/media?parent=815"}],"curies":[{"name":"wp","href":"https:\/\/api.w.org\/{rel}","templated":true}]}}