{"id":812,"date":"2022-01-27T14:06:40","date_gmt":"2022-01-27T17:06:40","guid":{"rendered":"https:\/\/enajus.org.br\/2023\/?page_id=812"},"modified":"2023-01-23T22:30:47","modified_gmt":"2023-01-24T01:30:47","slug":"tema-central-2023","status":"publish","type":"page","link":"https:\/\/enajus.org.br\/2023\/tema-central-2023\/","title":{"rendered":"Tema Central 2023"},"content":{"rendered":"\n<p>O EnAJUS 2023 tem como tema central <strong>Acesso \u00e0 Justi\u00e7a \u2013 Desafios Sociais, Econ\u00f4micos e Institucionais<\/strong>. Acesso \u00e0 justi\u00e7a \u00e9 tema complexo e poliss\u00eamico, que vai al\u00e9m do acesso aos \u00f3rg\u00e3os de justi\u00e7a e constitui grande desafio de sociedades em geral, especialmente nos pa\u00edses em desenvolvimento. O tema faz parte do Objetivo 16 de Desenvolvimento Sustent\u00e1vel (ODS 16) da Agenda 2030 da ONU e pressup\u00f5e que os pa\u00edses-membros implementem a\u00e7\u00f5es para manter a Paz, Justi\u00e7a e Institui\u00e7\u00f5es Fortes e proporcionem acesso \u00e0 justi\u00e7a a todos. Pesquisar este tema implica diagnosticar fatores de exclus\u00e3o e desigualdade sociais, j\u00e1 que o acesso \u00e0 justi\u00e7a \u00e9 desigual, em especial \u00e0s classes menos favorecidas e \u00e0s minorias sociais e raciais. Com isso, o EnAJUS 2023 contribui para inserir esse tema no debate nacional e internacional, visando disseminar conhecimentos apoiados em evid\u00eancias que possam contribuir para enfrentrar os desafios no entorno do acesso \u00e0 justi\u00e7a.<\/p>\n","protected":false},"excerpt":{"rendered":"<p>O EnAJUS 2023 tem como tema central Acesso \u00e0 Justi\u00e7a \u2013 Desafios Sociais, Econ\u00f4micos e Institucionais. Acesso \u00e0 justi\u00e7a \u00e9 tema complexo e poliss\u00eamico, que vai al\u00e9m do acesso aos \u00f3rg\u00e3os de justi\u00e7a e constitui grande desafio de sociedades em geral, especialmente nos pa\u00edses em desenvolvimento. O tema faz parte do Objetivo 16 de Desenvolvimento &hellip; <a href=\"https:\/\/enajus.org.br\/2023\/tema-central-2023\/\" class=\"more-link\">Continue lendo<span class=\"screen-reader-text\"> &#8220;Tema Central 2023&#8221;<\/span><\/a><\/p>\n","protected":false},"author":8,"featured_media":0,"parent":0,"menu_order":0,"comment_status":"closed","ping_status":"closed","template":"","meta":{"footnotes":""},"acf":[],"_links":{"self":[{"href":"https:\/\/enajus.org.br\/2023\/wp-json\/wp\/v2\/pages\/812"}],"collection":[{"href":"https:\/\/enajus.org.br\/2023\/wp-json\/wp\/v2\/pages"}],"about":[{"href":"https:\/\/enajus.org.br\/2023\/wp-json\/wp\/v2\/types\/page"}],"author":[{"embeddable":true,"href":"https:\/\/enajus.org.br\/2023\/wp-json\/wp\/v2\/users\/8"}],"replies":[{"embeddable":true,"href":"https:\/\/enajus.org.br\/2023\/wp-json\/wp\/v2\/comments?post=812"}],"version-history":[{"count":0,"href":"https:\/\/enajus.org.br\/2023\/wp-json\/wp\/v2\/pages\/812\/revisions"}],"wp:attachment":[{"href":"https:\/\/enajus.org.br\/2023\/wp-json\/wp\/v2\/media?parent=812"}],"curies":[{"name":"wp","href":"https:\/\/api.w.org\/{rel}","templated":true}]}}