{"id":1015,"date":"2022-07-17T22:51:03","date_gmt":"2022-07-18T01:51:03","guid":{"rendered":"https:\/\/enajus.org.br\/?page_id=1015"},"modified":"2024-10-17T09:48:55","modified_gmt":"2024-10-17T12:48:55","slug":"minicursos","status":"publish","type":"page","link":"https:\/\/enajus.org.br\/2024\/en\/minicursos\/","title":{"rendered":"Minicursos"},"content":{"rendered":"","protected":false},"excerpt":{"rendered":"","protected":false},"author":1,"featured_media":0,"parent":0,"menu_order":0,"comment_status":"closed","ping_status":"closed","template":"minicursos.php","meta":{"_acf_changed":false,"footnotes":""},"class_list":["post-1015","page","type-page","status-publish","hentry"],"acf":[],"yoast_head":"<!-- This site is optimized with the Yoast SEO plugin v23.4 - https:\/\/yoast.com\/wordpress\/plugins\/seo\/ -->\n<title>Minicursos - EnAJUS<\/title>\n<meta name=\"robots\" content=\"index, follow, max-snippet:-1, max-image-preview:large, max-video-preview:-1\" \/>\n<link rel=\"canonical\" href=\"https:\/\/enajus.org.br\/2024\/en\/minicursos\/\" \/>\n<meta property=\"og:locale\" content=\"en_US\" \/>\n<meta property=\"og:type\" content=\"article\" \/>\n<meta property=\"og:title\" content=\"Minicursos - EnAJUS\" \/>\n<meta property=\"og:url\" content=\"https:\/\/enajus.org.br\/2024\/en\/minicursos\/\" \/>\n<meta property=\"og:site_name\" content=\"EnAJUS\" \/>\n<meta property=\"article:publisher\" content=\"https:\/\/www.facebook.com\/enajus2024\" \/>\n<meta property=\"article:modified_time\" content=\"2024-10-17T12:48:55+00:00\" \/>\n<meta name=\"twitter:card\" content=\"summary_large_image\" \/>\n<script type=\"application\/ld+json\" class=\"yoast-schema-graph\">{\"@context\":\"https:\/\/schema.org\",\"@graph\":[{\"@type\":\"WebPage\",\"@id\":\"https:\/\/enajus.org.br\/2024\/minicursos\/\",\"url\":\"https:\/\/enajus.org.br\/2024\/minicursos\/\",\"name\":\"Minicursos - EnAJUS\",\"isPartOf\":{\"@id\":\"https:\/\/enajus.org.br\/2024\/#website\"},\"datePublished\":\"2022-07-18T01:51:03+00:00\",\"dateModified\":\"2024-10-17T12:48:55+00:00\",\"breadcrumb\":{\"@id\":\"https:\/\/enajus.org.br\/2024\/minicursos\/#breadcrumb\"},\"inLanguage\":\"en-US\",\"potentialAction\":[{\"@type\":\"ReadAction\",\"target\":[\"https:\/\/enajus.org.br\/2024\/minicursos\/\"]}]},{\"@type\":\"BreadcrumbList\",\"@id\":\"https:\/\/enajus.org.br\/2024\/minicursos\/#breadcrumb\",\"itemListElement\":[{\"@type\":\"ListItem\",\"position\":1,\"name\":\"In\u00edcio\",\"item\":\"https:\/\/enajus.org.br\/2024\/\"},{\"@type\":\"ListItem\",\"position\":2,\"name\":\"Minicursos\"}]},{\"@type\":\"WebSite\",\"@id\":\"https:\/\/enajus.org.br\/2024\/#website\",\"url\":\"https:\/\/enajus.org.br\/2024\/\",\"name\":\"EnAJUS\",\"description\":\"Encontro de Administra\u00e7\u00e3o da Justi\u00e7a\",\"publisher\":{\"@id\":\"https:\/\/enajus.org.br\/2024\/#organization\"},\"potentialAction\":[{\"@type\":\"SearchAction\",\"target\":{\"@type\":\"EntryPoint\",\"urlTemplate\":\"https:\/\/enajus.org.br\/2024\/?s={search_term_string}\"},\"query-input\":{\"@type\":\"PropertyValueSpecification\",\"valueRequired\":true,\"valueName\":\"search_term_string\"}}],\"inLanguage\":\"en-US\"},{\"@type\":\"Organization\",\"@id\":\"https:\/\/enajus.org.br\/2024\/#organization\",\"name\":\"EnAJUS\",\"url\":\"https:\/\/enajus.org.br\/2024\/\",\"logo\":{\"@type\":\"ImageObject\",\"inLanguage\":\"en-US\",\"@id\":\"https:\/\/enajus.org.br\/2024\/#\/schema\/logo\/image\/\",\"url\":\"https:\/\/enajus.org.br\/wp-content\/uploads\/2024\/01\/logo-enajus-2024.svg\",\"contentUrl\":\"https:\/\/enajus.org.br\/wp-content\/uploads\/2024\/01\/logo-enajus-2024.svg\",\"width\":491,\"height\":91,\"caption\":\"EnAJUS\"},\"image\":{\"@id\":\"https:\/\/enajus.org.br\/2024\/#\/schema\/logo\/image\/\"},\"sameAs\":[\"https:\/\/www.facebook.com\/enajus2024\",\"https:\/\/www.instagram.com\/enajus2024\",\"https:\/\/www.youtube.com\/c\/enajus\"]}]}<\/script>\n<!-- \/ Yoast SEO plugin. -->","yoast_head_json":{"title":"Minicursos - EnAJUS","robots":{"index":"index","follow":"follow","max-snippet":"max-snippet:-1","max-image-preview":"max-image-preview:large","max-video-preview":"max-video-preview:-1"},"canonical":"https:\/\/enajus.org.br\/2024\/en\/minicursos\/","og_locale":"en_US","og_type":"article","og_title":"Minicursos - EnAJUS","og_url":"https:\/\/enajus.org.br\/2024\/en\/minicursos\/","og_site_name":"EnAJUS","article_publisher":"https:\/\/www.facebook.com\/enajus2024","article_modified_time":"2024-10-17T12:48:55+00:00","twitter_card":"summary_large_image","schema":{"@context":"https:\/\/schema.org","@graph":[{"@type":"WebPage","@id":"https:\/\/enajus.org.br\/2024\/minicursos\/","url":"https:\/\/enajus.org.br\/2024\/minicursos\/","name":"Minicursos - EnAJUS","isPartOf":{"@id":"https:\/\/enajus.org.br\/2024\/#website"},"datePublished":"2022-07-18T01:51:03+00:00","dateModified":"2024-10-17T12:48:55+00:00","breadcrumb":{"@id":"https:\/\/enajus.org.br\/2024\/minicursos\/#breadcrumb"},"inLanguage":"en-US","potentialAction":[{"@type":"ReadAction","target":["https:\/\/enajus.org.br\/2024\/minicursos\/"]}]},{"@type":"BreadcrumbList","@id":"https:\/\/enajus.org.br\/2024\/minicursos\/#breadcrumb","itemListElement":[{"@type":"ListItem","position":1,"name":"In\u00edcio","item":"https:\/\/enajus.org.br\/2024\/"},{"@type":"ListItem","position":2,"name":"Minicursos"}]},{"@type":"WebSite","@id":"https:\/\/enajus.org.br\/2024\/#website","url":"https:\/\/enajus.org.br\/2024\/","name":"EnAJUS","description":"Administration of Justice Meeting","publisher":{"@id":"https:\/\/enajus.org.br\/2024\/#organization"},"potentialAction":[{"@type":"SearchAction","target":{"@type":"EntryPoint","urlTemplate":"https:\/\/enajus.org.br\/2024\/?s={search_term_string}"},"query-input":{"@type":"PropertyValueSpecification","valueRequired":true,"valueName":"search_term_string"}}],"inLanguage":"en-US"},{"@type":"Organization","@id":"https:\/\/enajus.org.br\/2024\/#organization","name":"EnAJUS","url":"https:\/\/enajus.org.br\/2024\/","logo":{"@type":"ImageObject","inLanguage":"en-US","@id":"https:\/\/enajus.org.br\/2024\/#\/schema\/logo\/image\/","url":"https:\/\/enajus.org.br\/wp-content\/uploads\/2024\/01\/logo-enajus-2024.svg","contentUrl":"https:\/\/enajus.org.br\/wp-content\/uploads\/2024\/01\/logo-enajus-2024.svg","width":491,"height":91,"caption":"EnAJUS"},"image":{"@id":"https:\/\/enajus.org.br\/2024\/#\/schema\/logo\/image\/"},"sameAs":["https:\/\/www.facebook.com\/enajus2024","https:\/\/www.instagram.com\/enajus2024","https:\/\/www.youtube.com\/c\/enajus"]}]}},"_links":{"self":[{"href":"https:\/\/enajus.org.br\/2024\/en\/wp-json\/wp\/v2\/pages\/1015","targetHints":{"allow":["GET"]}}],"collection":[{"href":"https:\/\/enajus.org.br\/2024\/en\/wp-json\/wp\/v2\/pages"}],"about":[{"href":"https:\/\/enajus.org.br\/2024\/en\/wp-json\/wp\/v2\/types\/page"}],"author":[{"embeddable":true,"href":"https:\/\/enajus.org.br\/2024\/en\/wp-json\/wp\/v2\/users\/1"}],"replies":[{"embeddable":true,"href":"https:\/\/enajus.org.br\/2024\/en\/wp-json\/wp\/v2\/comments?post=1015"}],"version-history":[{"count":1,"href":"https:\/\/enajus.org.br\/2024\/en\/wp-json\/wp\/v2\/pages\/1015\/revisions"}],"predecessor-version":[{"id":2246,"href":"https:\/\/enajus.org.br\/2024\/en\/wp-json\/wp\/v2\/pages\/1015\/revisions\/2246"}],"wp:attachment":[{"href":"https:\/\/enajus.org.br\/2024\/en\/wp-json\/wp\/v2\/media?parent=1015"}],"curies":[{"name":"wp","href":"https:\/\/api.w.org\/{rel}","templated":true}]}}