{"id":824,"date":"2022-02-02T11:13:59","date_gmt":"2022-02-02T14:13:59","guid":{"rendered":"https:\/\/enajus.org.br\/?page_id=824"},"modified":"2024-01-29T16:05:08","modified_gmt":"2024-01-29T19:05:08","slug":"temas-de-interesse","status":"publish","type":"page","link":"https:\/\/enajus.org.br\/2024\/en\/temas-de-interesse\/","title":{"rendered":"Conference tracks"},"content":{"rendered":"<p>Os temas de interesse do EnAJUS 2024 s\u00e3o os seguintes:<\/p>\n\n\n\n<ul class=\"wp-block-list\">\n<li>Pol\u00edticas p\u00fablicas e pr\u00e1ticas de gest\u00e3o de acesso \u00e0 justi\u00e7a;<\/li>\n\n\n\n<li>Inova\u00e7\u00f5es, intelig\u00eancia artificial e tecnologias de informa\u00e7\u00e3o e comunica\u00e7\u00e3o em sistemas de justi\u00e7a;<\/li>\n\n\n\n<li>M\u00e9todos alternativos de solu\u00e7\u00e3o de demandas judiciais;<\/li>\n\n\n\n<li>Metrics of justice, management of legal information and legal design applied to the administration of Justice; <em>legal design<\/em> aplicados \u00e0 administra\u00e7\u00e3o da justi\u00e7a;<\/li>\n\n\n\n<li>Governan\u00e7a em sistemas de justi\u00e7a;<\/li>\n\n\n\n<li>Legitimidade e reputa\u00e7\u00e3o institucional em organiza\u00e7\u00f5es da justi\u00e7a;<\/li>\n\n\n\n<li>Desempenho, efici\u00eancia e efetividade em organiza\u00e7\u00f5es da justi\u00e7a;<\/li>\n\n\n\n<li>Reformas nas organiza\u00e7\u00f5es do sistema de justi\u00e7a;<\/li>\n\n\n\n<li>Organiza\u00e7\u00f5es internacionais e o sistema de justi\u00e7a;<\/li>\n\n\n\n<li>O sistema de justi\u00e7a integrado pela Comiss\u00e3o e pela Corte Interamericana de Direitos Humanos;<\/li>\n\n\n\n<li>Other topics related to the Administration of Justice.<\/li>\n<\/ul>","protected":false},"excerpt":{"rendered":"<p>Os temas de interesse do EnAJUS 2024 s\u00e3o os seguintes:<\/p>","protected":false},"author":8,"featured_media":0,"parent":0,"menu_order":0,"comment_status":"closed","ping_status":"closed","template":"","meta":{"_acf_changed":false,"footnotes":""},"class_list":["post-824","page","type-page","status-publish","hentry"],"acf":[],"yoast_head":"<!-- This site is optimized with the Yoast SEO plugin v23.4 - https:\/\/yoast.com\/wordpress\/plugins\/seo\/ -->\n<title>Temas de interesse - EnAJUS<\/title>\n<meta name=\"robots\" content=\"index, follow, max-snippet:-1, max-image-preview:large, max-video-preview:-1\" \/>\n<link rel=\"canonical\" href=\"https:\/\/enajus.org.br\/2024\/en\/temas-de-interesse\/\" \/>\n<meta property=\"og:locale\" content=\"en_US\" \/>\n<meta property=\"og:type\" content=\"article\" \/>\n<meta property=\"og:title\" content=\"Temas de interesse - EnAJUS\" \/>\n<meta property=\"og:description\" content=\"Os temas de interesse do EnAJUS 2024 s\u00e3o os seguintes:\" \/>\n<meta property=\"og:url\" content=\"https:\/\/enajus.org.br\/2024\/en\/temas-de-interesse\/\" \/>\n<meta property=\"og:site_name\" content=\"EnAJUS\" \/>\n<meta property=\"article:publisher\" content=\"https:\/\/www.facebook.com\/enajus2024\" \/>\n<meta property=\"article:modified_time\" content=\"2024-01-29T19:05:08+00:00\" \/>\n<meta name=\"twitter:card\" content=\"summary_large_image\" \/>\n<meta name=\"twitter:label1\" content=\"Est. reading time\" \/>\n\t<meta name=\"twitter:data1\" content=\"1 minute\" \/>\n<script type=\"application\/ld+json\" class=\"yoast-schema-graph\">{\"@context\":\"https:\/\/schema.org\",\"@graph\":[{\"@type\":\"WebPage\",\"@id\":\"https:\/\/enajus.org.br\/2024\/temas-de-interesse\/\",\"url\":\"https:\/\/enajus.org.br\/2024\/temas-de-interesse\/\",\"name\":\"Temas de interesse - EnAJUS\",\"isPartOf\":{\"@id\":\"https:\/\/enajus.org.br\/2024\/#website\"},\"datePublished\":\"2022-02-02T14:13:59+00:00\",\"dateModified\":\"2024-01-29T19:05:08+00:00\",\"breadcrumb\":{\"@id\":\"https:\/\/enajus.org.br\/2024\/temas-de-interesse\/#breadcrumb\"},\"inLanguage\":\"en-US\",\"potentialAction\":[{\"@type\":\"ReadAction\",\"target\":[\"https:\/\/enajus.org.br\/2024\/temas-de-interesse\/\"]}]},{\"@type\":\"BreadcrumbList\",\"@id\":\"https:\/\/enajus.org.br\/2024\/temas-de-interesse\/#breadcrumb\",\"itemListElement\":[{\"@type\":\"ListItem\",\"position\":1,\"name\":\"In\u00edcio\",\"item\":\"https:\/\/enajus.org.br\/2024\/\"},{\"@type\":\"ListItem\",\"position\":2,\"name\":\"Temas de interesse\"}]},{\"@type\":\"WebSite\",\"@id\":\"https:\/\/enajus.org.br\/2024\/#website\",\"url\":\"https:\/\/enajus.org.br\/2024\/\",\"name\":\"EnAJUS\",\"description\":\"Encontro de Administra\u00e7\u00e3o da Justi\u00e7a\",\"publisher\":{\"@id\":\"https:\/\/enajus.org.br\/2024\/#organization\"},\"potentialAction\":[{\"@type\":\"SearchAction\",\"target\":{\"@type\":\"EntryPoint\",\"urlTemplate\":\"https:\/\/enajus.org.br\/2024\/?s={search_term_string}\"},\"query-input\":{\"@type\":\"PropertyValueSpecification\",\"valueRequired\":true,\"valueName\":\"search_term_string\"}}],\"inLanguage\":\"en-US\"},{\"@type\":\"Organization\",\"@id\":\"https:\/\/enajus.org.br\/2024\/#organization\",\"name\":\"EnAJUS\",\"url\":\"https:\/\/enajus.org.br\/2024\/\",\"logo\":{\"@type\":\"ImageObject\",\"inLanguage\":\"en-US\",\"@id\":\"https:\/\/enajus.org.br\/2024\/#\/schema\/logo\/image\/\",\"url\":\"https:\/\/enajus.org.br\/wp-content\/uploads\/2024\/01\/logo-enajus-2024.svg\",\"contentUrl\":\"https:\/\/enajus.org.br\/wp-content\/uploads\/2024\/01\/logo-enajus-2024.svg\",\"width\":491,\"height\":91,\"caption\":\"EnAJUS\"},\"image\":{\"@id\":\"https:\/\/enajus.org.br\/2024\/#\/schema\/logo\/image\/\"},\"sameAs\":[\"https:\/\/www.facebook.com\/enajus2024\",\"https:\/\/www.instagram.com\/enajus2024\",\"https:\/\/www.youtube.com\/c\/enajus\"]}]}<\/script>\n<!-- \/ Yoast SEO plugin. -->","yoast_head_json":{"title":"Temas de interesse - EnAJUS","robots":{"index":"index","follow":"follow","max-snippet":"max-snippet:-1","max-image-preview":"max-image-preview:large","max-video-preview":"max-video-preview:-1"},"canonical":"https:\/\/enajus.org.br\/2024\/en\/temas-de-interesse\/","og_locale":"en_US","og_type":"article","og_title":"Temas de interesse - EnAJUS","og_description":"Os temas de interesse do EnAJUS 2024 s\u00e3o os seguintes:","og_url":"https:\/\/enajus.org.br\/2024\/en\/temas-de-interesse\/","og_site_name":"EnAJUS","article_publisher":"https:\/\/www.facebook.com\/enajus2024","article_modified_time":"2024-01-29T19:05:08+00:00","twitter_card":"summary_large_image","twitter_misc":{"Est. reading time":"1 minute"},"schema":{"@context":"https:\/\/schema.org","@graph":[{"@type":"WebPage","@id":"https:\/\/enajus.org.br\/2024\/temas-de-interesse\/","url":"https:\/\/enajus.org.br\/2024\/temas-de-interesse\/","name":"Temas de interesse - EnAJUS","isPartOf":{"@id":"https:\/\/enajus.org.br\/2024\/#website"},"datePublished":"2022-02-02T14:13:59+00:00","dateModified":"2024-01-29T19:05:08+00:00","breadcrumb":{"@id":"https:\/\/enajus.org.br\/2024\/temas-de-interesse\/#breadcrumb"},"inLanguage":"en-US","potentialAction":[{"@type":"ReadAction","target":["https:\/\/enajus.org.br\/2024\/temas-de-interesse\/"]}]},{"@type":"BreadcrumbList","@id":"https:\/\/enajus.org.br\/2024\/temas-de-interesse\/#breadcrumb","itemListElement":[{"@type":"ListItem","position":1,"name":"In\u00edcio","item":"https:\/\/enajus.org.br\/2024\/"},{"@type":"ListItem","position":2,"name":"Temas de interesse"}]},{"@type":"WebSite","@id":"https:\/\/enajus.org.br\/2024\/#website","url":"https:\/\/enajus.org.br\/2024\/","name":"EnAJUS","description":"Administration of Justice Meeting","publisher":{"@id":"https:\/\/enajus.org.br\/2024\/#organization"},"potentialAction":[{"@type":"SearchAction","target":{"@type":"EntryPoint","urlTemplate":"https:\/\/enajus.org.br\/2024\/?s={search_term_string}"},"query-input":{"@type":"PropertyValueSpecification","valueRequired":true,"valueName":"search_term_string"}}],"inLanguage":"en-US"},{"@type":"Organization","@id":"https:\/\/enajus.org.br\/2024\/#organization","name":"EnAJUS","url":"https:\/\/enajus.org.br\/2024\/","logo":{"@type":"ImageObject","inLanguage":"en-US","@id":"https:\/\/enajus.org.br\/2024\/#\/schema\/logo\/image\/","url":"https:\/\/enajus.org.br\/wp-content\/uploads\/2024\/01\/logo-enajus-2024.svg","contentUrl":"https:\/\/enajus.org.br\/wp-content\/uploads\/2024\/01\/logo-enajus-2024.svg","width":491,"height":91,"caption":"EnAJUS"},"image":{"@id":"https:\/\/enajus.org.br\/2024\/#\/schema\/logo\/image\/"},"sameAs":["https:\/\/www.facebook.com\/enajus2024","https:\/\/www.instagram.com\/enajus2024","https:\/\/www.youtube.com\/c\/enajus"]}]}},"_links":{"self":[{"href":"https:\/\/enajus.org.br\/2024\/en\/wp-json\/wp\/v2\/pages\/824","targetHints":{"allow":["GET"]}}],"collection":[{"href":"https:\/\/enajus.org.br\/2024\/en\/wp-json\/wp\/v2\/pages"}],"about":[{"href":"https:\/\/enajus.org.br\/2024\/en\/wp-json\/wp\/v2\/types\/page"}],"author":[{"embeddable":true,"href":"https:\/\/enajus.org.br\/2024\/en\/wp-json\/wp\/v2\/users\/8"}],"replies":[{"embeddable":true,"href":"https:\/\/enajus.org.br\/2024\/en\/wp-json\/wp\/v2\/comments?post=824"}],"version-history":[{"count":0,"href":"https:\/\/enajus.org.br\/2024\/en\/wp-json\/wp\/v2\/pages\/824\/revisions"}],"wp:attachment":[{"href":"https:\/\/enajus.org.br\/2024\/en\/wp-json\/wp\/v2\/media?parent=824"}],"curies":[{"name":"wp","href":"https:\/\/api.w.org\/{rel}","templated":true}]}}