{"id":1160,"date":"2022-10-06T18:37:01","date_gmt":"2022-10-06T21:37:01","guid":{"rendered":"https:\/\/enajus.org.br\/?page_id=1160"},"modified":"2024-11-12T14:01:16","modified_gmt":"2024-11-12T17:01:16","slug":"programacao-detalhada","status":"publish","type":"page","link":"https:\/\/enajus.org.br\/2024\/programacao-detalhada\/","title":{"rendered":"Programa\u00e7\u00e3o detalhada"},"content":{"rendered":"\n<p class=\"has-text-align-center\">Configura a programa\u00e7\u00e3o <strong>atualizada <\/strong>do EnAJUS 2024.<\/p>\n\n\n\n<p class=\"has-text-align-center\"><a href=\"https:\/\/enajus.org.br\/wp-content\/uploads\/2024\/11\/programacao-enajus-2024-v2.pdf\" class=\"btn\">Baixar programa\u00e7\u00e3o detalhada<\/a><\/p>\n\n\n\n<p><\/p>\n","protected":false},"excerpt":{"rendered":"<p>Configura a programa\u00e7\u00e3o atualizada do EnAJUS 2024. Baixar programa\u00e7\u00e3o detalhada<\/p>\n","protected":false},"author":1,"featured_media":0,"parent":0,"menu_order":0,"comment_status":"closed","ping_status":"closed","template":"","meta":{"_acf_changed":false,"footnotes":""},"class_list":["post-1160","page","type-page","status-publish","hentry"],"acf":[],"yoast_head":"<!-- This site is optimized with the Yoast SEO plugin v23.4 - https:\/\/yoast.com\/wordpress\/plugins\/seo\/ -->\n<title>Programa\u00e7\u00e3o detalhada - EnAJUS<\/title>\n<meta name=\"robots\" content=\"index, follow, max-snippet:-1, max-image-preview:large, max-video-preview:-1\" \/>\n<link rel=\"canonical\" href=\"https:\/\/enajus.org.br\/2024\/programacao-detalhada\/\" \/>\n<meta property=\"og:locale\" content=\"pt_BR\" \/>\n<meta property=\"og:type\" content=\"article\" \/>\n<meta property=\"og:title\" content=\"Programa\u00e7\u00e3o detalhada - EnAJUS\" \/>\n<meta property=\"og:description\" content=\"Configura a programa\u00e7\u00e3o atualizada do EnAJUS 2024. Baixar programa\u00e7\u00e3o detalhada\" \/>\n<meta property=\"og:url\" content=\"https:\/\/enajus.org.br\/2024\/programacao-detalhada\/\" \/>\n<meta property=\"og:site_name\" content=\"EnAJUS\" \/>\n<meta property=\"article:publisher\" content=\"https:\/\/www.facebook.com\/enajus2024\" \/>\n<meta property=\"article:modified_time\" content=\"2024-11-12T17:01:16+00:00\" \/>\n<meta name=\"twitter:card\" content=\"summary_large_image\" \/>\n<meta name=\"twitter:label1\" content=\"Est. tempo de leitura\" \/>\n\t<meta name=\"twitter:data1\" content=\"1 minuto\" \/>\n<script type=\"application\/ld+json\" class=\"yoast-schema-graph\">{\"@context\":\"https:\/\/schema.org\",\"@graph\":[{\"@type\":\"WebPage\",\"@id\":\"https:\/\/enajus.org.br\/2024\/programacao-detalhada\/\",\"url\":\"https:\/\/enajus.org.br\/2024\/programacao-detalhada\/\",\"name\":\"Programa\u00e7\u00e3o detalhada - EnAJUS\",\"isPartOf\":{\"@id\":\"https:\/\/enajus.org.br\/2024\/#website\"},\"datePublished\":\"2022-10-06T21:37:01+00:00\",\"dateModified\":\"2024-11-12T17:01:16+00:00\",\"breadcrumb\":{\"@id\":\"https:\/\/enajus.org.br\/2024\/programacao-detalhada\/#breadcrumb\"},\"inLanguage\":\"pt-BR\",\"potentialAction\":[{\"@type\":\"ReadAction\",\"target\":[\"https:\/\/enajus.org.br\/2024\/programacao-detalhada\/\"]}]},{\"@type\":\"BreadcrumbList\",\"@id\":\"https:\/\/enajus.org.br\/2024\/programacao-detalhada\/#breadcrumb\",\"itemListElement\":[{\"@type\":\"ListItem\",\"position\":1,\"name\":\"In\u00edcio\",\"item\":\"https:\/\/enajus.org.br\/2024\/\"},{\"@type\":\"ListItem\",\"position\":2,\"name\":\"Programa\u00e7\u00e3o detalhada\"}]},{\"@type\":\"WebSite\",\"@id\":\"https:\/\/enajus.org.br\/2024\/#website\",\"url\":\"https:\/\/enajus.org.br\/2024\/\",\"name\":\"EnAJUS\",\"description\":\"Encontro de Administra\u00e7\u00e3o da Justi\u00e7a\",\"publisher\":{\"@id\":\"https:\/\/enajus.org.br\/2024\/#organization\"},\"potentialAction\":[{\"@type\":\"SearchAction\",\"target\":{\"@type\":\"EntryPoint\",\"urlTemplate\":\"https:\/\/enajus.org.br\/2024\/?s={search_term_string}\"},\"query-input\":{\"@type\":\"PropertyValueSpecification\",\"valueRequired\":true,\"valueName\":\"search_term_string\"}}],\"inLanguage\":\"pt-BR\"},{\"@type\":\"Organization\",\"@id\":\"https:\/\/enajus.org.br\/2024\/#organization\",\"name\":\"EnAJUS\",\"url\":\"https:\/\/enajus.org.br\/2024\/\",\"logo\":{\"@type\":\"ImageObject\",\"inLanguage\":\"pt-BR\",\"@id\":\"https:\/\/enajus.org.br\/2024\/#\/schema\/logo\/image\/\",\"url\":\"https:\/\/enajus.org.br\/wp-content\/uploads\/2024\/01\/logo-enajus-2024.svg\",\"contentUrl\":\"https:\/\/enajus.org.br\/wp-content\/uploads\/2024\/01\/logo-enajus-2024.svg\",\"width\":491,\"height\":91,\"caption\":\"EnAJUS\"},\"image\":{\"@id\":\"https:\/\/enajus.org.br\/2024\/#\/schema\/logo\/image\/\"},\"sameAs\":[\"https:\/\/www.facebook.com\/enajus2024\",\"https:\/\/www.instagram.com\/enajus2024\",\"https:\/\/www.youtube.com\/c\/enajus\"]}]}<\/script>\n<!-- \/ Yoast SEO plugin. -->","yoast_head_json":{"title":"Programa\u00e7\u00e3o detalhada - EnAJUS","robots":{"index":"index","follow":"follow","max-snippet":"max-snippet:-1","max-image-preview":"max-image-preview:large","max-video-preview":"max-video-preview:-1"},"canonical":"https:\/\/enajus.org.br\/2024\/programacao-detalhada\/","og_locale":"pt_BR","og_type":"article","og_title":"Programa\u00e7\u00e3o detalhada - EnAJUS","og_description":"Configura a programa\u00e7\u00e3o atualizada do EnAJUS 2024. Baixar programa\u00e7\u00e3o detalhada","og_url":"https:\/\/enajus.org.br\/2024\/programacao-detalhada\/","og_site_name":"EnAJUS","article_publisher":"https:\/\/www.facebook.com\/enajus2024","article_modified_time":"2024-11-12T17:01:16+00:00","twitter_card":"summary_large_image","twitter_misc":{"Est. tempo de leitura":"1 minuto"},"schema":{"@context":"https:\/\/schema.org","@graph":[{"@type":"WebPage","@id":"https:\/\/enajus.org.br\/2024\/programacao-detalhada\/","url":"https:\/\/enajus.org.br\/2024\/programacao-detalhada\/","name":"Programa\u00e7\u00e3o detalhada - EnAJUS","isPartOf":{"@id":"https:\/\/enajus.org.br\/2024\/#website"},"datePublished":"2022-10-06T21:37:01+00:00","dateModified":"2024-11-12T17:01:16+00:00","breadcrumb":{"@id":"https:\/\/enajus.org.br\/2024\/programacao-detalhada\/#breadcrumb"},"inLanguage":"pt-BR","potentialAction":[{"@type":"ReadAction","target":["https:\/\/enajus.org.br\/2024\/programacao-detalhada\/"]}]},{"@type":"BreadcrumbList","@id":"https:\/\/enajus.org.br\/2024\/programacao-detalhada\/#breadcrumb","itemListElement":[{"@type":"ListItem","position":1,"name":"In\u00edcio","item":"https:\/\/enajus.org.br\/2024\/"},{"@type":"ListItem","position":2,"name":"Programa\u00e7\u00e3o detalhada"}]},{"@type":"WebSite","@id":"https:\/\/enajus.org.br\/2024\/#website","url":"https:\/\/enajus.org.br\/2024\/","name":"EnAJUS","description":"Encontro de Administra\u00e7\u00e3o da Justi\u00e7a","publisher":{"@id":"https:\/\/enajus.org.br\/2024\/#organization"},"potentialAction":[{"@type":"SearchAction","target":{"@type":"EntryPoint","urlTemplate":"https:\/\/enajus.org.br\/2024\/?s={search_term_string}"},"query-input":{"@type":"PropertyValueSpecification","valueRequired":true,"valueName":"search_term_string"}}],"inLanguage":"pt-BR"},{"@type":"Organization","@id":"https:\/\/enajus.org.br\/2024\/#organization","name":"EnAJUS","url":"https:\/\/enajus.org.br\/2024\/","logo":{"@type":"ImageObject","inLanguage":"pt-BR","@id":"https:\/\/enajus.org.br\/2024\/#\/schema\/logo\/image\/","url":"https:\/\/enajus.org.br\/wp-content\/uploads\/2024\/01\/logo-enajus-2024.svg","contentUrl":"https:\/\/enajus.org.br\/wp-content\/uploads\/2024\/01\/logo-enajus-2024.svg","width":491,"height":91,"caption":"EnAJUS"},"image":{"@id":"https:\/\/enajus.org.br\/2024\/#\/schema\/logo\/image\/"},"sameAs":["https:\/\/www.facebook.com\/enajus2024","https:\/\/www.instagram.com\/enajus2024","https:\/\/www.youtube.com\/c\/enajus"]}]}},"_links":{"self":[{"href":"https:\/\/enajus.org.br\/2024\/wp-json\/wp\/v2\/pages\/1160","targetHints":{"allow":["GET"]}}],"collection":[{"href":"https:\/\/enajus.org.br\/2024\/wp-json\/wp\/v2\/pages"}],"about":[{"href":"https:\/\/enajus.org.br\/2024\/wp-json\/wp\/v2\/types\/page"}],"author":[{"embeddable":true,"href":"https:\/\/enajus.org.br\/2024\/wp-json\/wp\/v2\/users\/1"}],"replies":[{"embeddable":true,"href":"https:\/\/enajus.org.br\/2024\/wp-json\/wp\/v2\/comments?post=1160"}],"version-history":[{"count":5,"href":"https:\/\/enajus.org.br\/2024\/wp-json\/wp\/v2\/pages\/1160\/revisions"}],"predecessor-version":[{"id":2312,"href":"https:\/\/enajus.org.br\/2024\/wp-json\/wp\/v2\/pages\/1160\/revisions\/2312"}],"wp:attachment":[{"href":"https:\/\/enajus.org.br\/2024\/wp-json\/wp\/v2\/media?parent=1160"}],"curies":[{"name":"wp","href":"https:\/\/api.w.org\/{rel}","templated":true}]}}