{"id":698,"date":"2021-12-30T13:27:04","date_gmt":"2021-12-30T16:27:04","guid":{"rendered":"https:\/\/enajus.org.br\/?page_id=698"},"modified":"2024-01-29T16:02:27","modified_gmt":"2024-01-29T19:02:27","slug":"sobre-o-enajus","status":"publish","type":"page","link":"https:\/\/enajus.org.br\/2024\/sobre-o-enajus\/","title":{"rendered":"Sobre o EnAJUS"},"content":{"rendered":"\n<p>O Encontro de Administra\u00e7\u00e3o da Justi\u00e7a \u2013 <strong>EnAJUS 2024 <\/strong>\u2013 constitui a s\u00e9tima edi\u00e7\u00e3o de evento cient\u00edfico que vem, desde sua primeira realiza\u00e7\u00e3o, em 2018, propondo a discuss\u00e3o, com base em evid\u00eancias, das distintas dimens\u00f5es te\u00f3ricas, metodol\u00f3gicas e pr\u00e1ticas, que comp\u00f5em o funcionamento do sistema de justi\u00e7a.<\/p>\n\n\n\n<p>Trata-se de iniciativa que visa congregar v\u00e1rias \u00e1reas do conhecimento, como Direito, Economia, Sociologia, Ci\u00eancia Pol\u00edtica e Administra\u00e7\u00e3o P\u00fablica, com a finalidade de gerar e disseminar conhecimentos capazes de melhorar os n\u00edveis de efici\u00eancia e de efetividade da Justi\u00e7a. Essa a\u00e7\u00e3o \u00e9 particularmente importante, na medida em que sistemas de justi\u00e7a s\u00e3o, regra geral, caros, congestionados, lentos e pouco efetivos.<\/p>\n\n\n\n<p>O EnAJUS 2024 ter\u00e1 sess\u00f5es destinadas a apresenta\u00e7\u00f5es de trabalhos e pain\u00e9is tem\u00e1ticos. Al\u00e9m disso, o evento oferecer\u00e1 minicursos focados em m\u00e9todos e t\u00e9cnicas de pesquisa, que visam oferecer oportunidades de capacita\u00e7\u00e3o a indiv\u00edduos interessados em ampliar o conhecimento sobre pesquisa em Administra\u00e7\u00e3o da Justi\u00e7a apoiada em dados e evid\u00eancias.<\/p>\n\n\n\n<p>Administra\u00e7\u00e3o da Justi\u00e7a \u00e9 tema de alta relev\u00e2ncia social e pol\u00edtica, por\u00e9m ainda pouco estudado, em particular nos pa\u00edses de matriz lus\u00f3fona. A administra\u00e7\u00e3o da justi\u00e7a implica o uso coordenado e articulado de recursos, conhecimentos, pessoas, regras e leis, com o objetivo de resolver conflitos entre indiv\u00edduos, grupos e organiza\u00e7\u00f5es. Consequentemente, sistemas de justi\u00e7a bem administrados s\u00e3o uma conquista civilizat\u00f3ria das sociedades e contribuem para a paz social e para o desenvolvimento socioecon\u00f4mico de pa\u00edses em geral. Sistemas de justi\u00e7a bem administrados tamb\u00e9m podem fomentar rela\u00e7\u00f5es sociais baseadas em valores e princ\u00edpios \u00e9ticos e morais, incluindo o respeito \u00e0s leis e regras que regem tais rela\u00e7\u00f5es, e o reconhecimento dos direitos de grupos sociais e indiv\u00edduos.<\/p>\n\n\n\n<p>O conceito de sistema de justi\u00e7a envolve o funcionamento de organiza\u00e7\u00f5es judiciais, como os tribunais, e outras institui\u00e7\u00f5es essenciais \u00e0 justi\u00e7a, como Minist\u00e9rio P\u00fablico, Advocacia P\u00fablica, Advocacia, Defensoria P\u00fablica, tribunais administrativos, cart\u00f3rios e \u00f3rg\u00e3os de seguran\u00e7a p\u00fablica. Inclui, tamb\u00e9m, as rela\u00e7\u00f5es entre as organiza\u00e7\u00f5es do sistema de justi\u00e7a e organiza\u00e7\u00f5es de outros sistemas, como organiza\u00e7\u00f5es pol\u00edticas, governamentais, do mercado e da sociedade civil. Como campo de pesquisa, a Administra\u00e7\u00e3o da Justi\u00e7a compreende m\u00faltiplas teorias e m\u00e9todos de pesquisa, visando investigar a gest\u00e3o do sistema de justi\u00e7a em diferentes perspectivas e n\u00edveis de an\u00e1lise. Trata da rela\u00e7\u00e3o entre administra\u00e7\u00e3o e provis\u00e3o de justi\u00e7a em um determinado contexto social, empregando m\u00faltiplas lentes conceituais e metodol\u00f3gicas.<\/p>\n\n\n\n<h2 class=\"wp-block-heading\"><strong>Escopo e Objetivos<\/strong><\/h2>\n\n\n\n<p>O Encontro de Administra\u00e7\u00e3o da Justi\u00e7a \u2013 EnAJUS \u00e9 um espa\u00e7o de di\u00e1logo entre professores, pesquisadores, t\u00e9cnicos, gestores p\u00fablicos, formuladores de pol\u00edticas p\u00fablicas, operadores do direito e alunos de gradua\u00e7\u00e3o e p\u00f3s-gradua\u00e7\u00e3o interessados no tema. O evento estimular\u00e1 o debate aprofundado entre os participantes e visa:<\/p>\n\n\n\n<ol class=\"wp-block-list\" style=\"list-style-type:lower-alpha\">\n<li>Ampliar, organizar e disseminar o conhecimento sobre Administra\u00e7\u00e3o da Justi\u00e7a;<\/li>\n\n\n\n<li>Desenvolver redes de coopera\u00e7\u00e3o, com a troca de experi\u00eancias relacionadas com a tem\u00e1tica;<\/li>\n\n\n\n<li>Disseminar o conhecimento a respeito de inova\u00e7\u00f5es e boas pr\u00e1ticas de gest\u00e3o em organiza\u00e7\u00f5es do Sistema de Justi\u00e7a;<\/li>\n\n\n\n<li>Promover a interdisciplinaridade, mostrando como a Administra\u00e7\u00e3o da Justi\u00e7a congrega v\u00e1rias \u00e1reas do conhecimento, como Direito, Economia, Sociologia e Administra\u00e7\u00e3o P\u00fablica;<\/li>\n\n\n\n<li>Contribuir com a capacita\u00e7\u00e3o de indiv\u00edduos interessados em realizar pesquisas sobre Administra\u00e7\u00e3o da Justi\u00e7a com base em dados e evid\u00eancias.<\/li>\n<\/ol>\n\n\n\n<h2 class=\"wp-block-heading\"><strong>Hist\u00f3rico do EnAJUS<\/strong><\/h2>\n\n\n\n<p>O EnAJUS teve in\u00edcio em 2018, e as suas duas primeiras edi\u00e7\u00f5es, 2018 e 2019, realizadas em Bras\u00edlia, Brasil, resultaram do trabalho cooperativo do grupo de pesquisa Administra\u00e7\u00e3o da Justi\u00e7a (AJUS), dos programas de p\u00f3s-gradua\u00e7\u00e3o em Administra\u00e7\u00e3o e em Direito, ambos da Universidade de Bras\u00edlia, do Centro de Administra\u00e7\u00e3o e Pol\u00edticas P\u00fablicas (CAPP) da Universidade de Lisboa, e do Instituto Brasileiro de Estudos e Pesquisas Sociais (IBEPES). A edi\u00e7\u00e3o de 2020 teve Curitiba, Brasil, como cidade-sede e foi promovida no formato online, em decorr\u00eancia da pandemia COVID-19. Juntaram-se ao grupo organizador do evento dois novos atores importantes: a Universidade Positivo (UP), por meio dos programas de p\u00f3s-gradua\u00e7\u00e3o em Administra\u00e7\u00e3o e em Direito, e a Dire\u00e7\u00e3o-Geral de Pol\u00edtica de Justi\u00e7a (DGPJ), do Minist\u00e9rio da Justi\u00e7a de Portugal.<\/p>\n\n\n\n<p>Em 2021 o EnAJUS foi realizado em formato h\u00edbrido, com atividades presenciais em Lisboa, Portugal, e atividades remotas e transmiss\u00e3o ao vivo pela internet. Ao grupo organizador anterior juntaram-se o Instituto de Investiga\u00e7\u00e3o Interdisciplinar (IURIS), da Universidade de Lisboa, e os grupos de pesquisa Administra\u00e7\u00e3o, Governo e Pol\u00edticas P\u00fablicas do Poder Judici\u00e1rio (GPJUs) e Gest\u00e3o, Desempenho e Efetividade do Judici\u00e1rio (GEJUD), do Brasil. O EnAJUS 2022 foi realizado em Curitiba, Brasil, no formato presencial, com op\u00e7\u00e3o de participa\u00e7\u00e3o remota para autores residentes fora do Brasil. A Escola de Forma\u00e7\u00e3o Judici\u00e1ria do Tribunal de Justi\u00e7a do Distrito Federal e Territ\u00f3rios (EJuDFT), Bras\u00edlia, Brasil, a Faculdade de Direito da Universidade de Coimbra (FDUC), Coimbra, Portugal e o Instituto Brasileiro de Administra\u00e7\u00e3o do Sistema Judici\u00e1rio (IBRAJUS) passaram a integrar, em 2022, o conjunto de institui\u00e7\u00f5es e grupos de pesquisa respons\u00e1vel pela realiza\u00e7\u00e3o do evento.<\/p>\n\n\n\n<p>A sexta edi\u00e7\u00e3o do EnAJUS, realizada em 2023, em Bras\u00edlia, teve como institui\u00e7\u00e3o anfitri\u00e3 o Centro Universit\u00e1rio IESB, e Acesso \u00e0 Justi\u00e7a como tema central. Acesso \u00e0 justi\u00e7a \u00e9 tema complexo e poliss\u00eamico, que vai al\u00e9m do acesso aos \u00f3rg\u00e3os de justi\u00e7a e constitui grande desafio de sociedades em geral, especialmente nos pa\u00edses em desenvolvimento. Como tal, o tema foi tratado de forma transversal associado a diversos outros temas, como tecnologia, governan\u00e7a, pol\u00edticas p\u00fablicas etc. Destaca-se, nessa sexta edi\u00e7\u00e3o, o apoio institucional do Conselho Nacional de Justi\u00e7a (CNJ), em raz\u00e3o do alinhamento do evento com a pol\u00edtica de pesquisas judici\u00e1rias e ci\u00eancia de dados, constante da Resolu\u00e7\u00e3o n\u00ba 462\/2022.<\/p>\n\n\n\n<p>Ainda sobre a edi\u00e7\u00e3o de 2023, sua programa\u00e7\u00e3o contou com uma confer\u00eancia de abertura, tratando do tema \u201cpol\u00edticas p\u00fablicas e acesso \u00e0 justi\u00e7a\u201d, e com tr\u00eas pain\u00e9is tem\u00e1ticos, os quais discutiram temas como a forma\u00e7\u00e3o dos profissionais da Justi\u00e7a, tecnologia e inova\u00e7\u00e3o, al\u00e9m da quest\u00e3o das insterseccionalidades no acesso \u00e0 justi\u00e7a. Houve tamb\u00e9m o oferecimento de tr\u00eas minicursos de forma\u00e7\u00e3o em pesquisa, sendo um deles presencial e os demais no formato telepresencial. Durante o evento, foram apresentados 83 trabalhos (40 trabalhos emp\u00edricos, 25 ensaios te\u00f3ricos e 18 relat\u00f3rios t\u00e9cnicos), previamente selecionados por um corpo t\u00e9cnico, e tr\u00eas deles, um de cada categoria, receberam o <strong>Pr\u00eamio Tomas de Aquino Guimar\u00e3es de Melhores Trabalhos EnAJUS 2023<\/strong>.<\/p>\n\n\n\n<p>O EnAJUS re\u00fane, anualmente, aproximadamente 120 participantes, entre professores, pesquisadores, t\u00e9cnicos, gestores p\u00fablicos, formuladores de pol\u00edticas p\u00fablicas, operadores do direito e estudantes de gradua\u00e7\u00e3o e p\u00f3s-gradua\u00e7\u00e3o. Trata-se, portanto, de evento que se consolidou e tornou-se internacional rapidamente. O EnAJUS somente tornou-se realidade e um sucesso entre estudiosos e praticantes da Administra\u00e7\u00e3o da Justi\u00e7a por meio do trabalho volunt\u00e1rio de mais de uma centena de indiv\u00edduos, que atuaram como organizadores, palestrantes, autores de trabalhos, avaliadores e em atividades t\u00e9cnicas e de apoio operacional e log\u00edstico. Mais informa\u00e7\u00f5es a respeito das edi\u00e7\u00f5es anteriores do EnAJUS podem ser encontradas em\u00a0<a href=\"https:\/\/www.enajus.org.br\/edicoes-anteriores\">https:\/\/www.enajus.org.br\/edicoes-anteriores<\/a>.<\/p>\n","protected":false},"excerpt":{"rendered":"<p>O Encontro de Administra\u00e7\u00e3o da Justi\u00e7a \u2013 EnAJUS 2024 \u2013 constitui a s\u00e9tima edi\u00e7\u00e3o de evento cient\u00edfico que vem, desde sua primeira realiza\u00e7\u00e3o, em 2018, propondo a discuss\u00e3o, com base em evid\u00eancias, das distintas dimens\u00f5es te\u00f3ricas, metodol\u00f3gicas e pr\u00e1ticas, que comp\u00f5em o funcionamento do sistema de justi\u00e7a. Trata-se de iniciativa que visa congregar v\u00e1rias \u00e1reas &hellip; <a href=\"https:\/\/enajus.org.br\/2024\/sobre-o-enajus\/\" class=\"more-link\">Continue lendo<span class=\"screen-reader-text\"> &#8220;Sobre o EnAJUS&#8221;<\/span><\/a><\/p>\n","protected":false},"author":1,"featured_media":0,"parent":0,"menu_order":0,"comment_status":"closed","ping_status":"closed","template":"","meta":{"_acf_changed":false,"footnotes":""},"class_list":["post-698","page","type-page","status-publish","hentry"],"acf":[],"yoast_head":"<!-- This site is optimized with the Yoast SEO plugin v23.4 - https:\/\/yoast.com\/wordpress\/plugins\/seo\/ -->\n<title>Sobre o EnAJUS - EnAJUS<\/title>\n<meta name=\"robots\" content=\"index, follow, max-snippet:-1, max-image-preview:large, max-video-preview:-1\" \/>\n<link rel=\"canonical\" href=\"https:\/\/enajus.org.br\/2024\/sobre-o-enajus\/\" \/>\n<meta property=\"og:locale\" content=\"pt_BR\" \/>\n<meta property=\"og:type\" content=\"article\" \/>\n<meta property=\"og:title\" content=\"Sobre o EnAJUS - EnAJUS\" \/>\n<meta property=\"og:description\" content=\"O Encontro de Administra\u00e7\u00e3o da Justi\u00e7a \u2013 EnAJUS 2024 \u2013 constitui a s\u00e9tima edi\u00e7\u00e3o de evento cient\u00edfico que vem, desde sua primeira realiza\u00e7\u00e3o, em 2018, propondo a discuss\u00e3o, com base em evid\u00eancias, das distintas dimens\u00f5es te\u00f3ricas, metodol\u00f3gicas e pr\u00e1ticas, que comp\u00f5em o funcionamento do sistema de justi\u00e7a. Trata-se de iniciativa que visa congregar v\u00e1rias \u00e1reas &hellip; Continue lendo &quot;Sobre o EnAJUS&quot;\" \/>\n<meta property=\"og:url\" content=\"https:\/\/enajus.org.br\/2024\/sobre-o-enajus\/\" \/>\n<meta property=\"og:site_name\" content=\"EnAJUS\" \/>\n<meta property=\"article:publisher\" content=\"https:\/\/www.facebook.com\/enajus2024\" \/>\n<meta property=\"article:modified_time\" content=\"2024-01-29T19:02:27+00:00\" \/>\n<meta name=\"twitter:card\" content=\"summary_large_image\" \/>\n<meta name=\"twitter:label1\" content=\"Est. tempo de leitura\" \/>\n\t<meta name=\"twitter:data1\" content=\"7 minutos\" \/>\n<script type=\"application\/ld+json\" class=\"yoast-schema-graph\">{\"@context\":\"https:\/\/schema.org\",\"@graph\":[{\"@type\":\"WebPage\",\"@id\":\"https:\/\/enajus.org.br\/2024\/sobre-o-enajus\/\",\"url\":\"https:\/\/enajus.org.br\/2024\/sobre-o-enajus\/\",\"name\":\"Sobre o EnAJUS - EnAJUS\",\"isPartOf\":{\"@id\":\"https:\/\/enajus.org.br\/2024\/#website\"},\"datePublished\":\"2021-12-30T16:27:04+00:00\",\"dateModified\":\"2024-01-29T19:02:27+00:00\",\"breadcrumb\":{\"@id\":\"https:\/\/enajus.org.br\/2024\/sobre-o-enajus\/#breadcrumb\"},\"inLanguage\":\"pt-BR\",\"potentialAction\":[{\"@type\":\"ReadAction\",\"target\":[\"https:\/\/enajus.org.br\/2024\/sobre-o-enajus\/\"]}]},{\"@type\":\"BreadcrumbList\",\"@id\":\"https:\/\/enajus.org.br\/2024\/sobre-o-enajus\/#breadcrumb\",\"itemListElement\":[{\"@type\":\"ListItem\",\"position\":1,\"name\":\"In\u00edcio\",\"item\":\"https:\/\/enajus.org.br\/2024\/\"},{\"@type\":\"ListItem\",\"position\":2,\"name\":\"Sobre o EnAJUS\"}]},{\"@type\":\"WebSite\",\"@id\":\"https:\/\/enajus.org.br\/2024\/#website\",\"url\":\"https:\/\/enajus.org.br\/2024\/\",\"name\":\"EnAJUS\",\"description\":\"Encontro de Administra\u00e7\u00e3o da Justi\u00e7a\",\"publisher\":{\"@id\":\"https:\/\/enajus.org.br\/2024\/#organization\"},\"potentialAction\":[{\"@type\":\"SearchAction\",\"target\":{\"@type\":\"EntryPoint\",\"urlTemplate\":\"https:\/\/enajus.org.br\/2024\/?s={search_term_string}\"},\"query-input\":{\"@type\":\"PropertyValueSpecification\",\"valueRequired\":true,\"valueName\":\"search_term_string\"}}],\"inLanguage\":\"pt-BR\"},{\"@type\":\"Organization\",\"@id\":\"https:\/\/enajus.org.br\/2024\/#organization\",\"name\":\"EnAJUS\",\"url\":\"https:\/\/enajus.org.br\/2024\/\",\"logo\":{\"@type\":\"ImageObject\",\"inLanguage\":\"pt-BR\",\"@id\":\"https:\/\/enajus.org.br\/2024\/#\/schema\/logo\/image\/\",\"url\":\"https:\/\/enajus.org.br\/wp-content\/uploads\/2024\/01\/logo-enajus-2024.svg\",\"contentUrl\":\"https:\/\/enajus.org.br\/wp-content\/uploads\/2024\/01\/logo-enajus-2024.svg\",\"width\":491,\"height\":91,\"caption\":\"EnAJUS\"},\"image\":{\"@id\":\"https:\/\/enajus.org.br\/2024\/#\/schema\/logo\/image\/\"},\"sameAs\":[\"https:\/\/www.facebook.com\/enajus2024\",\"https:\/\/www.instagram.com\/enajus2024\",\"https:\/\/www.youtube.com\/c\/enajus\"]}]}<\/script>\n<!-- \/ Yoast SEO plugin. -->","yoast_head_json":{"title":"Sobre o EnAJUS - EnAJUS","robots":{"index":"index","follow":"follow","max-snippet":"max-snippet:-1","max-image-preview":"max-image-preview:large","max-video-preview":"max-video-preview:-1"},"canonical":"https:\/\/enajus.org.br\/2024\/sobre-o-enajus\/","og_locale":"pt_BR","og_type":"article","og_title":"Sobre o EnAJUS - EnAJUS","og_description":"O Encontro de Administra\u00e7\u00e3o da Justi\u00e7a \u2013 EnAJUS 2024 \u2013 constitui a s\u00e9tima edi\u00e7\u00e3o de evento cient\u00edfico que vem, desde sua primeira realiza\u00e7\u00e3o, em 2018, propondo a discuss\u00e3o, com base em evid\u00eancias, das distintas dimens\u00f5es te\u00f3ricas, metodol\u00f3gicas e pr\u00e1ticas, que comp\u00f5em o funcionamento do sistema de justi\u00e7a. Trata-se de iniciativa que visa congregar v\u00e1rias \u00e1reas &hellip; Continue lendo \"Sobre o EnAJUS\"","og_url":"https:\/\/enajus.org.br\/2024\/sobre-o-enajus\/","og_site_name":"EnAJUS","article_publisher":"https:\/\/www.facebook.com\/enajus2024","article_modified_time":"2024-01-29T19:02:27+00:00","twitter_card":"summary_large_image","twitter_misc":{"Est. tempo de leitura":"7 minutos"},"schema":{"@context":"https:\/\/schema.org","@graph":[{"@type":"WebPage","@id":"https:\/\/enajus.org.br\/2024\/sobre-o-enajus\/","url":"https:\/\/enajus.org.br\/2024\/sobre-o-enajus\/","name":"Sobre o EnAJUS - EnAJUS","isPartOf":{"@id":"https:\/\/enajus.org.br\/2024\/#website"},"datePublished":"2021-12-30T16:27:04+00:00","dateModified":"2024-01-29T19:02:27+00:00","breadcrumb":{"@id":"https:\/\/enajus.org.br\/2024\/sobre-o-enajus\/#breadcrumb"},"inLanguage":"pt-BR","potentialAction":[{"@type":"ReadAction","target":["https:\/\/enajus.org.br\/2024\/sobre-o-enajus\/"]}]},{"@type":"BreadcrumbList","@id":"https:\/\/enajus.org.br\/2024\/sobre-o-enajus\/#breadcrumb","itemListElement":[{"@type":"ListItem","position":1,"name":"In\u00edcio","item":"https:\/\/enajus.org.br\/2024\/"},{"@type":"ListItem","position":2,"name":"Sobre o EnAJUS"}]},{"@type":"WebSite","@id":"https:\/\/enajus.org.br\/2024\/#website","url":"https:\/\/enajus.org.br\/2024\/","name":"EnAJUS","description":"Encontro de Administra\u00e7\u00e3o da Justi\u00e7a","publisher":{"@id":"https:\/\/enajus.org.br\/2024\/#organization"},"potentialAction":[{"@type":"SearchAction","target":{"@type":"EntryPoint","urlTemplate":"https:\/\/enajus.org.br\/2024\/?s={search_term_string}"},"query-input":{"@type":"PropertyValueSpecification","valueRequired":true,"valueName":"search_term_string"}}],"inLanguage":"pt-BR"},{"@type":"Organization","@id":"https:\/\/enajus.org.br\/2024\/#organization","name":"EnAJUS","url":"https:\/\/enajus.org.br\/2024\/","logo":{"@type":"ImageObject","inLanguage":"pt-BR","@id":"https:\/\/enajus.org.br\/2024\/#\/schema\/logo\/image\/","url":"https:\/\/enajus.org.br\/wp-content\/uploads\/2024\/01\/logo-enajus-2024.svg","contentUrl":"https:\/\/enajus.org.br\/wp-content\/uploads\/2024\/01\/logo-enajus-2024.svg","width":491,"height":91,"caption":"EnAJUS"},"image":{"@id":"https:\/\/enajus.org.br\/2024\/#\/schema\/logo\/image\/"},"sameAs":["https:\/\/www.facebook.com\/enajus2024","https:\/\/www.instagram.com\/enajus2024","https:\/\/www.youtube.com\/c\/enajus"]}]}},"_links":{"self":[{"href":"https:\/\/enajus.org.br\/2024\/wp-json\/wp\/v2\/pages\/698","targetHints":{"allow":["GET"]}}],"collection":[{"href":"https:\/\/enajus.org.br\/2024\/wp-json\/wp\/v2\/pages"}],"about":[{"href":"https:\/\/enajus.org.br\/2024\/wp-json\/wp\/v2\/types\/page"}],"author":[{"embeddable":true,"href":"https:\/\/enajus.org.br\/2024\/wp-json\/wp\/v2\/users\/1"}],"replies":[{"embeddable":true,"href":"https:\/\/enajus.org.br\/2024\/wp-json\/wp\/v2\/comments?post=698"}],"version-history":[{"count":0,"href":"https:\/\/enajus.org.br\/2024\/wp-json\/wp\/v2\/pages\/698\/revisions"}],"wp:attachment":[{"href":"https:\/\/enajus.org.br\/2024\/wp-json\/wp\/v2\/media?parent=698"}],"curies":[{"name":"wp","href":"https:\/\/api.w.org\/{rel}","templated":true}]}}