{"id":702,"date":"2021-12-30T13:30:43","date_gmt":"2021-12-30T16:30:43","guid":{"rendered":"https:\/\/enajus.org.br\/?page_id=702"},"modified":"2021-12-30T18:52:07","modified_gmt":"2021-12-30T21:52:07","slug":"contato","status":"publish","type":"page","link":"https:\/\/enajus.org.br\/2024\/contato\/","title":{"rendered":"Contato"},"content":{"rendered":"\n<div class=\"wp-block-columns is-layout-flex wp-container-core-columns-is-layout-9d6595d7 wp-block-columns-is-layout-flex\">\n<div class=\"wp-block-column is-layout-flow wp-block-column-is-layout-flow\" style=\"flex-basis:25%\"><\/div>\n\n\n\n<div class=\"wp-block-column is-layout-flow wp-block-column-is-layout-flow\" style=\"flex-basis:50%\">\n<p class=\"has-text-align-center\">e-mail\u00a0<a href=\"mailto:enajus@ajus.org.br\">enajus@ajus.org.br<\/a><\/p>\n\n\n\n<div class=\"wpcf7 no-js\" id=\"wpcf7-f577-o1\" lang=\"pt-BR\" dir=\"ltr\" data-wpcf7-id=\"577\">\n<div class=\"screen-reader-response\"><p role=\"status\" aria-live=\"polite\" aria-atomic=\"true\"><\/p> <ul><\/ul><\/div>\n<form action=\"\/2024\/wp-json\/wp\/v2\/pages\/702#wpcf7-f577-o1\" method=\"post\" class=\"wpcf7-form init\" aria-label=\"Formul\u00e1rios de contato\" novalidate=\"novalidate\" data-status=\"init\">\n<fieldset class=\"hidden-fields-container\"><input type=\"hidden\" name=\"_wpcf7\" value=\"577\" \/><input type=\"hidden\" name=\"_wpcf7_version\" value=\"6.1.5\" \/><input type=\"hidden\" name=\"_wpcf7_locale\" value=\"pt_BR\" \/><input type=\"hidden\" name=\"_wpcf7_unit_tag\" value=\"wpcf7-f577-o1\" \/><input type=\"hidden\" name=\"_wpcf7_container_post\" value=\"0\" \/><input type=\"hidden\" name=\"_wpcf7_posted_data_hash\" value=\"\" \/><input type=\"hidden\" name=\"_wpcf7_recaptcha_response\" value=\"\" \/>\n<\/fieldset>\n<p><label> Nome<br \/>\n<span class=\"wpcf7-form-control-wrap\" data-name=\"nome\"><input size=\"40\" maxlength=\"400\" class=\"wpcf7-form-control wpcf7-text wpcf7-validates-as-required form-control\" aria-required=\"true\" aria-invalid=\"false\" value=\"\" type=\"text\" name=\"nome\" \/><\/span> <\/label>\n<\/p>\n<p><label> E-mail<br \/>\n<span class=\"wpcf7-form-control-wrap\" data-name=\"email\"><input size=\"40\" maxlength=\"400\" class=\"wpcf7-form-control wpcf7-email wpcf7-validates-as-required wpcf7-text wpcf7-validates-as-email form-control\" aria-required=\"true\" aria-invalid=\"false\" value=\"\" type=\"email\" name=\"email\" \/><\/span><\/label>\n<\/p>\n<p><label class=\"phone-mask\"> Telefone<br \/>\n<span class=\"wpcf7-form-control-wrap\" data-name=\"telefone\"><input size=\"40\" maxlength=\"400\" minlength=\"12\" class=\"wpcf7-form-control wpcf7-text wpcf7-validates-as-required form-control\" aria-required=\"true\" aria-invalid=\"false\" value=\"\" type=\"text\" name=\"telefone\" \/><\/span> <\/label>\n<\/p>\n<p><label> Mensagem<br \/>\n<span class=\"wpcf7-form-control-wrap\" data-name=\"mensagem\"><textarea cols=\"40\" rows=\"5\" maxlength=\"2000\" class=\"wpcf7-form-control wpcf7-textarea wpcf7-validates-as-required form-control\" aria-required=\"true\" aria-invalid=\"false\" name=\"mensagem\"><\/textarea><\/span> <\/label>\n<\/p>\n<p><input class=\"wpcf7-form-control wpcf7-submit has-spinner\" type=\"submit\" value=\"Enviar\" \/>\n<\/p><div class=\"wpcf7-response-output\" aria-hidden=\"true\"><\/div>\n<\/form>\n<\/div>\n\n<\/div>\n\n\n\n<div class=\"wp-block-column is-layout-flow wp-block-column-is-layout-flow\" style=\"flex-basis:25%\"><\/div>\n<\/div>\n\n\n\n<p><\/p>\n","protected":false},"excerpt":{"rendered":"<p>e-mail\u00a0enajus@ajus.org.br<\/p>\n","protected":false},"author":1,"featured_media":0,"parent":0,"menu_order":0,"comment_status":"closed","ping_status":"closed","template":"","meta":{"_acf_changed":false,"footnotes":""},"class_list":["post-702","page","type-page","status-publish","hentry"],"acf":[],"yoast_head":"<!-- This site is optimized with the Yoast SEO plugin v23.4 - https:\/\/yoast.com\/wordpress\/plugins\/seo\/ -->\n<title>Contato - EnAJUS<\/title>\n<meta name=\"robots\" content=\"index, follow, max-snippet:-1, max-image-preview:large, max-video-preview:-1\" \/>\n<link rel=\"canonical\" href=\"https:\/\/enajus.org.br\/2024\/contato\/\" \/>\n<meta property=\"og:locale\" content=\"pt_BR\" \/>\n<meta property=\"og:type\" content=\"article\" \/>\n<meta property=\"og:title\" content=\"Contato - EnAJUS\" \/>\n<meta property=\"og:description\" content=\"e-mail\u00a0enajus@ajus.org.br\" \/>\n<meta property=\"og:url\" content=\"https:\/\/enajus.org.br\/2024\/contato\/\" \/>\n<meta property=\"og:site_name\" content=\"EnAJUS\" \/>\n<meta property=\"article:publisher\" content=\"https:\/\/www.facebook.com\/enajus2024\" \/>\n<meta property=\"article:modified_time\" content=\"2021-12-30T21:52:07+00:00\" \/>\n<meta name=\"twitter:card\" content=\"summary_large_image\" \/>\n<script type=\"application\/ld+json\" class=\"yoast-schema-graph\">{\"@context\":\"https:\/\/schema.org\",\"@graph\":[{\"@type\":\"WebPage\",\"@id\":\"https:\/\/enajus.org.br\/2024\/contato\/\",\"url\":\"https:\/\/enajus.org.br\/2024\/contato\/\",\"name\":\"Contato - EnAJUS\",\"isPartOf\":{\"@id\":\"https:\/\/enajus.org.br\/2024\/#website\"},\"datePublished\":\"2021-12-30T16:30:43+00:00\",\"dateModified\":\"2021-12-30T21:52:07+00:00\",\"breadcrumb\":{\"@id\":\"https:\/\/enajus.org.br\/2024\/contato\/#breadcrumb\"},\"inLanguage\":\"pt-BR\",\"potentialAction\":[{\"@type\":\"ReadAction\",\"target\":[\"https:\/\/enajus.org.br\/2024\/contato\/\"]}]},{\"@type\":\"BreadcrumbList\",\"@id\":\"https:\/\/enajus.org.br\/2024\/contato\/#breadcrumb\",\"itemListElement\":[{\"@type\":\"ListItem\",\"position\":1,\"name\":\"In\u00edcio\",\"item\":\"https:\/\/enajus.org.br\/2024\/\"},{\"@type\":\"ListItem\",\"position\":2,\"name\":\"Contato\"}]},{\"@type\":\"WebSite\",\"@id\":\"https:\/\/enajus.org.br\/2024\/#website\",\"url\":\"https:\/\/enajus.org.br\/2024\/\",\"name\":\"EnAJUS\",\"description\":\"Encontro de Administra\u00e7\u00e3o da Justi\u00e7a\",\"publisher\":{\"@id\":\"https:\/\/enajus.org.br\/2024\/#organization\"},\"potentialAction\":[{\"@type\":\"SearchAction\",\"target\":{\"@type\":\"EntryPoint\",\"urlTemplate\":\"https:\/\/enajus.org.br\/2024\/?s={search_term_string}\"},\"query-input\":{\"@type\":\"PropertyValueSpecification\",\"valueRequired\":true,\"valueName\":\"search_term_string\"}}],\"inLanguage\":\"pt-BR\"},{\"@type\":\"Organization\",\"@id\":\"https:\/\/enajus.org.br\/2024\/#organization\",\"name\":\"EnAJUS\",\"url\":\"https:\/\/enajus.org.br\/2024\/\",\"logo\":{\"@type\":\"ImageObject\",\"inLanguage\":\"pt-BR\",\"@id\":\"https:\/\/enajus.org.br\/2024\/#\/schema\/logo\/image\/\",\"url\":\"https:\/\/enajus.org.br\/wp-content\/uploads\/2024\/01\/logo-enajus-2024.svg\",\"contentUrl\":\"https:\/\/enajus.org.br\/wp-content\/uploads\/2024\/01\/logo-enajus-2024.svg\",\"width\":491,\"height\":91,\"caption\":\"EnAJUS\"},\"image\":{\"@id\":\"https:\/\/enajus.org.br\/2024\/#\/schema\/logo\/image\/\"},\"sameAs\":[\"https:\/\/www.facebook.com\/enajus2024\",\"https:\/\/www.instagram.com\/enajus2024\",\"https:\/\/www.youtube.com\/c\/enajus\"]}]}<\/script>\n<!-- \/ Yoast SEO plugin. -->","yoast_head_json":{"title":"Contato - EnAJUS","robots":{"index":"index","follow":"follow","max-snippet":"max-snippet:-1","max-image-preview":"max-image-preview:large","max-video-preview":"max-video-preview:-1"},"canonical":"https:\/\/enajus.org.br\/2024\/contato\/","og_locale":"pt_BR","og_type":"article","og_title":"Contato - EnAJUS","og_description":"e-mail\u00a0enajus@ajus.org.br","og_url":"https:\/\/enajus.org.br\/2024\/contato\/","og_site_name":"EnAJUS","article_publisher":"https:\/\/www.facebook.com\/enajus2024","article_modified_time":"2021-12-30T21:52:07+00:00","twitter_card":"summary_large_image","schema":{"@context":"https:\/\/schema.org","@graph":[{"@type":"WebPage","@id":"https:\/\/enajus.org.br\/2024\/contato\/","url":"https:\/\/enajus.org.br\/2024\/contato\/","name":"Contato - EnAJUS","isPartOf":{"@id":"https:\/\/enajus.org.br\/2024\/#website"},"datePublished":"2021-12-30T16:30:43+00:00","dateModified":"2021-12-30T21:52:07+00:00","breadcrumb":{"@id":"https:\/\/enajus.org.br\/2024\/contato\/#breadcrumb"},"inLanguage":"pt-BR","potentialAction":[{"@type":"ReadAction","target":["https:\/\/enajus.org.br\/2024\/contato\/"]}]},{"@type":"BreadcrumbList","@id":"https:\/\/enajus.org.br\/2024\/contato\/#breadcrumb","itemListElement":[{"@type":"ListItem","position":1,"name":"In\u00edcio","item":"https:\/\/enajus.org.br\/2024\/"},{"@type":"ListItem","position":2,"name":"Contato"}]},{"@type":"WebSite","@id":"https:\/\/enajus.org.br\/2024\/#website","url":"https:\/\/enajus.org.br\/2024\/","name":"EnAJUS","description":"Encontro de Administra\u00e7\u00e3o da Justi\u00e7a","publisher":{"@id":"https:\/\/enajus.org.br\/2024\/#organization"},"potentialAction":[{"@type":"SearchAction","target":{"@type":"EntryPoint","urlTemplate":"https:\/\/enajus.org.br\/2024\/?s={search_term_string}"},"query-input":{"@type":"PropertyValueSpecification","valueRequired":true,"valueName":"search_term_string"}}],"inLanguage":"pt-BR"},{"@type":"Organization","@id":"https:\/\/enajus.org.br\/2024\/#organization","name":"EnAJUS","url":"https:\/\/enajus.org.br\/2024\/","logo":{"@type":"ImageObject","inLanguage":"pt-BR","@id":"https:\/\/enajus.org.br\/2024\/#\/schema\/logo\/image\/","url":"https:\/\/enajus.org.br\/wp-content\/uploads\/2024\/01\/logo-enajus-2024.svg","contentUrl":"https:\/\/enajus.org.br\/wp-content\/uploads\/2024\/01\/logo-enajus-2024.svg","width":491,"height":91,"caption":"EnAJUS"},"image":{"@id":"https:\/\/enajus.org.br\/2024\/#\/schema\/logo\/image\/"},"sameAs":["https:\/\/www.facebook.com\/enajus2024","https:\/\/www.instagram.com\/enajus2024","https:\/\/www.youtube.com\/c\/enajus"]}]}},"_links":{"self":[{"href":"https:\/\/enajus.org.br\/2024\/wp-json\/wp\/v2\/pages\/702","targetHints":{"allow":["GET"]}}],"collection":[{"href":"https:\/\/enajus.org.br\/2024\/wp-json\/wp\/v2\/pages"}],"about":[{"href":"https:\/\/enajus.org.br\/2024\/wp-json\/wp\/v2\/types\/page"}],"author":[{"embeddable":true,"href":"https:\/\/enajus.org.br\/2024\/wp-json\/wp\/v2\/users\/1"}],"replies":[{"embeddable":true,"href":"https:\/\/enajus.org.br\/2024\/wp-json\/wp\/v2\/comments?post=702"}],"version-history":[{"count":0,"href":"https:\/\/enajus.org.br\/2024\/wp-json\/wp\/v2\/pages\/702\/revisions"}],"wp:attachment":[{"href":"https:\/\/enajus.org.br\/2024\/wp-json\/wp\/v2\/media?parent=702"}],"curies":[{"name":"wp","href":"https:\/\/api.w.org\/{rel}","templated":true}]}}