{"id":704,"date":"2021-12-30T13:31:07","date_gmt":"2021-12-30T16:31:07","guid":{"rendered":"https:\/\/enajus.org.br\/?page_id=704"},"modified":"2024-04-01T10:28:07","modified_gmt":"2024-04-01T13:28:07","slug":"local","status":"publish","type":"page","link":"https:\/\/enajus.org.br\/2024\/local\/","title":{"rendered":"Local"},"content":{"rendered":"\n<div class=\"wp-block-columns are-vertically-aligned-center is-layout-flex wp-container-core-columns-is-layout-9d6595d7 wp-block-columns-is-layout-flex\" id=\"local-e-data\">\n<div class=\"wp-block-column is-vertically-aligned-center is-layout-flow wp-block-column-is-layout-flow\">\n<figure class=\"wp-block-image size-full\"><img loading=\"lazy\" decoding=\"async\" width=\"800\" height=\"533\" src=\"https:\/\/enajus.org.br\/wp-content\/uploads\/2024\/01\/natal-rn.jpg\" alt=\"\" class=\"wp-image-2037\" srcset=\"https:\/\/enajus.org.br\/2024\/wp-content\/uploads\/2024\/01\/natal-rn.jpg 800w, https:\/\/enajus.org.br\/2024\/wp-content\/uploads\/2024\/01\/natal-rn-400x267.jpg 400w, https:\/\/enajus.org.br\/2024\/wp-content\/uploads\/2024\/01\/natal-rn-768x512.jpg 768w, https:\/\/enajus.org.br\/2024\/wp-content\/uploads\/2024\/01\/natal-rn-18x12.jpg 18w, https:\/\/enajus.org.br\/2024\/wp-content\/uploads\/2024\/01\/natal-rn-300x200.jpg 300w\" sizes=\"auto, (max-width: 800px) 85vw, 800px\" \/><\/figure>\n<\/div>\n\n\n\n<div class=\"wp-block-column is-vertically-aligned-center is-layout-flow wp-block-column-is-layout-flow\">\n<h2 class=\"wp-block-heading\">26 a 29 de novembro de 2024<\/h2>\n\n\n\n<h3 class=\"wp-block-heading\">Hotel-Escola Barreira Roxa (SENAC),<br><strong>Natal, Rio Grande do Norte, Brasil<\/strong><\/h3>\n\n\n\n<p><strong>Via Costeira Sen. Dinarte Medeiros Mariz, 4020 &#8211; M\u00e3e Lu\u00edza, Natal &#8211; RN, 59090-002<\/strong><\/p>\n\n\n\n<p style=\"padding-top:.75rem\"><a href=\"https:\/\/maps.app.goo.gl\/JkPAko5CjoiitkuZ6\" class=\"btn\" target=\"_blank\" rel=\"noopener\">Visualizar o mapa<\/a><\/p>\n<\/div>\n<\/div>\n","protected":false},"excerpt":{"rendered":"<p>26 a 29 de novembro de 2024 Hotel-Escola Barreira Roxa (SENAC),Natal, Rio Grande do Norte, Brasil Via Costeira Sen. Dinarte Medeiros Mariz, 4020 &#8211; M\u00e3e Lu\u00edza, Natal &#8211; RN, 59090-002 Visualizar o mapa<\/p>\n","protected":false},"author":1,"featured_media":0,"parent":0,"menu_order":0,"comment_status":"closed","ping_status":"closed","template":"","meta":{"_acf_changed":false,"footnotes":""},"class_list":["post-704","page","type-page","status-publish","hentry"],"acf":[],"yoast_head":"<!-- This site is optimized with the Yoast SEO plugin v23.4 - https:\/\/yoast.com\/wordpress\/plugins\/seo\/ -->\n<title>Local - EnAJUS<\/title>\n<meta name=\"robots\" content=\"index, follow, max-snippet:-1, max-image-preview:large, max-video-preview:-1\" \/>\n<link rel=\"canonical\" href=\"https:\/\/enajus.org.br\/2024\/local\/\" \/>\n<meta property=\"og:locale\" content=\"pt_BR\" \/>\n<meta property=\"og:type\" content=\"article\" \/>\n<meta property=\"og:title\" content=\"Local - EnAJUS\" \/>\n<meta property=\"og:description\" content=\"26 a 29 de novembro de 2024 Hotel-Escola Barreira Roxa (SENAC),Natal, Rio Grande do Norte, Brasil Via Costeira Sen. Dinarte Medeiros Mariz, 4020 &#8211; M\u00e3e Lu\u00edza, Natal &#8211; RN, 59090-002 Visualizar o mapa\" \/>\n<meta property=\"og:url\" content=\"https:\/\/enajus.org.br\/2024\/local\/\" \/>\n<meta property=\"og:site_name\" content=\"EnAJUS\" \/>\n<meta property=\"article:publisher\" content=\"https:\/\/www.facebook.com\/enajus2024\" \/>\n<meta property=\"article:modified_time\" content=\"2024-04-01T13:28:07+00:00\" \/>\n<meta property=\"og:image\" content=\"https:\/\/enajus.org.br\/wp-content\/uploads\/2024\/01\/natal-rn.jpg\" \/>\n<meta name=\"twitter:card\" content=\"summary_large_image\" \/>\n<script type=\"application\/ld+json\" class=\"yoast-schema-graph\">{\"@context\":\"https:\/\/schema.org\",\"@graph\":[{\"@type\":\"WebPage\",\"@id\":\"https:\/\/enajus.org.br\/2024\/local\/\",\"url\":\"https:\/\/enajus.org.br\/2024\/local\/\",\"name\":\"Local - EnAJUS\",\"isPartOf\":{\"@id\":\"https:\/\/enajus.org.br\/2024\/#website\"},\"primaryImageOfPage\":{\"@id\":\"https:\/\/enajus.org.br\/2024\/local\/#primaryimage\"},\"image\":{\"@id\":\"https:\/\/enajus.org.br\/2024\/local\/#primaryimage\"},\"thumbnailUrl\":\"https:\/\/enajus.org.br\/wp-content\/uploads\/2024\/01\/natal-rn.jpg\",\"datePublished\":\"2021-12-30T16:31:07+00:00\",\"dateModified\":\"2024-04-01T13:28:07+00:00\",\"breadcrumb\":{\"@id\":\"https:\/\/enajus.org.br\/2024\/local\/#breadcrumb\"},\"inLanguage\":\"pt-BR\",\"potentialAction\":[{\"@type\":\"ReadAction\",\"target\":[\"https:\/\/enajus.org.br\/2024\/local\/\"]}]},{\"@type\":\"ImageObject\",\"inLanguage\":\"pt-BR\",\"@id\":\"https:\/\/enajus.org.br\/2024\/local\/#primaryimage\",\"url\":\"https:\/\/enajus.org.br\/wp-content\/uploads\/2024\/01\/natal-rn.jpg\",\"contentUrl\":\"https:\/\/enajus.org.br\/wp-content\/uploads\/2024\/01\/natal-rn.jpg\"},{\"@type\":\"BreadcrumbList\",\"@id\":\"https:\/\/enajus.org.br\/2024\/local\/#breadcrumb\",\"itemListElement\":[{\"@type\":\"ListItem\",\"position\":1,\"name\":\"In\u00edcio\",\"item\":\"https:\/\/enajus.org.br\/2024\/\"},{\"@type\":\"ListItem\",\"position\":2,\"name\":\"Local\"}]},{\"@type\":\"WebSite\",\"@id\":\"https:\/\/enajus.org.br\/2024\/#website\",\"url\":\"https:\/\/enajus.org.br\/2024\/\",\"name\":\"EnAJUS\",\"description\":\"Encontro de Administra\u00e7\u00e3o da Justi\u00e7a\",\"publisher\":{\"@id\":\"https:\/\/enajus.org.br\/2024\/#organization\"},\"potentialAction\":[{\"@type\":\"SearchAction\",\"target\":{\"@type\":\"EntryPoint\",\"urlTemplate\":\"https:\/\/enajus.org.br\/2024\/?s={search_term_string}\"},\"query-input\":{\"@type\":\"PropertyValueSpecification\",\"valueRequired\":true,\"valueName\":\"search_term_string\"}}],\"inLanguage\":\"pt-BR\"},{\"@type\":\"Organization\",\"@id\":\"https:\/\/enajus.org.br\/2024\/#organization\",\"name\":\"EnAJUS\",\"url\":\"https:\/\/enajus.org.br\/2024\/\",\"logo\":{\"@type\":\"ImageObject\",\"inLanguage\":\"pt-BR\",\"@id\":\"https:\/\/enajus.org.br\/2024\/#\/schema\/logo\/image\/\",\"url\":\"https:\/\/enajus.org.br\/wp-content\/uploads\/2024\/01\/logo-enajus-2024.svg\",\"contentUrl\":\"https:\/\/enajus.org.br\/wp-content\/uploads\/2024\/01\/logo-enajus-2024.svg\",\"width\":491,\"height\":91,\"caption\":\"EnAJUS\"},\"image\":{\"@id\":\"https:\/\/enajus.org.br\/2024\/#\/schema\/logo\/image\/\"},\"sameAs\":[\"https:\/\/www.facebook.com\/enajus2024\",\"https:\/\/www.instagram.com\/enajus2024\",\"https:\/\/www.youtube.com\/c\/enajus\"]}]}<\/script>\n<!-- \/ Yoast SEO plugin. -->","yoast_head_json":{"title":"Local - EnAJUS","robots":{"index":"index","follow":"follow","max-snippet":"max-snippet:-1","max-image-preview":"max-image-preview:large","max-video-preview":"max-video-preview:-1"},"canonical":"https:\/\/enajus.org.br\/2024\/local\/","og_locale":"pt_BR","og_type":"article","og_title":"Local - EnAJUS","og_description":"26 a 29 de novembro de 2024 Hotel-Escola Barreira Roxa (SENAC),Natal, Rio Grande do Norte, Brasil Via Costeira Sen. Dinarte Medeiros Mariz, 4020 &#8211; M\u00e3e Lu\u00edza, Natal &#8211; RN, 59090-002 Visualizar o mapa","og_url":"https:\/\/enajus.org.br\/2024\/local\/","og_site_name":"EnAJUS","article_publisher":"https:\/\/www.facebook.com\/enajus2024","article_modified_time":"2024-04-01T13:28:07+00:00","og_image":[{"url":"https:\/\/enajus.org.br\/wp-content\/uploads\/2024\/01\/natal-rn.jpg"}],"twitter_card":"summary_large_image","schema":{"@context":"https:\/\/schema.org","@graph":[{"@type":"WebPage","@id":"https:\/\/enajus.org.br\/2024\/local\/","url":"https:\/\/enajus.org.br\/2024\/local\/","name":"Local - EnAJUS","isPartOf":{"@id":"https:\/\/enajus.org.br\/2024\/#website"},"primaryImageOfPage":{"@id":"https:\/\/enajus.org.br\/2024\/local\/#primaryimage"},"image":{"@id":"https:\/\/enajus.org.br\/2024\/local\/#primaryimage"},"thumbnailUrl":"https:\/\/enajus.org.br\/wp-content\/uploads\/2024\/01\/natal-rn.jpg","datePublished":"2021-12-30T16:31:07+00:00","dateModified":"2024-04-01T13:28:07+00:00","breadcrumb":{"@id":"https:\/\/enajus.org.br\/2024\/local\/#breadcrumb"},"inLanguage":"pt-BR","potentialAction":[{"@type":"ReadAction","target":["https:\/\/enajus.org.br\/2024\/local\/"]}]},{"@type":"ImageObject","inLanguage":"pt-BR","@id":"https:\/\/enajus.org.br\/2024\/local\/#primaryimage","url":"https:\/\/enajus.org.br\/wp-content\/uploads\/2024\/01\/natal-rn.jpg","contentUrl":"https:\/\/enajus.org.br\/wp-content\/uploads\/2024\/01\/natal-rn.jpg"},{"@type":"BreadcrumbList","@id":"https:\/\/enajus.org.br\/2024\/local\/#breadcrumb","itemListElement":[{"@type":"ListItem","position":1,"name":"In\u00edcio","item":"https:\/\/enajus.org.br\/2024\/"},{"@type":"ListItem","position":2,"name":"Local"}]},{"@type":"WebSite","@id":"https:\/\/enajus.org.br\/2024\/#website","url":"https:\/\/enajus.org.br\/2024\/","name":"EnAJUS","description":"Encontro de Administra\u00e7\u00e3o da Justi\u00e7a","publisher":{"@id":"https:\/\/enajus.org.br\/2024\/#organization"},"potentialAction":[{"@type":"SearchAction","target":{"@type":"EntryPoint","urlTemplate":"https:\/\/enajus.org.br\/2024\/?s={search_term_string}"},"query-input":{"@type":"PropertyValueSpecification","valueRequired":true,"valueName":"search_term_string"}}],"inLanguage":"pt-BR"},{"@type":"Organization","@id":"https:\/\/enajus.org.br\/2024\/#organization","name":"EnAJUS","url":"https:\/\/enajus.org.br\/2024\/","logo":{"@type":"ImageObject","inLanguage":"pt-BR","@id":"https:\/\/enajus.org.br\/2024\/#\/schema\/logo\/image\/","url":"https:\/\/enajus.org.br\/wp-content\/uploads\/2024\/01\/logo-enajus-2024.svg","contentUrl":"https:\/\/enajus.org.br\/wp-content\/uploads\/2024\/01\/logo-enajus-2024.svg","width":491,"height":91,"caption":"EnAJUS"},"image":{"@id":"https:\/\/enajus.org.br\/2024\/#\/schema\/logo\/image\/"},"sameAs":["https:\/\/www.facebook.com\/enajus2024","https:\/\/www.instagram.com\/enajus2024","https:\/\/www.youtube.com\/c\/enajus"]}]}},"_links":{"self":[{"href":"https:\/\/enajus.org.br\/2024\/wp-json\/wp\/v2\/pages\/704","targetHints":{"allow":["GET"]}}],"collection":[{"href":"https:\/\/enajus.org.br\/2024\/wp-json\/wp\/v2\/pages"}],"about":[{"href":"https:\/\/enajus.org.br\/2024\/wp-json\/wp\/v2\/types\/page"}],"author":[{"embeddable":true,"href":"https:\/\/enajus.org.br\/2024\/wp-json\/wp\/v2\/users\/1"}],"replies":[{"embeddable":true,"href":"https:\/\/enajus.org.br\/2024\/wp-json\/wp\/v2\/comments?post=704"}],"version-history":[{"count":0,"href":"https:\/\/enajus.org.br\/2024\/wp-json\/wp\/v2\/pages\/704\/revisions"}],"wp:attachment":[{"href":"https:\/\/enajus.org.br\/2024\/wp-json\/wp\/v2\/media?parent=704"}],"curies":[{"name":"wp","href":"https:\/\/api.w.org\/{rel}","templated":true}]}}