{"id":812,"date":"2022-01-27T14:06:40","date_gmt":"2022-01-27T17:06:40","guid":{"rendered":"https:\/\/enajus.org.br\/?page_id=812"},"modified":"2024-01-29T15:45:29","modified_gmt":"2024-01-29T18:45:29","slug":"tema-central-2024","status":"publish","type":"page","link":"https:\/\/enajus.org.br\/2024\/tema-central-2024\/","title":{"rendered":"Tema Central 2024"},"content":{"rendered":"\n<p>O EnAJUS 2024 tem como tema central <strong>Paz, justi\u00e7a e institui\u00e7\u00f5es eficazes<\/strong>, em clara refer\u00eancia ao t\u00edtulo do Objetivo 16 de Desenvolvimento Sustent\u00e1vel (ODS 16) da Agenda 2030 da Organiza\u00e7\u00e3o das Na\u00e7\u00f5es Unidas \u2013 ONU. Esse Objetivo desafia os pa\u00edses-membros a implementarem a\u00e7\u00f5es para manter a Paz, Justi\u00e7a e Institui\u00e7\u00f5es Fortes e proporcionem acesso \u00e0 justi\u00e7a a todos, com qualidade e efic\u00e1cia. Essa pauta internacional sugere uma ampla discuss\u00e3o sobre o sistema de justi\u00e7a, suas potencialidades e fraquezas para superar os enormes desafios apresentados pelo ODS 16, em especial em pa\u00edses em desenvolvimento, mas n\u00e3o exclusivamente, nos quais as organiza\u00e7\u00f5es respons\u00e1veis pela promo\u00e7\u00e3o dos direitos fundamentais, como aquelas integrantes do sistema de justi\u00e7a, possuem especial papel.<\/p>\n\n\n\n<p>Nesse cen\u00e1rio, as institui\u00e7\u00f5es integrantes do sistema de justi\u00e7a \u2013 como tribunais, minist\u00e9rio p\u00fablico, defensoria p\u00fablica, advocacia p\u00fablica e privada, entidades prisionais, serventias extrajudiciais, dentre outras, possuem interesse especial no ODS 16, principalmente por se constitu\u00edrem arenas de promo\u00e7\u00e3o da paz e da justi\u00e7a em um Estado Democr\u00e1tico de Direito.<\/p>\n\n\n\n<p>Ao propor a discuss\u00e3o em torno dessa ampla tem\u00e1tica, o EnAJUS 2024 busca contribuir para a amplia\u00e7\u00e3o das reflex\u00f5es t\u00e9cnicas e acad\u00eamicas sobre a administra\u00e7\u00e3o do sistema de justi\u00e7a, no \u00e2mbito nacional e internacional, visando disseminar conhecimentos apoiados em evid\u00eancias que possam contribuir para enfrentar os desafios que perpassam esse importante campo de an\u00e1lise.<\/p>\n","protected":false},"excerpt":{"rendered":"<p>O EnAJUS 2024 tem como tema central Paz, justi\u00e7a e institui\u00e7\u00f5es eficazes, em clara refer\u00eancia ao t\u00edtulo do Objetivo 16 de Desenvolvimento Sustent\u00e1vel (ODS 16) da Agenda 2030 da Organiza\u00e7\u00e3o das Na\u00e7\u00f5es Unidas \u2013 ONU. Esse Objetivo desafia os pa\u00edses-membros a implementarem a\u00e7\u00f5es para manter a Paz, Justi\u00e7a e Institui\u00e7\u00f5es Fortes e proporcionem acesso \u00e0 &hellip; <a href=\"https:\/\/enajus.org.br\/2024\/tema-central-2024\/\" class=\"more-link\">Continue lendo<span class=\"screen-reader-text\"> &#8220;Tema Central 2024&#8221;<\/span><\/a><\/p>\n","protected":false},"author":8,"featured_media":0,"parent":0,"menu_order":0,"comment_status":"closed","ping_status":"closed","template":"","meta":{"_acf_changed":false,"footnotes":""},"class_list":["post-812","page","type-page","status-publish","hentry"],"acf":[],"yoast_head":"<!-- This site is optimized with the Yoast SEO plugin v23.4 - https:\/\/yoast.com\/wordpress\/plugins\/seo\/ -->\n<title>Tema Central 2024 - EnAJUS<\/title>\n<meta name=\"robots\" content=\"index, follow, max-snippet:-1, max-image-preview:large, max-video-preview:-1\" \/>\n<link rel=\"canonical\" href=\"https:\/\/enajus.org.br\/2024\/tema-central-2024\/\" \/>\n<meta property=\"og:locale\" content=\"pt_BR\" \/>\n<meta property=\"og:type\" content=\"article\" \/>\n<meta property=\"og:title\" content=\"Tema Central 2024 - EnAJUS\" \/>\n<meta property=\"og:description\" content=\"O EnAJUS 2024 tem como tema central Paz, justi\u00e7a e institui\u00e7\u00f5es eficazes, em clara refer\u00eancia ao t\u00edtulo do Objetivo 16 de Desenvolvimento Sustent\u00e1vel (ODS 16) da Agenda 2030 da Organiza\u00e7\u00e3o das Na\u00e7\u00f5es Unidas \u2013 ONU. Esse Objetivo desafia os pa\u00edses-membros a implementarem a\u00e7\u00f5es para manter a Paz, Justi\u00e7a e Institui\u00e7\u00f5es Fortes e proporcionem acesso \u00e0 &hellip; Continue lendo &quot;Tema Central 2024&quot;\" \/>\n<meta property=\"og:url\" content=\"https:\/\/enajus.org.br\/2024\/tema-central-2024\/\" \/>\n<meta property=\"og:site_name\" content=\"EnAJUS\" \/>\n<meta property=\"article:publisher\" content=\"https:\/\/www.facebook.com\/enajus2024\" \/>\n<meta property=\"article:modified_time\" content=\"2024-01-29T18:45:29+00:00\" \/>\n<meta name=\"twitter:card\" content=\"summary_large_image\" \/>\n<meta name=\"twitter:label1\" content=\"Est. tempo de leitura\" \/>\n\t<meta name=\"twitter:data1\" content=\"1 minuto\" \/>\n<script type=\"application\/ld+json\" class=\"yoast-schema-graph\">{\"@context\":\"https:\/\/schema.org\",\"@graph\":[{\"@type\":\"WebPage\",\"@id\":\"https:\/\/enajus.org.br\/2024\/tema-central-2024\/\",\"url\":\"https:\/\/enajus.org.br\/2024\/tema-central-2024\/\",\"name\":\"Tema Central 2024 - EnAJUS\",\"isPartOf\":{\"@id\":\"https:\/\/enajus.org.br\/2024\/#website\"},\"datePublished\":\"2022-01-27T17:06:40+00:00\",\"dateModified\":\"2024-01-29T18:45:29+00:00\",\"breadcrumb\":{\"@id\":\"https:\/\/enajus.org.br\/2024\/tema-central-2024\/#breadcrumb\"},\"inLanguage\":\"pt-BR\",\"potentialAction\":[{\"@type\":\"ReadAction\",\"target\":[\"https:\/\/enajus.org.br\/2024\/tema-central-2024\/\"]}]},{\"@type\":\"BreadcrumbList\",\"@id\":\"https:\/\/enajus.org.br\/2024\/tema-central-2024\/#breadcrumb\",\"itemListElement\":[{\"@type\":\"ListItem\",\"position\":1,\"name\":\"In\u00edcio\",\"item\":\"https:\/\/enajus.org.br\/2024\/\"},{\"@type\":\"ListItem\",\"position\":2,\"name\":\"Tema Central 2024\"}]},{\"@type\":\"WebSite\",\"@id\":\"https:\/\/enajus.org.br\/2024\/#website\",\"url\":\"https:\/\/enajus.org.br\/2024\/\",\"name\":\"EnAJUS\",\"description\":\"Encontro de Administra\u00e7\u00e3o da Justi\u00e7a\",\"publisher\":{\"@id\":\"https:\/\/enajus.org.br\/2024\/#organization\"},\"potentialAction\":[{\"@type\":\"SearchAction\",\"target\":{\"@type\":\"EntryPoint\",\"urlTemplate\":\"https:\/\/enajus.org.br\/2024\/?s={search_term_string}\"},\"query-input\":{\"@type\":\"PropertyValueSpecification\",\"valueRequired\":true,\"valueName\":\"search_term_string\"}}],\"inLanguage\":\"pt-BR\"},{\"@type\":\"Organization\",\"@id\":\"https:\/\/enajus.org.br\/2024\/#organization\",\"name\":\"EnAJUS\",\"url\":\"https:\/\/enajus.org.br\/2024\/\",\"logo\":{\"@type\":\"ImageObject\",\"inLanguage\":\"pt-BR\",\"@id\":\"https:\/\/enajus.org.br\/2024\/#\/schema\/logo\/image\/\",\"url\":\"https:\/\/enajus.org.br\/wp-content\/uploads\/2024\/01\/logo-enajus-2024.svg\",\"contentUrl\":\"https:\/\/enajus.org.br\/wp-content\/uploads\/2024\/01\/logo-enajus-2024.svg\",\"width\":491,\"height\":91,\"caption\":\"EnAJUS\"},\"image\":{\"@id\":\"https:\/\/enajus.org.br\/2024\/#\/schema\/logo\/image\/\"},\"sameAs\":[\"https:\/\/www.facebook.com\/enajus2024\",\"https:\/\/www.instagram.com\/enajus2024\",\"https:\/\/www.youtube.com\/c\/enajus\"]}]}<\/script>\n<!-- \/ Yoast SEO plugin. -->","yoast_head_json":{"title":"Tema Central 2024 - EnAJUS","robots":{"index":"index","follow":"follow","max-snippet":"max-snippet:-1","max-image-preview":"max-image-preview:large","max-video-preview":"max-video-preview:-1"},"canonical":"https:\/\/enajus.org.br\/2024\/tema-central-2024\/","og_locale":"pt_BR","og_type":"article","og_title":"Tema Central 2024 - EnAJUS","og_description":"O EnAJUS 2024 tem como tema central Paz, justi\u00e7a e institui\u00e7\u00f5es eficazes, em clara refer\u00eancia ao t\u00edtulo do Objetivo 16 de Desenvolvimento Sustent\u00e1vel (ODS 16) da Agenda 2030 da Organiza\u00e7\u00e3o das Na\u00e7\u00f5es Unidas \u2013 ONU. Esse Objetivo desafia os pa\u00edses-membros a implementarem a\u00e7\u00f5es para manter a Paz, Justi\u00e7a e Institui\u00e7\u00f5es Fortes e proporcionem acesso \u00e0 &hellip; Continue lendo \"Tema Central 2024\"","og_url":"https:\/\/enajus.org.br\/2024\/tema-central-2024\/","og_site_name":"EnAJUS","article_publisher":"https:\/\/www.facebook.com\/enajus2024","article_modified_time":"2024-01-29T18:45:29+00:00","twitter_card":"summary_large_image","twitter_misc":{"Est. tempo de leitura":"1 minuto"},"schema":{"@context":"https:\/\/schema.org","@graph":[{"@type":"WebPage","@id":"https:\/\/enajus.org.br\/2024\/tema-central-2024\/","url":"https:\/\/enajus.org.br\/2024\/tema-central-2024\/","name":"Tema Central 2024 - EnAJUS","isPartOf":{"@id":"https:\/\/enajus.org.br\/2024\/#website"},"datePublished":"2022-01-27T17:06:40+00:00","dateModified":"2024-01-29T18:45:29+00:00","breadcrumb":{"@id":"https:\/\/enajus.org.br\/2024\/tema-central-2024\/#breadcrumb"},"inLanguage":"pt-BR","potentialAction":[{"@type":"ReadAction","target":["https:\/\/enajus.org.br\/2024\/tema-central-2024\/"]}]},{"@type":"BreadcrumbList","@id":"https:\/\/enajus.org.br\/2024\/tema-central-2024\/#breadcrumb","itemListElement":[{"@type":"ListItem","position":1,"name":"In\u00edcio","item":"https:\/\/enajus.org.br\/2024\/"},{"@type":"ListItem","position":2,"name":"Tema Central 2024"}]},{"@type":"WebSite","@id":"https:\/\/enajus.org.br\/2024\/#website","url":"https:\/\/enajus.org.br\/2024\/","name":"EnAJUS","description":"Encontro de Administra\u00e7\u00e3o da Justi\u00e7a","publisher":{"@id":"https:\/\/enajus.org.br\/2024\/#organization"},"potentialAction":[{"@type":"SearchAction","target":{"@type":"EntryPoint","urlTemplate":"https:\/\/enajus.org.br\/2024\/?s={search_term_string}"},"query-input":{"@type":"PropertyValueSpecification","valueRequired":true,"valueName":"search_term_string"}}],"inLanguage":"pt-BR"},{"@type":"Organization","@id":"https:\/\/enajus.org.br\/2024\/#organization","name":"EnAJUS","url":"https:\/\/enajus.org.br\/2024\/","logo":{"@type":"ImageObject","inLanguage":"pt-BR","@id":"https:\/\/enajus.org.br\/2024\/#\/schema\/logo\/image\/","url":"https:\/\/enajus.org.br\/wp-content\/uploads\/2024\/01\/logo-enajus-2024.svg","contentUrl":"https:\/\/enajus.org.br\/wp-content\/uploads\/2024\/01\/logo-enajus-2024.svg","width":491,"height":91,"caption":"EnAJUS"},"image":{"@id":"https:\/\/enajus.org.br\/2024\/#\/schema\/logo\/image\/"},"sameAs":["https:\/\/www.facebook.com\/enajus2024","https:\/\/www.instagram.com\/enajus2024","https:\/\/www.youtube.com\/c\/enajus"]}]}},"_links":{"self":[{"href":"https:\/\/enajus.org.br\/2024\/wp-json\/wp\/v2\/pages\/812","targetHints":{"allow":["GET"]}}],"collection":[{"href":"https:\/\/enajus.org.br\/2024\/wp-json\/wp\/v2\/pages"}],"about":[{"href":"https:\/\/enajus.org.br\/2024\/wp-json\/wp\/v2\/types\/page"}],"author":[{"embeddable":true,"href":"https:\/\/enajus.org.br\/2024\/wp-json\/wp\/v2\/users\/8"}],"replies":[{"embeddable":true,"href":"https:\/\/enajus.org.br\/2024\/wp-json\/wp\/v2\/comments?post=812"}],"version-history":[{"count":0,"href":"https:\/\/enajus.org.br\/2024\/wp-json\/wp\/v2\/pages\/812\/revisions"}],"wp:attachment":[{"href":"https:\/\/enajus.org.br\/2024\/wp-json\/wp\/v2\/media?parent=812"}],"curies":[{"name":"wp","href":"https:\/\/api.w.org\/{rel}","templated":true}]}}