{"id":331,"date":"2025-04-11T21:39:24","date_gmt":"2025-04-12T00:39:24","guid":{"rendered":"https:\/\/enajus.org.br\/2025\/?page_id=331"},"modified":"2025-04-12T15:58:24","modified_gmt":"2025-04-12T18:58:24","slug":"hospedagem","status":"publish","type":"page","link":"https:\/\/enajus.org.br\/2025\/hospedagem\/","title":{"rendered":"Hospedagem"},"content":{"rendered":"\n<h2 class=\"wp-block-heading has-text-align-center\">Hotel Mana\u00edra<\/h2>\n\n\n\n<figure class=\"wp-block-image size-full\"><img loading=\"lazy\" decoding=\"async\" width=\"834\" height=\"371\" src=\"https:\/\/enajus.org.br\/2025\/wp-content\/uploads\/2025\/04\/Horizontal_Cor.AZ_.png\" alt=\"\" class=\"wp-image-334\" srcset=\"https:\/\/enajus.org.br\/2025\/wp-content\/uploads\/2025\/04\/Horizontal_Cor.AZ_.png 834w, https:\/\/enajus.org.br\/2025\/wp-content\/uploads\/2025\/04\/Horizontal_Cor.AZ_-300x133.png 300w, https:\/\/enajus.org.br\/2025\/wp-content\/uploads\/2025\/04\/Horizontal_Cor.AZ_-768x342.png 768w\" sizes=\"auto, (max-width: 834px) 85vw, 834px\" \/><\/figure>\n\n\n\n<p>Desconto de 25% sobre a tarifa cheia e vigente na data da realiza\u00e7\u00e3o da reserva. <em>(Nossas tarifas s\u00e3o flutuantes e sofrem altera\u00e7\u00e3o sem aviso pr\u00e9vio.)<\/em><\/p>\n\n\n\n<p>Per\u00edodo de hospedagem em que o desconto poder\u00e1 ser utilizado:<strong> Dias 24\/11, 25\/11, 26\/11, 27\/11, 28\/11\/2025<\/strong><\/p>\n\n\n\n<p class=\"has-text-align-center\" style=\"font-size:1.5rem\">Cupom de desconto: <strong>ENAJUS25<\/strong><\/p>\n\n\n\n<ul class=\"wp-block-list\">\n<li>Essas tarifas com desconto n\u00e3o podem ser comissionadas a ag\u00eancias;<\/li>\n\n\n\n<li>Descontos n\u00e3o cumulativos com outras promo\u00e7\u00f5es e n\u00e3o podem ser aplicados em outros canais;<\/li>\n\n\n\n<li>A tarifas do Hotel s\u00e3o flutuantes e podem ser reajustadas sem aviso pr\u00e9vio;<\/li>\n\n\n\n<li>Todas reservas precisam do pr\u00e9-pagamento da garantia para confirma\u00e7\u00e3o da mesma;<\/li>\n\n\n\n<li>Cupom v\u00e1lido para reservas realizadas at\u00e9 dia 01\/11\/2025.<\/li>\n\n\n\n<li>Pol\u00edtica de cancelamento sem custo das reservas com cupom de desconto: at\u00e9 07 dias antes do <em>check-in<\/em>.<\/li>\n\n\n\n<li>Desconto \u00e9 v\u00e1lido apenas para reserva realizada diretamente com o setor de reservas do Hotel Mana\u00edra (WhatsApp\/telefone 83 30219704 &#8211; e-mail <a href=\"mailto:reservas@hotelmanaira.com.br\">reservas@hotelmanaira.com.br<\/a> ou no nosso site <a href=\"https:\/\/hotelmanaira.com.br\/\">www.hotelmanaira.com.br<\/a> preenchendo a aba : C\u00d3DIGO&nbsp;PROMOCIONAL<\/li>\n<\/ul>\n\n\n\n<div class=\"wp-block-columns is-layout-flex wp-container-core-columns-is-layout-9d6595d7 wp-block-columns-is-layout-flex\">\n<div class=\"wp-block-column is-layout-flow wp-block-column-is-layout-flow\">\n<figure class=\"wp-block-image size-full\"><img loading=\"lazy\" decoding=\"async\" width=\"800\" height=\"534\" src=\"https:\/\/enajus.org.br\/2025\/wp-content\/uploads\/2025\/04\/hotel-manaira-01-web-1.jpg\" alt=\"\" class=\"wp-image-338\" srcset=\"https:\/\/enajus.org.br\/2025\/wp-content\/uploads\/2025\/04\/hotel-manaira-01-web-1.jpg 800w, https:\/\/enajus.org.br\/2025\/wp-content\/uploads\/2025\/04\/hotel-manaira-01-web-1-300x200.jpg 300w, https:\/\/enajus.org.br\/2025\/wp-content\/uploads\/2025\/04\/hotel-manaira-01-web-1-768x513.jpg 768w\" sizes=\"auto, (max-width: 800px) 85vw, 800px\" \/><\/figure>\n<\/div>\n\n\n\n<div class=\"wp-block-column is-layout-flow wp-block-column-is-layout-flow\">\n<figure class=\"wp-block-image size-full\"><img loading=\"lazy\" decoding=\"async\" width=\"800\" height=\"534\" src=\"https:\/\/enajus.org.br\/2025\/wp-content\/uploads\/2025\/04\/hotel-manaira-02-web-1.jpg\" alt=\"\" class=\"wp-image-339\" srcset=\"https:\/\/enajus.org.br\/2025\/wp-content\/uploads\/2025\/04\/hotel-manaira-02-web-1.jpg 800w, https:\/\/enajus.org.br\/2025\/wp-content\/uploads\/2025\/04\/hotel-manaira-02-web-1-300x200.jpg 300w, https:\/\/enajus.org.br\/2025\/wp-content\/uploads\/2025\/04\/hotel-manaira-02-web-1-768x513.jpg 768w\" sizes=\"auto, (max-width: 800px) 85vw, 800px\" \/><\/figure>\n<\/div>\n<\/div>\n\n\n\n<div class=\"wp-block-columns is-layout-flex wp-container-core-columns-is-layout-9d6595d7 wp-block-columns-is-layout-flex\">\n<div class=\"wp-block-column is-layout-flow wp-block-column-is-layout-flow\">\n<figure class=\"wp-block-video\"><video controls  controlslist=\"nodownload\" src=\"https:\/\/enajus.org.br\/2025\/wp-content\/uploads\/2025\/04\/hotel-manaira-01.mp4\"><\/video><\/figure>\n<\/div>\n\n\n\n<div class=\"wp-block-column is-layout-flow wp-block-column-is-layout-flow\">\n<figure class=\"wp-block-video\"><video controls  controlslist=\"nodownload\" src=\"https:\/\/enajus.org.br\/2025\/wp-content\/uploads\/2025\/04\/hotel-manaira-02.mp4\"><\/video><\/figure>\n<\/div>\n\n\n\n<div class=\"wp-block-column is-layout-flow wp-block-column-is-layout-flow\">\n<figure class=\"wp-block-video\"><video controls  controlslist=\"nodownload\" src=\"https:\/\/enajus.org.br\/2025\/wp-content\/uploads\/2025\/04\/hotel-manaira-03.mp4\"><\/video><\/figure>\n<\/div>\n<\/div>\n","protected":false},"excerpt":{"rendered":"<p>Hotel Mana\u00edra Desconto de 25% sobre a tarifa cheia e vigente na data da realiza\u00e7\u00e3o da reserva. (Nossas tarifas s\u00e3o flutuantes e sofrem altera\u00e7\u00e3o sem aviso pr\u00e9vio.) Per\u00edodo de hospedagem em que o desconto poder\u00e1 ser utilizado: Dias 24\/11, 25\/11, 26\/11, 27\/11, 28\/11\/2025 Cupom de desconto: ENAJUS25<\/p>\n","protected":false},"author":1,"featured_media":0,"parent":0,"menu_order":0,"comment_status":"closed","ping_status":"closed","template":"","meta":{"_acf_changed":false,"footnotes":""},"class_list":["post-331","page","type-page","status-publish","hentry"],"acf":[],"yoast_head":"<!-- This site is optimized with the Yoast SEO plugin v27.4 - https:\/\/yoast.com\/product\/yoast-seo-wordpress\/ -->\n<title>Hospedagem - EnAJUS 2025<\/title>\n<meta name=\"robots\" content=\"index, follow, max-snippet:-1, max-image-preview:large, max-video-preview:-1\" \/>\n<link rel=\"canonical\" href=\"https:\/\/enajus.org.br\/2025\/hospedagem\/\" \/>\n<meta property=\"og:locale\" content=\"pt_BR\" \/>\n<meta property=\"og:type\" content=\"article\" \/>\n<meta property=\"og:title\" content=\"Hospedagem - EnAJUS 2025\" \/>\n<meta property=\"og:description\" content=\"Hotel Mana\u00edra Desconto de 25% sobre a tarifa cheia e vigente na data da realiza\u00e7\u00e3o da reserva. (Nossas tarifas s\u00e3o flutuantes e sofrem altera\u00e7\u00e3o sem aviso pr\u00e9vio.) Per\u00edodo de hospedagem em que o desconto poder\u00e1 ser utilizado: Dias 24\/11, 25\/11, 26\/11, 27\/11, 28\/11\/2025 Cupom de desconto: ENAJUS25\" \/>\n<meta property=\"og:url\" content=\"https:\/\/enajus.org.br\/2025\/hospedagem\/\" \/>\n<meta property=\"og:site_name\" content=\"EnAJUS 2025\" \/>\n<meta property=\"article:publisher\" content=\"https:\/\/www.facebook.com\/enajus2025\" \/>\n<meta property=\"article:modified_time\" content=\"2025-04-12T18:58:24+00:00\" \/>\n<meta property=\"og:image\" content=\"https:\/\/enajus.org.br\/2025\/wp-content\/uploads\/2025\/04\/Horizontal_Cor.AZ_.png\" \/>\n\t<meta property=\"og:image:width\" content=\"834\" \/>\n\t<meta property=\"og:image:height\" content=\"371\" \/>\n\t<meta property=\"og:image:type\" content=\"image\/png\" \/>\n<meta name=\"twitter:card\" content=\"summary_large_image\" \/>\n<meta name=\"twitter:label1\" content=\"Est. tempo de leitura\" \/>\n\t<meta name=\"twitter:data1\" content=\"2 minutos\" \/>\n<script type=\"application\/ld+json\" class=\"yoast-schema-graph\">{\"@context\":\"https:\\\/\\\/schema.org\",\"@graph\":[{\"@type\":\"WebPage\",\"@id\":\"https:\\\/\\\/enajus.org.br\\\/2025\\\/hospedagem\\\/\",\"url\":\"https:\\\/\\\/enajus.org.br\\\/2025\\\/hospedagem\\\/\",\"name\":\"Hospedagem - EnAJUS 2025\",\"isPartOf\":{\"@id\":\"https:\\\/\\\/enajus.org.br\\\/2025\\\/#website\"},\"primaryImageOfPage\":{\"@id\":\"https:\\\/\\\/enajus.org.br\\\/2025\\\/hospedagem\\\/#primaryimage\"},\"image\":{\"@id\":\"https:\\\/\\\/enajus.org.br\\\/2025\\\/hospedagem\\\/#primaryimage\"},\"thumbnailUrl\":\"https:\\\/\\\/enajus.org.br\\\/2025\\\/wp-content\\\/uploads\\\/2025\\\/04\\\/Horizontal_Cor.AZ_.png\",\"datePublished\":\"2025-04-12T00:39:24+00:00\",\"dateModified\":\"2025-04-12T18:58:24+00:00\",\"breadcrumb\":{\"@id\":\"https:\\\/\\\/enajus.org.br\\\/2025\\\/hospedagem\\\/#breadcrumb\"},\"inLanguage\":\"pt-BR\",\"potentialAction\":[{\"@type\":\"ReadAction\",\"target\":[\"https:\\\/\\\/enajus.org.br\\\/2025\\\/hospedagem\\\/\"]}]},{\"@type\":\"ImageObject\",\"inLanguage\":\"pt-BR\",\"@id\":\"https:\\\/\\\/enajus.org.br\\\/2025\\\/hospedagem\\\/#primaryimage\",\"url\":\"https:\\\/\\\/enajus.org.br\\\/2025\\\/wp-content\\\/uploads\\\/2025\\\/04\\\/Horizontal_Cor.AZ_.png\",\"contentUrl\":\"https:\\\/\\\/enajus.org.br\\\/2025\\\/wp-content\\\/uploads\\\/2025\\\/04\\\/Horizontal_Cor.AZ_.png\",\"width\":834,\"height\":371},{\"@type\":\"BreadcrumbList\",\"@id\":\"https:\\\/\\\/enajus.org.br\\\/2025\\\/hospedagem\\\/#breadcrumb\",\"itemListElement\":[{\"@type\":\"ListItem\",\"position\":1,\"name\":\"In\u00edcio\",\"item\":\"https:\\\/\\\/enajus.org.br\\\/2025\\\/\"},{\"@type\":\"ListItem\",\"position\":2,\"name\":\"Hospedagem\"}]},{\"@type\":\"WebSite\",\"@id\":\"https:\\\/\\\/enajus.org.br\\\/2025\\\/#website\",\"url\":\"https:\\\/\\\/enajus.org.br\\\/2025\\\/\",\"name\":\"EnAJUS 2025\",\"description\":\"O Encontro de Administra\u00e7\u00e3o da Justi\u00e7a congrega v\u00e1rias \u00e1reas do conhecimento, como Direito, Administra\u00e7\u00e3o P\u00fablica, Economia, Sociologia, Ci\u00eancia Pol\u00edtica, Tecnologia da Informa\u00e7\u00e3o, Ci\u00eancia de Dados, Psicologia, Comunica\u00e7\u00e3o, com a finalidade de gerar e disseminar conhecimentos capazes de melhorar os n\u00edveis de efici\u00eancia e de efetividade da Justi\u00e7a.\",\"publisher\":{\"@id\":\"https:\\\/\\\/enajus.org.br\\\/2025\\\/#organization\"},\"potentialAction\":[{\"@type\":\"SearchAction\",\"target\":{\"@type\":\"EntryPoint\",\"urlTemplate\":\"https:\\\/\\\/enajus.org.br\\\/2025\\\/?s={search_term_string}\"},\"query-input\":{\"@type\":\"PropertyValueSpecification\",\"valueRequired\":true,\"valueName\":\"search_term_string\"}}],\"inLanguage\":\"pt-BR\"},{\"@type\":\"Organization\",\"@id\":\"https:\\\/\\\/enajus.org.br\\\/2025\\\/#organization\",\"name\":\"EnAJUS 2025\",\"url\":\"https:\\\/\\\/enajus.org.br\\\/2025\\\/\",\"logo\":{\"@type\":\"ImageObject\",\"inLanguage\":\"pt-BR\",\"@id\":\"https:\\\/\\\/enajus.org.br\\\/2025\\\/#\\\/schema\\\/logo\\\/image\\\/\",\"url\":\"https:\\\/\\\/enajus.org.br\\\/2025\\\/wp-content\\\/uploads\\\/2025\\\/03\\\/logo-enajus.svg\",\"contentUrl\":\"https:\\\/\\\/enajus.org.br\\\/2025\\\/wp-content\\\/uploads\\\/2025\\\/03\\\/logo-enajus.svg\",\"width\":297,\"height\":50,\"caption\":\"EnAJUS 2025\"},\"image\":{\"@id\":\"https:\\\/\\\/enajus.org.br\\\/2025\\\/#\\\/schema\\\/logo\\\/image\\\/\"},\"sameAs\":[\"https:\\\/\\\/www.facebook.com\\\/enajus2025\",\"https:\\\/\\\/www.youtube.com\\\/@ENAJUS\",\"https:\\\/\\\/www.instagram.com\\\/enajus2025\"]}]}<\/script>\n<!-- \/ Yoast SEO plugin. -->","yoast_head_json":{"title":"Hospedagem - EnAJUS 2025","robots":{"index":"index","follow":"follow","max-snippet":"max-snippet:-1","max-image-preview":"max-image-preview:large","max-video-preview":"max-video-preview:-1"},"canonical":"https:\/\/enajus.org.br\/2025\/hospedagem\/","og_locale":"pt_BR","og_type":"article","og_title":"Hospedagem - EnAJUS 2025","og_description":"Hotel Mana\u00edra Desconto de 25% sobre a tarifa cheia e vigente na data da realiza\u00e7\u00e3o da reserva. (Nossas tarifas s\u00e3o flutuantes e sofrem altera\u00e7\u00e3o sem aviso pr\u00e9vio.) Per\u00edodo de hospedagem em que o desconto poder\u00e1 ser utilizado: Dias 24\/11, 25\/11, 26\/11, 27\/11, 28\/11\/2025 Cupom de desconto: ENAJUS25","og_url":"https:\/\/enajus.org.br\/2025\/hospedagem\/","og_site_name":"EnAJUS 2025","article_publisher":"https:\/\/www.facebook.com\/enajus2025","article_modified_time":"2025-04-12T18:58:24+00:00","og_image":[{"width":834,"height":371,"url":"https:\/\/enajus.org.br\/2025\/wp-content\/uploads\/2025\/04\/Horizontal_Cor.AZ_.png","type":"image\/png"}],"twitter_card":"summary_large_image","twitter_misc":{"Est. tempo de leitura":"2 minutos"},"schema":{"@context":"https:\/\/schema.org","@graph":[{"@type":"WebPage","@id":"https:\/\/enajus.org.br\/2025\/hospedagem\/","url":"https:\/\/enajus.org.br\/2025\/hospedagem\/","name":"Hospedagem - EnAJUS 2025","isPartOf":{"@id":"https:\/\/enajus.org.br\/2025\/#website"},"primaryImageOfPage":{"@id":"https:\/\/enajus.org.br\/2025\/hospedagem\/#primaryimage"},"image":{"@id":"https:\/\/enajus.org.br\/2025\/hospedagem\/#primaryimage"},"thumbnailUrl":"https:\/\/enajus.org.br\/2025\/wp-content\/uploads\/2025\/04\/Horizontal_Cor.AZ_.png","datePublished":"2025-04-12T00:39:24+00:00","dateModified":"2025-04-12T18:58:24+00:00","breadcrumb":{"@id":"https:\/\/enajus.org.br\/2025\/hospedagem\/#breadcrumb"},"inLanguage":"pt-BR","potentialAction":[{"@type":"ReadAction","target":["https:\/\/enajus.org.br\/2025\/hospedagem\/"]}]},{"@type":"ImageObject","inLanguage":"pt-BR","@id":"https:\/\/enajus.org.br\/2025\/hospedagem\/#primaryimage","url":"https:\/\/enajus.org.br\/2025\/wp-content\/uploads\/2025\/04\/Horizontal_Cor.AZ_.png","contentUrl":"https:\/\/enajus.org.br\/2025\/wp-content\/uploads\/2025\/04\/Horizontal_Cor.AZ_.png","width":834,"height":371},{"@type":"BreadcrumbList","@id":"https:\/\/enajus.org.br\/2025\/hospedagem\/#breadcrumb","itemListElement":[{"@type":"ListItem","position":1,"name":"In\u00edcio","item":"https:\/\/enajus.org.br\/2025\/"},{"@type":"ListItem","position":2,"name":"Hospedagem"}]},{"@type":"WebSite","@id":"https:\/\/enajus.org.br\/2025\/#website","url":"https:\/\/enajus.org.br\/2025\/","name":"EnAJUS 2025","description":"O Encontro de Administra\u00e7\u00e3o da Justi\u00e7a congrega v\u00e1rias \u00e1reas do conhecimento, como Direito, Administra\u00e7\u00e3o P\u00fablica, Economia, Sociologia, Ci\u00eancia Pol\u00edtica, Tecnologia da Informa\u00e7\u00e3o, Ci\u00eancia de Dados, Psicologia, Comunica\u00e7\u00e3o, com a finalidade de gerar e disseminar conhecimentos capazes de melhorar os n\u00edveis de efici\u00eancia e de efetividade da Justi\u00e7a.","publisher":{"@id":"https:\/\/enajus.org.br\/2025\/#organization"},"potentialAction":[{"@type":"SearchAction","target":{"@type":"EntryPoint","urlTemplate":"https:\/\/enajus.org.br\/2025\/?s={search_term_string}"},"query-input":{"@type":"PropertyValueSpecification","valueRequired":true,"valueName":"search_term_string"}}],"inLanguage":"pt-BR"},{"@type":"Organization","@id":"https:\/\/enajus.org.br\/2025\/#organization","name":"EnAJUS 2025","url":"https:\/\/enajus.org.br\/2025\/","logo":{"@type":"ImageObject","inLanguage":"pt-BR","@id":"https:\/\/enajus.org.br\/2025\/#\/schema\/logo\/image\/","url":"https:\/\/enajus.org.br\/2025\/wp-content\/uploads\/2025\/03\/logo-enajus.svg","contentUrl":"https:\/\/enajus.org.br\/2025\/wp-content\/uploads\/2025\/03\/logo-enajus.svg","width":297,"height":50,"caption":"EnAJUS 2025"},"image":{"@id":"https:\/\/enajus.org.br\/2025\/#\/schema\/logo\/image\/"},"sameAs":["https:\/\/www.facebook.com\/enajus2025","https:\/\/www.youtube.com\/@ENAJUS","https:\/\/www.instagram.com\/enajus2025"]}]}},"_links":{"self":[{"href":"https:\/\/enajus.org.br\/2025\/wp-json\/wp\/v2\/pages\/331","targetHints":{"allow":["GET"]}}],"collection":[{"href":"https:\/\/enajus.org.br\/2025\/wp-json\/wp\/v2\/pages"}],"about":[{"href":"https:\/\/enajus.org.br\/2025\/wp-json\/wp\/v2\/types\/page"}],"author":[{"embeddable":true,"href":"https:\/\/enajus.org.br\/2025\/wp-json\/wp\/v2\/users\/1"}],"replies":[{"embeddable":true,"href":"https:\/\/enajus.org.br\/2025\/wp-json\/wp\/v2\/comments?post=331"}],"version-history":[{"count":0,"href":"https:\/\/enajus.org.br\/2025\/wp-json\/wp\/v2\/pages\/331\/revisions"}],"wp:attachment":[{"href":"https:\/\/enajus.org.br\/2025\/wp-json\/wp\/v2\/media?parent=331"}],"curies":[{"name":"wp","href":"https:\/\/api.w.org\/{rel}","templated":true}]}}