{"id":406,"date":"2025-07-25T15:18:54","date_gmt":"2025-07-25T18:18:54","guid":{"rendered":"https:\/\/enajus.org.br\/2025\/?page_id=406"},"modified":"2025-07-25T15:18:55","modified_gmt":"2025-07-25T18:18:55","slug":"acomodacoes","status":"publish","type":"page","link":"https:\/\/enajus.org.br\/2025\/acomodacoes\/","title":{"rendered":"Acomoda\u00e7\u00f5es"},"content":{"rendered":"\n<p>A 8\u00aa edi\u00e7\u00e3o do Encontro de Administra\u00e7\u00e3o da Justi\u00e7a \u2013 EnAJUS 2025 acontecer\u00e1 nas instala\u00e7\u00f5es do Hotel Mana\u00edra, com condi\u00e7\u00f5es especiais de hospedagem para participantes do evento, e que s\u00e3o incentivadas (maiores informa\u00e7\u00f5es em: <a href=\"https:\/\/enajus.org.br\/2025\/hospedagem\/\">https:\/\/enajus.org.br\/2025\/hospedagem\/<\/a>).<\/p>\n\n\n\n<p>Ainda assim, a cidade de Jo\u00e3o Pessoa conta com uma extensa lista de op\u00e7\u00f5es de hospedagem. Considerando quest\u00f5es log\u00edsticas, alternativas localizadas nos bairros de Tamba\u00fa, Cabo Branco, Bessa e Mana\u00edra s\u00e3o recomendadas. Assim sendo, visando facilitar o planejamento dos participantes, a Organiza\u00e7\u00e3o do evento fornece a seguir algumas alternativas de hospedagem, que n\u00e3o esgotam as op\u00e7\u00f5es da cidade:<\/p>\n\n\n\n<ul class=\"wp-block-list\">\n<li>BA&#8217;RA (<a href=\"https:\/\/barahotel.com.br\/\">https:\/\/barahotel.com.br\/<\/a>)<\/li>\n\n\n\n<li>HCM Hotel (<a href=\"https:\/\/www.hcmhotel.com.br\/\">https:\/\/www.hcmhotel.com.br\/<\/a>)<\/li>\n\n\n\n<li>Hotel Cabo Branco Atl\u00e2ntico (<a href=\"https:\/\/www.cabobrancoatlantico.com.br\/\">https:\/\/www.cabobrancoatlantico.com.br\/<\/a>)<\/li>\n\n\n\n<li>Hotel Oceana (<a href=\"https:\/\/www.oceanaatlantico.com.br\/\">https:\/\/www.oceanaatlantico.com.br\/<\/a>)<\/li>\n\n\n\n<li>Ibis Jo\u00e3o Pessoa (<a href=\"https:\/\/www.instagram.com\/ibisjoaopessoa\">https:\/\/www.instagram.com\/ibisjoaopessoa<\/a>)<\/li>\n\n\n\n<li>Icon hotel (<a href=\"https:\/\/iconhotel.com.br\/\">https:\/\/iconhotel.com.br\/<\/a>)<\/li>\n\n\n\n<li>Laguna Praia Hotel (<a href=\"https:\/\/www.lagunapraia.com.br\/\">https:\/\/www.lagunapraia.com.br\/<\/a>)<\/li>\n\n\n\n<li>Nord Luxor Cabo Branco (<a href=\"https:\/\/www.nordhoteis.com.br\/hotel-nord_luxxor_cabo_branco-277.html\">https:\/\/www.nordhoteis.com.br\/hotel-nord_luxxor_cabo_branco-277.html<\/a>)<\/li>\n<\/ul>\n\n\n\n<p><strong>Obs: <\/strong>n\u00e3o h\u00e1 condi\u00e7\u00f5es especiais de hospedagem para participantes negociadas pela Organiza\u00e7\u00e3o do evento junto a essas op\u00e7\u00f5es de hospedagem. Condi\u00e7\u00f5es especiais de hospedagem para participantes do EnAJUS 2025 s\u00e3o v\u00e1lidas apenas para o Hotel Mana\u00edra. Maiores informa\u00e7\u00f5es em: <a href=\"https:\/\/enajus.org.br\/2025\/hospedagem\/\">https:\/\/enajus.org.br\/2025\/hospedagem\/<\/a><\/p>\n\n\n\n<p><\/p>\n","protected":false},"excerpt":{"rendered":"<p>A 8\u00aa edi\u00e7\u00e3o do Encontro de Administra\u00e7\u00e3o da Justi\u00e7a \u2013 EnAJUS 2025 acontecer\u00e1 nas instala\u00e7\u00f5es do Hotel Mana\u00edra, com condi\u00e7\u00f5es especiais de hospedagem para participantes do evento, e que s\u00e3o incentivadas (maiores informa\u00e7\u00f5es em: https:\/\/enajus.org.br\/2025\/hospedagem\/). Ainda assim, a cidade de Jo\u00e3o Pessoa conta com uma extensa lista de op\u00e7\u00f5es de hospedagem. Considerando quest\u00f5es log\u00edsticas, alternativas &hellip; <a href=\"https:\/\/enajus.org.br\/2025\/acomodacoes\/\" class=\"more-link\">Continue lendo<span class=\"screen-reader-text\"> &#8220;Acomoda\u00e7\u00f5es&#8221;<\/span><\/a><\/p>\n","protected":false},"author":1,"featured_media":0,"parent":0,"menu_order":0,"comment_status":"closed","ping_status":"closed","template":"","meta":{"_acf_changed":false,"footnotes":""},"class_list":["post-406","page","type-page","status-publish","hentry"],"acf":[],"yoast_head":"<!-- This site is optimized with the Yoast SEO plugin v27.4 - https:\/\/yoast.com\/product\/yoast-seo-wordpress\/ -->\n<title>Acomoda\u00e7\u00f5es - EnAJUS 2025<\/title>\n<meta name=\"robots\" content=\"index, follow, max-snippet:-1, max-image-preview:large, max-video-preview:-1\" \/>\n<link rel=\"canonical\" href=\"https:\/\/enajus.org.br\/2025\/acomodacoes\/\" \/>\n<meta property=\"og:locale\" content=\"pt_BR\" \/>\n<meta property=\"og:type\" content=\"article\" \/>\n<meta property=\"og:title\" content=\"Acomoda\u00e7\u00f5es - EnAJUS 2025\" \/>\n<meta property=\"og:description\" content=\"A 8\u00aa edi\u00e7\u00e3o do Encontro de Administra\u00e7\u00e3o da Justi\u00e7a \u2013 EnAJUS 2025 acontecer\u00e1 nas instala\u00e7\u00f5es do Hotel Mana\u00edra, com condi\u00e7\u00f5es especiais de hospedagem para participantes do evento, e que s\u00e3o incentivadas (maiores informa\u00e7\u00f5es em: https:\/\/enajus.org.br\/2025\/hospedagem\/). Ainda assim, a cidade de Jo\u00e3o Pessoa conta com uma extensa lista de op\u00e7\u00f5es de hospedagem. Considerando quest\u00f5es log\u00edsticas, alternativas &hellip; Continue lendo &quot;Acomoda\u00e7\u00f5es&quot;\" \/>\n<meta property=\"og:url\" content=\"https:\/\/enajus.org.br\/2025\/acomodacoes\/\" \/>\n<meta property=\"og:site_name\" content=\"EnAJUS 2025\" \/>\n<meta property=\"article:publisher\" content=\"https:\/\/www.facebook.com\/enajus2025\" \/>\n<meta property=\"article:modified_time\" content=\"2025-07-25T18:18:55+00:00\" \/>\n<meta name=\"twitter:card\" content=\"summary_large_image\" \/>\n<meta name=\"twitter:label1\" content=\"Est. tempo de leitura\" \/>\n\t<meta name=\"twitter:data1\" content=\"1 minuto\" \/>\n<script type=\"application\/ld+json\" class=\"yoast-schema-graph\">{\"@context\":\"https:\\\/\\\/schema.org\",\"@graph\":[{\"@type\":\"WebPage\",\"@id\":\"https:\\\/\\\/enajus.org.br\\\/2025\\\/acomodacoes\\\/\",\"url\":\"https:\\\/\\\/enajus.org.br\\\/2025\\\/acomodacoes\\\/\",\"name\":\"Acomoda\u00e7\u00f5es - EnAJUS 2025\",\"isPartOf\":{\"@id\":\"https:\\\/\\\/enajus.org.br\\\/2025\\\/#website\"},\"datePublished\":\"2025-07-25T18:18:54+00:00\",\"dateModified\":\"2025-07-25T18:18:55+00:00\",\"breadcrumb\":{\"@id\":\"https:\\\/\\\/enajus.org.br\\\/2025\\\/acomodacoes\\\/#breadcrumb\"},\"inLanguage\":\"pt-BR\",\"potentialAction\":[{\"@type\":\"ReadAction\",\"target\":[\"https:\\\/\\\/enajus.org.br\\\/2025\\\/acomodacoes\\\/\"]}]},{\"@type\":\"BreadcrumbList\",\"@id\":\"https:\\\/\\\/enajus.org.br\\\/2025\\\/acomodacoes\\\/#breadcrumb\",\"itemListElement\":[{\"@type\":\"ListItem\",\"position\":1,\"name\":\"In\u00edcio\",\"item\":\"https:\\\/\\\/enajus.org.br\\\/2025\\\/\"},{\"@type\":\"ListItem\",\"position\":2,\"name\":\"Acomoda\u00e7\u00f5es\"}]},{\"@type\":\"WebSite\",\"@id\":\"https:\\\/\\\/enajus.org.br\\\/2025\\\/#website\",\"url\":\"https:\\\/\\\/enajus.org.br\\\/2025\\\/\",\"name\":\"EnAJUS 2025\",\"description\":\"O Encontro de Administra\u00e7\u00e3o da Justi\u00e7a congrega v\u00e1rias \u00e1reas do conhecimento, como Direito, Administra\u00e7\u00e3o P\u00fablica, Economia, Sociologia, Ci\u00eancia Pol\u00edtica, Tecnologia da Informa\u00e7\u00e3o, Ci\u00eancia de Dados, Psicologia, Comunica\u00e7\u00e3o, com a finalidade de gerar e disseminar conhecimentos capazes de melhorar os n\u00edveis de efici\u00eancia e de efetividade da Justi\u00e7a.\",\"publisher\":{\"@id\":\"https:\\\/\\\/enajus.org.br\\\/2025\\\/#organization\"},\"potentialAction\":[{\"@type\":\"SearchAction\",\"target\":{\"@type\":\"EntryPoint\",\"urlTemplate\":\"https:\\\/\\\/enajus.org.br\\\/2025\\\/?s={search_term_string}\"},\"query-input\":{\"@type\":\"PropertyValueSpecification\",\"valueRequired\":true,\"valueName\":\"search_term_string\"}}],\"inLanguage\":\"pt-BR\"},{\"@type\":\"Organization\",\"@id\":\"https:\\\/\\\/enajus.org.br\\\/2025\\\/#organization\",\"name\":\"EnAJUS 2025\",\"url\":\"https:\\\/\\\/enajus.org.br\\\/2025\\\/\",\"logo\":{\"@type\":\"ImageObject\",\"inLanguage\":\"pt-BR\",\"@id\":\"https:\\\/\\\/enajus.org.br\\\/2025\\\/#\\\/schema\\\/logo\\\/image\\\/\",\"url\":\"https:\\\/\\\/enajus.org.br\\\/2025\\\/wp-content\\\/uploads\\\/2025\\\/03\\\/logo-enajus.svg\",\"contentUrl\":\"https:\\\/\\\/enajus.org.br\\\/2025\\\/wp-content\\\/uploads\\\/2025\\\/03\\\/logo-enajus.svg\",\"width\":297,\"height\":50,\"caption\":\"EnAJUS 2025\"},\"image\":{\"@id\":\"https:\\\/\\\/enajus.org.br\\\/2025\\\/#\\\/schema\\\/logo\\\/image\\\/\"},\"sameAs\":[\"https:\\\/\\\/www.facebook.com\\\/enajus2025\",\"https:\\\/\\\/www.youtube.com\\\/@ENAJUS\",\"https:\\\/\\\/www.instagram.com\\\/enajus2025\"]}]}<\/script>\n<!-- \/ Yoast SEO plugin. -->","yoast_head_json":{"title":"Acomoda\u00e7\u00f5es - EnAJUS 2025","robots":{"index":"index","follow":"follow","max-snippet":"max-snippet:-1","max-image-preview":"max-image-preview:large","max-video-preview":"max-video-preview:-1"},"canonical":"https:\/\/enajus.org.br\/2025\/acomodacoes\/","og_locale":"pt_BR","og_type":"article","og_title":"Acomoda\u00e7\u00f5es - EnAJUS 2025","og_description":"A 8\u00aa edi\u00e7\u00e3o do Encontro de Administra\u00e7\u00e3o da Justi\u00e7a \u2013 EnAJUS 2025 acontecer\u00e1 nas instala\u00e7\u00f5es do Hotel Mana\u00edra, com condi\u00e7\u00f5es especiais de hospedagem para participantes do evento, e que s\u00e3o incentivadas (maiores informa\u00e7\u00f5es em: https:\/\/enajus.org.br\/2025\/hospedagem\/). Ainda assim, a cidade de Jo\u00e3o Pessoa conta com uma extensa lista de op\u00e7\u00f5es de hospedagem. Considerando quest\u00f5es log\u00edsticas, alternativas &hellip; Continue lendo \"Acomoda\u00e7\u00f5es\"","og_url":"https:\/\/enajus.org.br\/2025\/acomodacoes\/","og_site_name":"EnAJUS 2025","article_publisher":"https:\/\/www.facebook.com\/enajus2025","article_modified_time":"2025-07-25T18:18:55+00:00","twitter_card":"summary_large_image","twitter_misc":{"Est. tempo de leitura":"1 minuto"},"schema":{"@context":"https:\/\/schema.org","@graph":[{"@type":"WebPage","@id":"https:\/\/enajus.org.br\/2025\/acomodacoes\/","url":"https:\/\/enajus.org.br\/2025\/acomodacoes\/","name":"Acomoda\u00e7\u00f5es - EnAJUS 2025","isPartOf":{"@id":"https:\/\/enajus.org.br\/2025\/#website"},"datePublished":"2025-07-25T18:18:54+00:00","dateModified":"2025-07-25T18:18:55+00:00","breadcrumb":{"@id":"https:\/\/enajus.org.br\/2025\/acomodacoes\/#breadcrumb"},"inLanguage":"pt-BR","potentialAction":[{"@type":"ReadAction","target":["https:\/\/enajus.org.br\/2025\/acomodacoes\/"]}]},{"@type":"BreadcrumbList","@id":"https:\/\/enajus.org.br\/2025\/acomodacoes\/#breadcrumb","itemListElement":[{"@type":"ListItem","position":1,"name":"In\u00edcio","item":"https:\/\/enajus.org.br\/2025\/"},{"@type":"ListItem","position":2,"name":"Acomoda\u00e7\u00f5es"}]},{"@type":"WebSite","@id":"https:\/\/enajus.org.br\/2025\/#website","url":"https:\/\/enajus.org.br\/2025\/","name":"EnAJUS 2025","description":"O Encontro de Administra\u00e7\u00e3o da Justi\u00e7a congrega v\u00e1rias \u00e1reas do conhecimento, como Direito, Administra\u00e7\u00e3o P\u00fablica, Economia, Sociologia, Ci\u00eancia Pol\u00edtica, Tecnologia da Informa\u00e7\u00e3o, Ci\u00eancia de Dados, Psicologia, Comunica\u00e7\u00e3o, com a finalidade de gerar e disseminar conhecimentos capazes de melhorar os n\u00edveis de efici\u00eancia e de efetividade da Justi\u00e7a.","publisher":{"@id":"https:\/\/enajus.org.br\/2025\/#organization"},"potentialAction":[{"@type":"SearchAction","target":{"@type":"EntryPoint","urlTemplate":"https:\/\/enajus.org.br\/2025\/?s={search_term_string}"},"query-input":{"@type":"PropertyValueSpecification","valueRequired":true,"valueName":"search_term_string"}}],"inLanguage":"pt-BR"},{"@type":"Organization","@id":"https:\/\/enajus.org.br\/2025\/#organization","name":"EnAJUS 2025","url":"https:\/\/enajus.org.br\/2025\/","logo":{"@type":"ImageObject","inLanguage":"pt-BR","@id":"https:\/\/enajus.org.br\/2025\/#\/schema\/logo\/image\/","url":"https:\/\/enajus.org.br\/2025\/wp-content\/uploads\/2025\/03\/logo-enajus.svg","contentUrl":"https:\/\/enajus.org.br\/2025\/wp-content\/uploads\/2025\/03\/logo-enajus.svg","width":297,"height":50,"caption":"EnAJUS 2025"},"image":{"@id":"https:\/\/enajus.org.br\/2025\/#\/schema\/logo\/image\/"},"sameAs":["https:\/\/www.facebook.com\/enajus2025","https:\/\/www.youtube.com\/@ENAJUS","https:\/\/www.instagram.com\/enajus2025"]}]}},"_links":{"self":[{"href":"https:\/\/enajus.org.br\/2025\/wp-json\/wp\/v2\/pages\/406","targetHints":{"allow":["GET"]}}],"collection":[{"href":"https:\/\/enajus.org.br\/2025\/wp-json\/wp\/v2\/pages"}],"about":[{"href":"https:\/\/enajus.org.br\/2025\/wp-json\/wp\/v2\/types\/page"}],"author":[{"embeddable":true,"href":"https:\/\/enajus.org.br\/2025\/wp-json\/wp\/v2\/users\/1"}],"replies":[{"embeddable":true,"href":"https:\/\/enajus.org.br\/2025\/wp-json\/wp\/v2\/comments?post=406"}],"version-history":[{"count":0,"href":"https:\/\/enajus.org.br\/2025\/wp-json\/wp\/v2\/pages\/406\/revisions"}],"wp:attachment":[{"href":"https:\/\/enajus.org.br\/2025\/wp-json\/wp\/v2\/media?parent=406"}],"curies":[{"name":"wp","href":"https:\/\/api.w.org\/{rel}","templated":true}]}}