{"id":432,"date":"2025-09-03T13:58:02","date_gmt":"2025-09-03T16:58:02","guid":{"rendered":"https:\/\/enajus.org.br\/2025\/?page_id=432"},"modified":"2025-09-03T14:09:03","modified_gmt":"2025-09-03T17:09:03","slug":"opcoes-gastronomicas","status":"publish","type":"page","link":"https:\/\/enajus.org.br\/2025\/opcoes-gastronomicas\/","title":{"rendered":"Op\u00e7\u00f5es|Gastron\u00f4micas"},"content":{"rendered":"\n<p>A gastronomia de Jo\u00e3o Pessoa \u00e9 um convite aos sentidos. Plural e acolhedora, re\u00fane a for\u00e7a das tradi\u00e7\u00f5es regionais com a criatividade da cozinha contempor\u00e2nea, que reinventa sabores e surpreende paladares. Cada prato guarda a mem\u00f3ria afetiva de um povo e, ao mesmo tempo, revela a ousadia de chefs que projetam a culin\u00e1ria paraibana no cen\u00e1rio nacional. Assim como o EnAJUS, que une reflex\u00e3o cr\u00edtica e inova\u00e7\u00e3o, a mesa pessoense celebra o encontro entre passado e futuro, oferecendo experi\u00eancias inesquec\u00edveis aos seus visitantes.<\/p>\n\n\n\n<p>No intuito de motivar os participantes a vivenciarem essas experi\u00eancias, a Organiza\u00e7\u00e3o do evento fornece a seguir algumas alternativas gastron\u00f4micas que, naturalmente, n\u00e3o esgotam as op\u00e7\u00f5es da cidade:<\/p>\n\n\n\n<h3 class=\"wp-block-heading\">Gastronomia contempor\u00e2nea \/ Cozinha autoral<\/h3>\n\n\n\n<ul class=\"wp-block-list\">\n<li>Arb\u00f3reo Ristorante (<a href=\"https:\/\/www.instagram.com\/arboreoristorante\/\">https:\/\/www.instagram.com\/arboreoristorante<\/a>)<\/li>\n\n\n\n<li>Arc Restaurante (<a href=\"https:\/\/www.instagram.com\/arcrestaurante\/\">https:\/\/www.instagram.com\/arcrestaurante<\/a>)<\/li>\n\n\n\n<li>Cozinha Roccia (<a href=\"https:\/\/www.instagram.com\/cozinharoccia\/\">https:\/\/www.instagram.com\/cozinharoccia<\/a>)<\/li>\n\n\n\n<li>Fel\u00ed Contemp\u00f4 (<a href=\"https:\/\/www.instagram.com\/felicontempo\/\">https:\/\/www.instagram.com\/felicontempo<\/a>)<\/li>\n\n\n\n<li>Moman Cozinha Contempor\u00e2nea (<a href=\"https:\/\/www.instagram.com\/momanrestaurante\/\">https:\/\/www.instagram.com\/momanrestaurante<\/a>)<\/li>\n\n\n\n<li>NONINO Gastronomia (<a href=\"https:\/\/www.instagram.com\/noninogastronomia\/\">https:\/\/www.instagram.com\/noninogastronomia<\/a>)<\/li>\n\n\n\n<li>Quintal Rest\u00f4 (<a href=\"https:\/\/www.instagram.com\/quintal.resto\/\">https:\/\/www.instagram.com\/quintal.resto<\/a>)<\/li>\n\n\n\n<li>Reserve Garden (<a href=\"https:\/\/www.instagram.com\/reservegarden\/\">https:\/\/www.instagram.com\/reservegarden<\/a>)<\/li>\n\n\n\n<li>The W Restaurante (<a href=\"https:\/\/www.instagram.com\/thewrestaurante\/\">https:\/\/www.instagram.com\/thewrestaurante<\/a>)<\/li>\n<\/ul>\n\n\n\n<h3 class=\"wp-block-heading\">Frutos do mar \/ Cozinha atl\u00e2ntica<\/h3>\n\n\n\n<ol class=\"wp-block-list\"><\/ol>\n\n\n\n<ul class=\"wp-block-list\">\n<li>Al&#8217;Mar Cucina (<a href=\"https:\/\/www.instagram.com\/almarcucina\/\">https:\/\/www.instagram.com\/almarcucina<\/a>)<\/li>\n\n\n\n<li>Estaleiro Restaurante (<a href=\"https:\/\/www.instagram.com\/estaleirorestaurante\/\">https:\/\/www.instagram.com\/estaleirorestaurante<\/a>)<\/li>\n\n\n\n<li>Gulliver Mar (<a href=\"https:\/\/www.instagram.com\/restaurantegullivermar\/\">https:\/\/www.instagram.com\/restaurantegullivermar<\/a>)<\/li>\n\n\n\n<li>NAU Frutos do Mar (<a href=\"https:\/\/www.instagram.com\/nau.joaopessoa\/\">https:\/\/www.instagram.com\/nau.joaopessoa<\/a> | <a href=\"https:\/\/www.instagram.com\/naurestaurante\/\">https:\/\/www.instagram.com\/naurestaurante<\/a>)<\/li>\n\n\n\n<li>Pier Restaurante (<a href=\"https:\/\/www.instagram.com\/pier_restaurante\/\">https:\/\/www.instagram.com\/pier_restaurante<\/a>)<\/li>\n\n\n\n<li>Porto60 Restaurante (<a href=\"https:\/\/www.instagram.com\/porto60restaurante\/?hl=pt\">https:\/\/www.instagram.com\/porto60restaurante<\/a>)<\/li>\n\n\n\n<li>Quilha by Gulliver (<a href=\"https:\/\/www.instagram.com\/quilhabr\/?hl=pt\">https:\/\/www.instagram.com\/quilhabr<\/a>)<\/li>\n<\/ul>\n\n\n\n<h3 class=\"wp-block-heading\">Italianos e Mediterr\u00e2neos (trattorias e fornerias)<\/h3>\n\n\n\n<ol class=\"wp-block-list\"><\/ol>\n\n\n\n<ul class=\"wp-block-list\">\n<li>Famiglia Muccini Ristorante (<a href=\"https:\/\/www.instagram.com\/famigliamuccini\/\">https:\/\/www.instagram.com\/famigliamuccini<\/a>)<\/li>\n\n\n\n<li>Fam\u00edlia Franco (<a href=\"https:\/\/www.instagram.com\/familiafrancojp\/\">https:\/\/www.instagram.com\/familiafrancojp<\/a>)<\/li>\n\n\n\n<li>Forneria de Origem (<a href=\"https:\/\/www.instagram.com\/forneriadeorigem\/\">https:\/\/www.instagram.com\/forneriadeorigem<\/a>)<\/li>\n\n\n\n<li>IOC\u00c1 Restaurante (<a href=\"https:\/\/www.instagram.com\/iocarestaurante\/\">https:\/\/www.instagram.com\/iocarestaurante<\/a>)<\/li>\n\n\n\n<li>Limone &amp; Capperi Trattoria (<a href=\"https:\/\/www.instagram.com\/limonecapperi\/\">https:\/\/www.instagram.com\/limonecapperi<\/a>)<\/li>\n\n\n\n<li>Pimenta Nativa Forneria (<a href=\"https:\/\/www.instagram.com\/pimentanativaforneria\/\">https:\/\/www.instagram.com\/pimentanativaforneria<\/a>)<\/li>\n\n\n\n<li>Tramice Ristorante (<a href=\"https:\/\/www.instagram.com\/tramiceristorante\/\">https:\/\/www.instagram.com\/tramiceristorante<\/a>)<\/li>\n\n\n\n<li>Trattoria de Origem (<a href=\"https:\/\/www.instagram.com\/trattoriadeorigem\/\">https:\/\/www.instagram.com\/trattoriadeorigem<\/a>)<\/li>\n<\/ul>\n\n\n\n<h3 class=\"wp-block-heading\">Rooftops e experi\u00eancias panor\u00e2micas<\/h3>\n\n\n\n<ol class=\"wp-block-list\"><\/ol>\n\n\n\n<ul class=\"wp-block-list\">\n<li>Nui 360 Rooftop (<a href=\"https:\/\/www.instagram.com\/nui_rooftop\/\">https:\/\/www.instagram.com\/nui_rooftop<\/a> | <a href=\"https:\/\/www.instagram.com\/nui_360\/\">https:\/\/www.instagram.com\/nui_360<\/a>)<\/li>\n\n\n\n<li>Orama Rooftop (<a href=\"https:\/\/www.instagram.com\/oramarooftop\/\">https:\/\/www.instagram.com\/oramarooftop<\/a>)<\/li>\n\n\n\n<li>SEA Rooftop (<a href=\"https:\/\/www.instagram.com\/searooftop\/\">https:\/\/www.instagram.com\/searooftop<\/a>)<\/li>\n\n\n\n<li>Sky Bar | Sky Rest\u00f4 (<a href=\"https:\/\/www.instagram.com\/skybarjpa\/?hl=pt\">https:\/\/www.instagram.com\/skybarjpa<\/a> | <a href=\"https:\/\/www.instagram.com\/skyrestojp\/\">https:\/\/www.instagram.com\/skyrestojp<\/a>)<\/li>\n\n\n\n<li>The W VieW (<a href=\"https:\/\/www.instagram.com\/thewviewrestaurante\/\">https:\/\/www.instagram.com\/thewviewrestaurante<\/a>)<\/li>\n\n\n\n<li>Vizu Gastrobar (<a href=\"https:\/\/www.instagram.com\/vizugastrobar\/\">https:\/\/www.instagram.com\/vizugastrobar<\/a>)<\/li>\n<\/ul>\n\n\n\n<h3 class=\"wp-block-heading\">Cozinha Regional e Nordestina<\/h3>\n\n\n\n<ol class=\"wp-block-list\"><\/ol>\n\n\n\n<ul class=\"wp-block-list\">\n<li>Bar do Cuscuz Jo\u00e3o Pessoa (<a href=\"https:\/\/www.instagram.com\/bardocuscuzjp\/\">https:\/\/www.instagram.com\/bardocuscuzjp<\/a>)<\/li>\n\n\n\n<li>Boteco da Villa (<a href=\"https:\/\/www.instagram.com\/botecodavillajp\/\">https:\/\/www.instagram.com\/botecodavillajp<\/a>)<\/li>\n\n\n\n<li>Esperanto Boteco (<a href=\"https:\/\/www.instagram.com\/esperantoboteco\/?hl=p\">https:\/\/www.instagram.com\/esperantoboteco<\/a>)<\/li>\n\n\n\n<li>Mangai (<a href=\"https:\/\/www.instagram.com\/mangairestaurantes\/\">https:\/\/www.instagram.com\/mangairestaurantes<\/a>)<\/li>\n<\/ul>\n\n\n\n<h3 class=\"wp-block-heading\">Asi\u00e1ticos e Japoneses<\/h3>\n\n\n\n<ol class=\"wp-block-list\"><\/ol>\n\n\n\n<ul class=\"wp-block-list\">\n<li>HAO (<a href=\"https:\/\/www.instagram.com\/haobr\/\">https:\/\/www.instagram.com\/haobr<\/a>)<\/li>\n\n\n\n<li>Mitt Sushi Bar (<a href=\"https:\/\/www.instagram.com\/mittsushibar\/\">https:\/\/www.instagram.com\/mittsushibar<\/a>)<\/li>\n\n\n\n<li>Ryori Jo\u00e3o Pessoa (<a href=\"https:\/\/www.instagram.com\/ryorijp\/\">https:\/\/www.instagram.com\/ryorijp<\/a>)<\/li>\n<\/ul>\n\n\n\n<h3 class=\"wp-block-heading\">Cafeterias \/ Ateli\u00eas cafeeiros<\/h3>\n\n\n\n<ol class=\"wp-block-list\"><\/ol>\n\n\n\n<ul class=\"wp-block-list\">\n<li>Ab\u00f4 Bot\u00e2nica e Caf\u00e9 (<a href=\"https:\/\/www.instagram.com\/abobotanicacafe\/\">https:\/\/www.instagram.com\/abobotanicacafe<\/a>)<\/li>\n\n\n\n<li>Farina In Natura (<a href=\"https:\/\/www.instagram.com\/farinainnatura\/\">https:\/\/www.instagram.com\/farinainnatura<\/a>)<\/li>\n\n\n\n<li>Glace\u0302 Real Confeitaria (<a href=\"https:\/\/www.instagram.com\/glacerealjp\/\">https:\/\/www.instagram.com\/glacerealjp<\/a>)<\/li>\n\n\n\n<li>Sagrado Antiqu\u00e1rio Caf\u00e9 (<a href=\"https:\/\/www.instagram.com\/sagradojp\/\">https:\/\/www.instagram.com\/sagradojp<\/a>)<\/li>\n\n\n\n<li>Visse | Caf\u00e9 e Comida Regional (<a href=\"https:\/\/www.instagram.com\/vissecafe_\/\">https:\/\/www.instagram.com\/vissecafe_<\/a>)<\/li>\n<\/ul>\n\n\n\n<h3 class=\"wp-block-heading\">Espa\u00e7os gastron\u00f4micos coletivos \/ Multicozinha<\/h3>\n\n\n\n<ol class=\"wp-block-list\"><\/ol>\n\n\n\n<ul class=\"wp-block-list\">\n<li>Food Park Cabo Branco (<a href=\"https:\/\/www.instagram.com\/parquecabobranco\/?hl=pt-br\">https:\/\/www.instagram.com\/parquecabobranco<\/a>)<\/li>\n\n\n\n<li>&#8220;Rua dos Sabores&#8221; (Rua Joaquim Avundano, Miramar)<\/li>\n\n\n\n<li>Villa Gourmet Jo\u00e3o Pessoa (<a href=\"https:\/\/www.instagram.com\/villagourmetjp\/\">https:\/\/www.instagram.com\/villagourmetjp<\/a>)<\/li>\n\n\n\n<li>Ville des Plantes (<a href=\"https:\/\/www.instagram.com\/villedesplantes\/\">https:\/\/www.instagram.com\/villedesplantes<\/a>)<\/li>\n<\/ul>\n\n\n\n<h3 class=\"wp-block-heading\">Steakhouses<\/h3>\n\n\n\n<ol class=\"wp-block-list\"><\/ol>\n\n\n\n<ul class=\"wp-block-list\">\n<li>John&#8217;s Grill, Wine and Salad (<a href=\"https:\/\/www.instagram.com\/johnsgrilloficial\/\">https:\/\/www.instagram.com\/johnsgrilloficial\/<\/a>)<\/li>\n\n\n\n<li>Santa Grelha (<a href=\"https:\/\/www.instagram.com\/santagrelhajp\/\">https:\/\/www.instagram.com\/santagrelhajp\/<\/a>)<\/li>\n<\/ul>\n\n\n\n<p><strong>Obs: <\/strong>n\u00e3o h\u00e1 descontos ou condi\u00e7\u00f5es especiais para participantes negociadas pela Organiza\u00e7\u00e3o do evento junto a essas op\u00e7\u00f5es\u00a0gastron\u00f4micas.<\/p>\n\n\n\n<p><\/p>\n","protected":false},"excerpt":{"rendered":"<p>A gastronomia de Jo\u00e3o Pessoa \u00e9 um convite aos sentidos. Plural e acolhedora, re\u00fane a for\u00e7a das tradi\u00e7\u00f5es regionais com a criatividade da cozinha contempor\u00e2nea, que reinventa sabores e surpreende paladares. Cada prato guarda a mem\u00f3ria afetiva de um povo e, ao mesmo tempo, revela a ousadia de chefs que projetam a culin\u00e1ria paraibana no &hellip; <a href=\"https:\/\/enajus.org.br\/2025\/opcoes-gastronomicas\/\" class=\"more-link\">Continue lendo<span class=\"screen-reader-text\"> &#8220;Op\u00e7\u00f5es|Gastron\u00f4micas&#8221;<\/span><\/a><\/p>\n","protected":false},"author":1,"featured_media":0,"parent":0,"menu_order":0,"comment_status":"closed","ping_status":"closed","template":"","meta":{"_acf_changed":false,"footnotes":""},"class_list":["post-432","page","type-page","status-publish","hentry"],"acf":[],"yoast_head":"<!-- This site is optimized with the Yoast SEO plugin v27.4 - https:\/\/yoast.com\/product\/yoast-seo-wordpress\/ -->\n<title>Op\u00e7\u00f5es|Gastron\u00f4micas - EnAJUS 2025<\/title>\n<meta name=\"robots\" content=\"index, follow, max-snippet:-1, max-image-preview:large, max-video-preview:-1\" \/>\n<link rel=\"canonical\" href=\"https:\/\/enajus.org.br\/2025\/opcoes-gastronomicas\/\" \/>\n<meta property=\"og:locale\" content=\"pt_BR\" \/>\n<meta property=\"og:type\" content=\"article\" \/>\n<meta property=\"og:title\" content=\"Op\u00e7\u00f5es|Gastron\u00f4micas - EnAJUS 2025\" \/>\n<meta property=\"og:description\" content=\"A gastronomia de Jo\u00e3o Pessoa \u00e9 um convite aos sentidos. Plural e acolhedora, re\u00fane a for\u00e7a das tradi\u00e7\u00f5es regionais com a criatividade da cozinha contempor\u00e2nea, que reinventa sabores e surpreende paladares. Cada prato guarda a mem\u00f3ria afetiva de um povo e, ao mesmo tempo, revela a ousadia de chefs que projetam a culin\u00e1ria paraibana no &hellip; Continue lendo &quot;Op\u00e7\u00f5es|Gastron\u00f4micas&quot;\" \/>\n<meta property=\"og:url\" content=\"https:\/\/enajus.org.br\/2025\/opcoes-gastronomicas\/\" \/>\n<meta property=\"og:site_name\" content=\"EnAJUS 2025\" \/>\n<meta property=\"article:publisher\" content=\"https:\/\/www.facebook.com\/enajus2025\" \/>\n<meta property=\"article:modified_time\" content=\"2025-09-03T17:09:03+00:00\" \/>\n<meta name=\"twitter:card\" content=\"summary_large_image\" \/>\n<meta name=\"twitter:label1\" content=\"Est. tempo de leitura\" \/>\n\t<meta name=\"twitter:data1\" content=\"2 minutos\" \/>\n<script type=\"application\/ld+json\" class=\"yoast-schema-graph\">{\"@context\":\"https:\\\/\\\/schema.org\",\"@graph\":[{\"@type\":\"WebPage\",\"@id\":\"https:\\\/\\\/enajus.org.br\\\/2025\\\/opcoes-gastronomicas\\\/\",\"url\":\"https:\\\/\\\/enajus.org.br\\\/2025\\\/opcoes-gastronomicas\\\/\",\"name\":\"Op\u00e7\u00f5es|Gastron\u00f4micas - EnAJUS 2025\",\"isPartOf\":{\"@id\":\"https:\\\/\\\/enajus.org.br\\\/2025\\\/#website\"},\"datePublished\":\"2025-09-03T16:58:02+00:00\",\"dateModified\":\"2025-09-03T17:09:03+00:00\",\"breadcrumb\":{\"@id\":\"https:\\\/\\\/enajus.org.br\\\/2025\\\/opcoes-gastronomicas\\\/#breadcrumb\"},\"inLanguage\":\"pt-BR\",\"potentialAction\":[{\"@type\":\"ReadAction\",\"target\":[\"https:\\\/\\\/enajus.org.br\\\/2025\\\/opcoes-gastronomicas\\\/\"]}]},{\"@type\":\"BreadcrumbList\",\"@id\":\"https:\\\/\\\/enajus.org.br\\\/2025\\\/opcoes-gastronomicas\\\/#breadcrumb\",\"itemListElement\":[{\"@type\":\"ListItem\",\"position\":1,\"name\":\"In\u00edcio\",\"item\":\"https:\\\/\\\/enajus.org.br\\\/2025\\\/\"},{\"@type\":\"ListItem\",\"position\":2,\"name\":\"Op\u00e7\u00f5es|Gastron\u00f4micas\"}]},{\"@type\":\"WebSite\",\"@id\":\"https:\\\/\\\/enajus.org.br\\\/2025\\\/#website\",\"url\":\"https:\\\/\\\/enajus.org.br\\\/2025\\\/\",\"name\":\"EnAJUS 2025\",\"description\":\"O Encontro de Administra\u00e7\u00e3o da Justi\u00e7a congrega v\u00e1rias \u00e1reas do conhecimento, como Direito, Administra\u00e7\u00e3o P\u00fablica, Economia, Sociologia, Ci\u00eancia Pol\u00edtica, Tecnologia da Informa\u00e7\u00e3o, Ci\u00eancia de Dados, Psicologia, Comunica\u00e7\u00e3o, com a finalidade de gerar e disseminar conhecimentos capazes de melhorar os n\u00edveis de efici\u00eancia e de efetividade da Justi\u00e7a.\",\"publisher\":{\"@id\":\"https:\\\/\\\/enajus.org.br\\\/2025\\\/#organization\"},\"potentialAction\":[{\"@type\":\"SearchAction\",\"target\":{\"@type\":\"EntryPoint\",\"urlTemplate\":\"https:\\\/\\\/enajus.org.br\\\/2025\\\/?s={search_term_string}\"},\"query-input\":{\"@type\":\"PropertyValueSpecification\",\"valueRequired\":true,\"valueName\":\"search_term_string\"}}],\"inLanguage\":\"pt-BR\"},{\"@type\":\"Organization\",\"@id\":\"https:\\\/\\\/enajus.org.br\\\/2025\\\/#organization\",\"name\":\"EnAJUS 2025\",\"url\":\"https:\\\/\\\/enajus.org.br\\\/2025\\\/\",\"logo\":{\"@type\":\"ImageObject\",\"inLanguage\":\"pt-BR\",\"@id\":\"https:\\\/\\\/enajus.org.br\\\/2025\\\/#\\\/schema\\\/logo\\\/image\\\/\",\"url\":\"https:\\\/\\\/enajus.org.br\\\/2025\\\/wp-content\\\/uploads\\\/2025\\\/03\\\/logo-enajus.svg\",\"contentUrl\":\"https:\\\/\\\/enajus.org.br\\\/2025\\\/wp-content\\\/uploads\\\/2025\\\/03\\\/logo-enajus.svg\",\"width\":297,\"height\":50,\"caption\":\"EnAJUS 2025\"},\"image\":{\"@id\":\"https:\\\/\\\/enajus.org.br\\\/2025\\\/#\\\/schema\\\/logo\\\/image\\\/\"},\"sameAs\":[\"https:\\\/\\\/www.facebook.com\\\/enajus2025\",\"https:\\\/\\\/www.youtube.com\\\/@ENAJUS\",\"https:\\\/\\\/www.instagram.com\\\/enajus2025\"]}]}<\/script>\n<!-- \/ Yoast SEO plugin. -->","yoast_head_json":{"title":"Op\u00e7\u00f5es|Gastron\u00f4micas - EnAJUS 2025","robots":{"index":"index","follow":"follow","max-snippet":"max-snippet:-1","max-image-preview":"max-image-preview:large","max-video-preview":"max-video-preview:-1"},"canonical":"https:\/\/enajus.org.br\/2025\/opcoes-gastronomicas\/","og_locale":"pt_BR","og_type":"article","og_title":"Op\u00e7\u00f5es|Gastron\u00f4micas - EnAJUS 2025","og_description":"A gastronomia de Jo\u00e3o Pessoa \u00e9 um convite aos sentidos. Plural e acolhedora, re\u00fane a for\u00e7a das tradi\u00e7\u00f5es regionais com a criatividade da cozinha contempor\u00e2nea, que reinventa sabores e surpreende paladares. Cada prato guarda a mem\u00f3ria afetiva de um povo e, ao mesmo tempo, revela a ousadia de chefs que projetam a culin\u00e1ria paraibana no &hellip; Continue lendo \"Op\u00e7\u00f5es|Gastron\u00f4micas\"","og_url":"https:\/\/enajus.org.br\/2025\/opcoes-gastronomicas\/","og_site_name":"EnAJUS 2025","article_publisher":"https:\/\/www.facebook.com\/enajus2025","article_modified_time":"2025-09-03T17:09:03+00:00","twitter_card":"summary_large_image","twitter_misc":{"Est. tempo de leitura":"2 minutos"},"schema":{"@context":"https:\/\/schema.org","@graph":[{"@type":"WebPage","@id":"https:\/\/enajus.org.br\/2025\/opcoes-gastronomicas\/","url":"https:\/\/enajus.org.br\/2025\/opcoes-gastronomicas\/","name":"Op\u00e7\u00f5es|Gastron\u00f4micas - EnAJUS 2025","isPartOf":{"@id":"https:\/\/enajus.org.br\/2025\/#website"},"datePublished":"2025-09-03T16:58:02+00:00","dateModified":"2025-09-03T17:09:03+00:00","breadcrumb":{"@id":"https:\/\/enajus.org.br\/2025\/opcoes-gastronomicas\/#breadcrumb"},"inLanguage":"pt-BR","potentialAction":[{"@type":"ReadAction","target":["https:\/\/enajus.org.br\/2025\/opcoes-gastronomicas\/"]}]},{"@type":"BreadcrumbList","@id":"https:\/\/enajus.org.br\/2025\/opcoes-gastronomicas\/#breadcrumb","itemListElement":[{"@type":"ListItem","position":1,"name":"In\u00edcio","item":"https:\/\/enajus.org.br\/2025\/"},{"@type":"ListItem","position":2,"name":"Op\u00e7\u00f5es|Gastron\u00f4micas"}]},{"@type":"WebSite","@id":"https:\/\/enajus.org.br\/2025\/#website","url":"https:\/\/enajus.org.br\/2025\/","name":"EnAJUS 2025","description":"O Encontro de Administra\u00e7\u00e3o da Justi\u00e7a congrega v\u00e1rias \u00e1reas do conhecimento, como Direito, Administra\u00e7\u00e3o P\u00fablica, Economia, Sociologia, Ci\u00eancia Pol\u00edtica, Tecnologia da Informa\u00e7\u00e3o, Ci\u00eancia de Dados, Psicologia, Comunica\u00e7\u00e3o, com a finalidade de gerar e disseminar conhecimentos capazes de melhorar os n\u00edveis de efici\u00eancia e de efetividade da Justi\u00e7a.","publisher":{"@id":"https:\/\/enajus.org.br\/2025\/#organization"},"potentialAction":[{"@type":"SearchAction","target":{"@type":"EntryPoint","urlTemplate":"https:\/\/enajus.org.br\/2025\/?s={search_term_string}"},"query-input":{"@type":"PropertyValueSpecification","valueRequired":true,"valueName":"search_term_string"}}],"inLanguage":"pt-BR"},{"@type":"Organization","@id":"https:\/\/enajus.org.br\/2025\/#organization","name":"EnAJUS 2025","url":"https:\/\/enajus.org.br\/2025\/","logo":{"@type":"ImageObject","inLanguage":"pt-BR","@id":"https:\/\/enajus.org.br\/2025\/#\/schema\/logo\/image\/","url":"https:\/\/enajus.org.br\/2025\/wp-content\/uploads\/2025\/03\/logo-enajus.svg","contentUrl":"https:\/\/enajus.org.br\/2025\/wp-content\/uploads\/2025\/03\/logo-enajus.svg","width":297,"height":50,"caption":"EnAJUS 2025"},"image":{"@id":"https:\/\/enajus.org.br\/2025\/#\/schema\/logo\/image\/"},"sameAs":["https:\/\/www.facebook.com\/enajus2025","https:\/\/www.youtube.com\/@ENAJUS","https:\/\/www.instagram.com\/enajus2025"]}]}},"_links":{"self":[{"href":"https:\/\/enajus.org.br\/2025\/wp-json\/wp\/v2\/pages\/432","targetHints":{"allow":["GET"]}}],"collection":[{"href":"https:\/\/enajus.org.br\/2025\/wp-json\/wp\/v2\/pages"}],"about":[{"href":"https:\/\/enajus.org.br\/2025\/wp-json\/wp\/v2\/types\/page"}],"author":[{"embeddable":true,"href":"https:\/\/enajus.org.br\/2025\/wp-json\/wp\/v2\/users\/1"}],"replies":[{"embeddable":true,"href":"https:\/\/enajus.org.br\/2025\/wp-json\/wp\/v2\/comments?post=432"}],"version-history":[{"count":0,"href":"https:\/\/enajus.org.br\/2025\/wp-json\/wp\/v2\/pages\/432\/revisions"}],"wp:attachment":[{"href":"https:\/\/enajus.org.br\/2025\/wp-json\/wp\/v2\/media?parent=432"}],"curies":[{"name":"wp","href":"https:\/\/api.w.org\/{rel}","templated":true}]}}