{"id":53,"date":"2025-03-08T17:26:45","date_gmt":"2025-03-08T20:26:45","guid":{"rendered":"https:\/\/enajus.org.br\/2025\/?page_id=53"},"modified":"2025-04-24T09:58:53","modified_gmt":"2025-04-24T12:58:53","slug":"local","status":"publish","type":"page","link":"https:\/\/enajus.org.br\/2025\/local\/","title":{"rendered":"Local"},"content":{"rendered":"\n<figure class=\"wp-block-gallery has-nested-images columns-default is-cropped wp-block-gallery-1 is-layout-flex wp-block-gallery-is-layout-flex\">\n<figure class=\"wp-block-image size-full mb-5\"><img loading=\"lazy\" decoding=\"async\" width=\"1200\" height=\"400\" data-id=\"318\" src=\"https:\/\/enajus.org.br\/2025\/wp-content\/uploads\/2025\/03\/joao-pessoa-data.jpg\" alt=\"\" class=\"wp-image-318\" srcset=\"https:\/\/enajus.org.br\/2025\/wp-content\/uploads\/2025\/03\/joao-pessoa-data.jpg 1200w, https:\/\/enajus.org.br\/2025\/wp-content\/uploads\/2025\/03\/joao-pessoa-data-300x100.jpg 300w, https:\/\/enajus.org.br\/2025\/wp-content\/uploads\/2025\/03\/joao-pessoa-data-1024x341.jpg 1024w, https:\/\/enajus.org.br\/2025\/wp-content\/uploads\/2025\/03\/joao-pessoa-data-768x256.jpg 768w\" sizes=\"auto, (max-width: 709px) 85vw, (max-width: 909px) 67vw, (max-width: 1362px) 62vw, 840px\" \/><\/figure>\n<\/figure>\n\n\n\n<hr class=\"wp-block-separator has-alpha-channel-opacity\"\/>\n\n\n\n<h2 class=\"wp-block-heading has-text-align-left\">Jo\u00e3o Pessoa: Turismo e Cultura<\/h2>\n\n\n\n<p>Jo\u00e3o Pessoa, carinhosamente conhecida como &#8220;Jampa&#8221;, \u00e9 a capital da Para\u00edba e uma das cidades mais encantadoras do Nordeste brasileiro. Fundada em 1585, e com uma popula\u00e7\u00e3o de 833.932 habitantes (segundo dados do Censo de 2022 do IBGE), a cidade se destaca por sua combina\u00e7\u00e3o harmoniosa de beleza natural, riqueza hist\u00f3rica e desenvolvimento econ\u00f4mico.<\/p>\n\n\n\n<p>As praias de Jo\u00e3o Pessoa s\u00e3o verdadeiros cart\u00f5es-postais, com \u00e1guas cristalinas e mornas que convidam ao banho e ao lazer, e piscinas naturais que oferecem experi\u00eancias \u00fanicas de contato com a vida marinha local. Seu Centro Hist\u00f3rico \u00e9 um verdadeiro mergulho na hist\u00f3ria, com constru\u00e7\u00f5es dos s\u00e9culos XVII e XVIII, exibindo fachadas barrocas e art d\u00e9co.<\/p>\n\n\n\n<figure class=\"wp-block-image size-full\"><img loading=\"lazy\" decoding=\"async\" width=\"695\" height=\"348\" src=\"https:\/\/enajus.org.br\/2025\/wp-content\/uploads\/2025\/03\/joao-pessoa-2x1-1.jpg\" alt=\"\" class=\"wp-image-317\" srcset=\"https:\/\/enajus.org.br\/2025\/wp-content\/uploads\/2025\/03\/joao-pessoa-2x1-1.jpg 695w, https:\/\/enajus.org.br\/2025\/wp-content\/uploads\/2025\/03\/joao-pessoa-2x1-1-300x150.jpg 300w\" sizes=\"auto, (max-width: 695px) 85vw, 695px\" \/><\/figure>\n\n\n\n<p>Nos \u00faltimos anos, Jo\u00e3o Pessoa tem se destacado no cen\u00e1rio tur\u00edstico internacional. Em 2024, a cidade ocupou posi\u00e7\u00f5es de destaque em estudos e levantamentos globais sobre crescimento na demanda tur\u00edstica, repercutindo midiaticamente de forma intensa. Esse reconhecimento \u00e9 resultado de investimentos em infraestrutura, campanhas promocionais e da beleza natural que a cidade oferece. Ademais, a culin\u00e1ria pessoense \u00e9 um convite aos sentidos, e a hospitalidade do povo pessoense \u00e9 outro diferencial, fazendo com que os turistas se sintam em casa desde a chegada.<\/p>\n\n\n\n<p>Jo\u00e3o Pessoa \u00e9 uma cidade que encanta por sua simplicidade e beleza. Seja pelas praias paradis\u00edacas, pelo rico patrim\u00f4nio hist\u00f3rico ou pela cultura vibrante, a capital paraibana oferece experi\u00eancias inesquec\u00edveis. Seu clima quente inspirou as cores solares que d\u00e3o o tom da 8\u00aa edi\u00e7\u00e3o do EnAJUS. Sua cultura cordelista inspirou o tra\u00e7o que marca a identidade visual do evento. E, o verde-\u00e1gua, presente na marca do Encontro, alude \u00e0 pedra preciosa do estado, a Turmalina Para\u00edba.<\/p>\n\n\n\n<p>A Organiza\u00e7\u00e3o do EnAJUS 2025 convida todos a virem descobrir os encantos de Jo\u00e3o Pessoa e deixar-se envolver pela magia de uma das cidades mais acolhedoras do Brasil.&nbsp;At\u00e9&nbsp;novembro!<\/p>\n\n\n\n<div style=\"height:50px\" aria-hidden=\"true\" id=\"local-do-evento\" class=\"wp-block-spacer\"><\/div>\n\n\n\n<h3 class=\"wp-block-heading\">Local do evento<\/h3>\n\n\n\n<p>O EnAJUS 2025 ser\u00e1 realizado no <strong>Hotel Mana\u00edra<\/strong>.<\/p>\n\n\n\n<figure class=\"wp-block-image size-full\"><img loading=\"lazy\" decoding=\"async\" width=\"834\" height=\"371\" src=\"https:\/\/enajus.org.br\/2025\/wp-content\/uploads\/2025\/04\/Horizontal_Cor.AZ_.png\" alt=\"\" class=\"wp-image-334\" srcset=\"https:\/\/enajus.org.br\/2025\/wp-content\/uploads\/2025\/04\/Horizontal_Cor.AZ_.png 834w, https:\/\/enajus.org.br\/2025\/wp-content\/uploads\/2025\/04\/Horizontal_Cor.AZ_-300x133.png 300w, https:\/\/enajus.org.br\/2025\/wp-content\/uploads\/2025\/04\/Horizontal_Cor.AZ_-768x342.png 768w\" sizes=\"auto, (max-width: 834px) 85vw, 834px\" \/><\/figure>\n\n\n\n<p><strong>Endere\u00e7o<\/strong><br><address>Avenida General Edson Ramalho, 1131 &#8211; Mana\u00edra &#8211; Jo\u00e3o Pessoa &#8211; PB<\/address><\/p>\n\n<p><a href=\"\/hospedagem\" class=\"btn\">Condi\u00e7\u00f5es especiais de hospedagem<\/a> <span>&nbsp;<\/span> <a href=\"#\" target=\"_blank\" class=\"btn btn-orange\">Localiza\u00e7\u00e3o<\/a><\/p>\n\n\n\n<p><\/p>\n","protected":false},"excerpt":{"rendered":"<p>Jo\u00e3o Pessoa: Turismo e Cultura Jo\u00e3o Pessoa, carinhosamente conhecida como &#8220;Jampa&#8221;, \u00e9 a capital da Para\u00edba e uma das cidades mais encantadoras do Nordeste brasileiro. Fundada em 1585, e com uma popula\u00e7\u00e3o de 833.932 habitantes (segundo dados do Censo de 2022 do IBGE), a cidade se destaca por sua combina\u00e7\u00e3o harmoniosa de beleza natural, riqueza &hellip; <a href=\"https:\/\/enajus.org.br\/2025\/local\/\" class=\"more-link\">Continue lendo<span class=\"screen-reader-text\"> &#8220;Local&#8221;<\/span><\/a><\/p>\n","protected":false},"author":1,"featured_media":0,"parent":0,"menu_order":0,"comment_status":"closed","ping_status":"closed","template":"","meta":{"_acf_changed":false,"footnotes":""},"class_list":["post-53","page","type-page","status-publish","hentry"],"acf":[],"yoast_head":"<!-- This site is optimized with the Yoast SEO plugin v27.4 - https:\/\/yoast.com\/product\/yoast-seo-wordpress\/ -->\n<title>Local - EnAJUS 2025<\/title>\n<meta name=\"robots\" content=\"index, follow, max-snippet:-1, max-image-preview:large, max-video-preview:-1\" \/>\n<link rel=\"canonical\" href=\"https:\/\/enajus.org.br\/2025\/local\/\" \/>\n<meta property=\"og:locale\" content=\"pt_BR\" \/>\n<meta property=\"og:type\" content=\"article\" \/>\n<meta property=\"og:title\" content=\"Local - EnAJUS 2025\" \/>\n<meta property=\"og:description\" content=\"Jo\u00e3o Pessoa: Turismo e Cultura Jo\u00e3o Pessoa, carinhosamente conhecida como &#8220;Jampa&#8221;, \u00e9 a capital da Para\u00edba e uma das cidades mais encantadoras do Nordeste brasileiro. Fundada em 1585, e com uma popula\u00e7\u00e3o de 833.932 habitantes (segundo dados do Censo de 2022 do IBGE), a cidade se destaca por sua combina\u00e7\u00e3o harmoniosa de beleza natural, riqueza &hellip; Continue lendo &quot;Local&quot;\" \/>\n<meta property=\"og:url\" content=\"https:\/\/enajus.org.br\/2025\/local\/\" \/>\n<meta property=\"og:site_name\" content=\"EnAJUS 2025\" \/>\n<meta property=\"article:publisher\" content=\"https:\/\/www.facebook.com\/enajus2025\" \/>\n<meta property=\"article:modified_time\" content=\"2025-04-24T12:58:53+00:00\" \/>\n<meta property=\"og:image\" content=\"https:\/\/enajus.org.br\/2025\/wp-content\/uploads\/2025\/03\/joao-pessoa-data.jpg\" \/>\n\t<meta property=\"og:image:width\" content=\"1200\" \/>\n\t<meta property=\"og:image:height\" content=\"400\" \/>\n\t<meta property=\"og:image:type\" content=\"image\/jpeg\" \/>\n<meta name=\"twitter:card\" content=\"summary_large_image\" \/>\n<meta name=\"twitter:label1\" content=\"Est. tempo de leitura\" \/>\n\t<meta name=\"twitter:data1\" content=\"3 minutos\" \/>\n<script type=\"application\/ld+json\" class=\"yoast-schema-graph\">{\"@context\":\"https:\\\/\\\/schema.org\",\"@graph\":[{\"@type\":\"WebPage\",\"@id\":\"https:\\\/\\\/enajus.org.br\\\/2025\\\/local\\\/\",\"url\":\"https:\\\/\\\/enajus.org.br\\\/2025\\\/local\\\/\",\"name\":\"Local - EnAJUS 2025\",\"isPartOf\":{\"@id\":\"https:\\\/\\\/enajus.org.br\\\/2025\\\/#website\"},\"primaryImageOfPage\":{\"@id\":\"https:\\\/\\\/enajus.org.br\\\/2025\\\/local\\\/#primaryimage\"},\"image\":{\"@id\":\"https:\\\/\\\/enajus.org.br\\\/2025\\\/local\\\/#primaryimage\"},\"thumbnailUrl\":\"https:\\\/\\\/enajus.org.br\\\/2025\\\/wp-content\\\/uploads\\\/2025\\\/03\\\/joao-pessoa-data.jpg\",\"datePublished\":\"2025-03-08T20:26:45+00:00\",\"dateModified\":\"2025-04-24T12:58:53+00:00\",\"breadcrumb\":{\"@id\":\"https:\\\/\\\/enajus.org.br\\\/2025\\\/local\\\/#breadcrumb\"},\"inLanguage\":\"pt-BR\",\"potentialAction\":[{\"@type\":\"ReadAction\",\"target\":[\"https:\\\/\\\/enajus.org.br\\\/2025\\\/local\\\/\"]}]},{\"@type\":\"ImageObject\",\"inLanguage\":\"pt-BR\",\"@id\":\"https:\\\/\\\/enajus.org.br\\\/2025\\\/local\\\/#primaryimage\",\"url\":\"https:\\\/\\\/enajus.org.br\\\/2025\\\/wp-content\\\/uploads\\\/2025\\\/03\\\/joao-pessoa-data.jpg\",\"contentUrl\":\"https:\\\/\\\/enajus.org.br\\\/2025\\\/wp-content\\\/uploads\\\/2025\\\/03\\\/joao-pessoa-data.jpg\",\"width\":1200,\"height\":400},{\"@type\":\"BreadcrumbList\",\"@id\":\"https:\\\/\\\/enajus.org.br\\\/2025\\\/local\\\/#breadcrumb\",\"itemListElement\":[{\"@type\":\"ListItem\",\"position\":1,\"name\":\"In\u00edcio\",\"item\":\"https:\\\/\\\/enajus.org.br\\\/2025\\\/\"},{\"@type\":\"ListItem\",\"position\":2,\"name\":\"Local\"}]},{\"@type\":\"WebSite\",\"@id\":\"https:\\\/\\\/enajus.org.br\\\/2025\\\/#website\",\"url\":\"https:\\\/\\\/enajus.org.br\\\/2025\\\/\",\"name\":\"EnAJUS 2025\",\"description\":\"O Encontro de Administra\u00e7\u00e3o da Justi\u00e7a congrega v\u00e1rias \u00e1reas do conhecimento, como Direito, Administra\u00e7\u00e3o P\u00fablica, Economia, Sociologia, Ci\u00eancia Pol\u00edtica, Tecnologia da Informa\u00e7\u00e3o, Ci\u00eancia de Dados, Psicologia, Comunica\u00e7\u00e3o, com a finalidade de gerar e disseminar conhecimentos capazes de melhorar os n\u00edveis de efici\u00eancia e de efetividade da Justi\u00e7a.\",\"publisher\":{\"@id\":\"https:\\\/\\\/enajus.org.br\\\/2025\\\/#organization\"},\"potentialAction\":[{\"@type\":\"SearchAction\",\"target\":{\"@type\":\"EntryPoint\",\"urlTemplate\":\"https:\\\/\\\/enajus.org.br\\\/2025\\\/?s={search_term_string}\"},\"query-input\":{\"@type\":\"PropertyValueSpecification\",\"valueRequired\":true,\"valueName\":\"search_term_string\"}}],\"inLanguage\":\"pt-BR\"},{\"@type\":\"Organization\",\"@id\":\"https:\\\/\\\/enajus.org.br\\\/2025\\\/#organization\",\"name\":\"EnAJUS 2025\",\"url\":\"https:\\\/\\\/enajus.org.br\\\/2025\\\/\",\"logo\":{\"@type\":\"ImageObject\",\"inLanguage\":\"pt-BR\",\"@id\":\"https:\\\/\\\/enajus.org.br\\\/2025\\\/#\\\/schema\\\/logo\\\/image\\\/\",\"url\":\"https:\\\/\\\/enajus.org.br\\\/2025\\\/wp-content\\\/uploads\\\/2025\\\/03\\\/logo-enajus.svg\",\"contentUrl\":\"https:\\\/\\\/enajus.org.br\\\/2025\\\/wp-content\\\/uploads\\\/2025\\\/03\\\/logo-enajus.svg\",\"width\":297,\"height\":50,\"caption\":\"EnAJUS 2025\"},\"image\":{\"@id\":\"https:\\\/\\\/enajus.org.br\\\/2025\\\/#\\\/schema\\\/logo\\\/image\\\/\"},\"sameAs\":[\"https:\\\/\\\/www.facebook.com\\\/enajus2025\",\"https:\\\/\\\/www.youtube.com\\\/@ENAJUS\",\"https:\\\/\\\/www.instagram.com\\\/enajus2025\"]}]}<\/script>\n<!-- \/ Yoast SEO plugin. -->","yoast_head_json":{"title":"Local - EnAJUS 2025","robots":{"index":"index","follow":"follow","max-snippet":"max-snippet:-1","max-image-preview":"max-image-preview:large","max-video-preview":"max-video-preview:-1"},"canonical":"https:\/\/enajus.org.br\/2025\/local\/","og_locale":"pt_BR","og_type":"article","og_title":"Local - EnAJUS 2025","og_description":"Jo\u00e3o Pessoa: Turismo e Cultura Jo\u00e3o Pessoa, carinhosamente conhecida como &#8220;Jampa&#8221;, \u00e9 a capital da Para\u00edba e uma das cidades mais encantadoras do Nordeste brasileiro. Fundada em 1585, e com uma popula\u00e7\u00e3o de 833.932 habitantes (segundo dados do Censo de 2022 do IBGE), a cidade se destaca por sua combina\u00e7\u00e3o harmoniosa de beleza natural, riqueza &hellip; Continue lendo \"Local\"","og_url":"https:\/\/enajus.org.br\/2025\/local\/","og_site_name":"EnAJUS 2025","article_publisher":"https:\/\/www.facebook.com\/enajus2025","article_modified_time":"2025-04-24T12:58:53+00:00","og_image":[{"width":1200,"height":400,"url":"https:\/\/enajus.org.br\/2025\/wp-content\/uploads\/2025\/03\/joao-pessoa-data.jpg","type":"image\/jpeg"}],"twitter_card":"summary_large_image","twitter_misc":{"Est. tempo de leitura":"3 minutos"},"schema":{"@context":"https:\/\/schema.org","@graph":[{"@type":"WebPage","@id":"https:\/\/enajus.org.br\/2025\/local\/","url":"https:\/\/enajus.org.br\/2025\/local\/","name":"Local - EnAJUS 2025","isPartOf":{"@id":"https:\/\/enajus.org.br\/2025\/#website"},"primaryImageOfPage":{"@id":"https:\/\/enajus.org.br\/2025\/local\/#primaryimage"},"image":{"@id":"https:\/\/enajus.org.br\/2025\/local\/#primaryimage"},"thumbnailUrl":"https:\/\/enajus.org.br\/2025\/wp-content\/uploads\/2025\/03\/joao-pessoa-data.jpg","datePublished":"2025-03-08T20:26:45+00:00","dateModified":"2025-04-24T12:58:53+00:00","breadcrumb":{"@id":"https:\/\/enajus.org.br\/2025\/local\/#breadcrumb"},"inLanguage":"pt-BR","potentialAction":[{"@type":"ReadAction","target":["https:\/\/enajus.org.br\/2025\/local\/"]}]},{"@type":"ImageObject","inLanguage":"pt-BR","@id":"https:\/\/enajus.org.br\/2025\/local\/#primaryimage","url":"https:\/\/enajus.org.br\/2025\/wp-content\/uploads\/2025\/03\/joao-pessoa-data.jpg","contentUrl":"https:\/\/enajus.org.br\/2025\/wp-content\/uploads\/2025\/03\/joao-pessoa-data.jpg","width":1200,"height":400},{"@type":"BreadcrumbList","@id":"https:\/\/enajus.org.br\/2025\/local\/#breadcrumb","itemListElement":[{"@type":"ListItem","position":1,"name":"In\u00edcio","item":"https:\/\/enajus.org.br\/2025\/"},{"@type":"ListItem","position":2,"name":"Local"}]},{"@type":"WebSite","@id":"https:\/\/enajus.org.br\/2025\/#website","url":"https:\/\/enajus.org.br\/2025\/","name":"EnAJUS 2025","description":"O Encontro de Administra\u00e7\u00e3o da Justi\u00e7a congrega v\u00e1rias \u00e1reas do conhecimento, como Direito, Administra\u00e7\u00e3o P\u00fablica, Economia, Sociologia, Ci\u00eancia Pol\u00edtica, Tecnologia da Informa\u00e7\u00e3o, Ci\u00eancia de Dados, Psicologia, Comunica\u00e7\u00e3o, com a finalidade de gerar e disseminar conhecimentos capazes de melhorar os n\u00edveis de efici\u00eancia e de efetividade da Justi\u00e7a.","publisher":{"@id":"https:\/\/enajus.org.br\/2025\/#organization"},"potentialAction":[{"@type":"SearchAction","target":{"@type":"EntryPoint","urlTemplate":"https:\/\/enajus.org.br\/2025\/?s={search_term_string}"},"query-input":{"@type":"PropertyValueSpecification","valueRequired":true,"valueName":"search_term_string"}}],"inLanguage":"pt-BR"},{"@type":"Organization","@id":"https:\/\/enajus.org.br\/2025\/#organization","name":"EnAJUS 2025","url":"https:\/\/enajus.org.br\/2025\/","logo":{"@type":"ImageObject","inLanguage":"pt-BR","@id":"https:\/\/enajus.org.br\/2025\/#\/schema\/logo\/image\/","url":"https:\/\/enajus.org.br\/2025\/wp-content\/uploads\/2025\/03\/logo-enajus.svg","contentUrl":"https:\/\/enajus.org.br\/2025\/wp-content\/uploads\/2025\/03\/logo-enajus.svg","width":297,"height":50,"caption":"EnAJUS 2025"},"image":{"@id":"https:\/\/enajus.org.br\/2025\/#\/schema\/logo\/image\/"},"sameAs":["https:\/\/www.facebook.com\/enajus2025","https:\/\/www.youtube.com\/@ENAJUS","https:\/\/www.instagram.com\/enajus2025"]}]}},"_links":{"self":[{"href":"https:\/\/enajus.org.br\/2025\/wp-json\/wp\/v2\/pages\/53","targetHints":{"allow":["GET"]}}],"collection":[{"href":"https:\/\/enajus.org.br\/2025\/wp-json\/wp\/v2\/pages"}],"about":[{"href":"https:\/\/enajus.org.br\/2025\/wp-json\/wp\/v2\/types\/page"}],"author":[{"embeddable":true,"href":"https:\/\/enajus.org.br\/2025\/wp-json\/wp\/v2\/users\/1"}],"replies":[{"embeddable":true,"href":"https:\/\/enajus.org.br\/2025\/wp-json\/wp\/v2\/comments?post=53"}],"version-history":[{"count":0,"href":"https:\/\/enajus.org.br\/2025\/wp-json\/wp\/v2\/pages\/53\/revisions"}],"wp:attachment":[{"href":"https:\/\/enajus.org.br\/2025\/wp-json\/wp\/v2\/media?parent=53"}],"curies":[{"name":"wp","href":"https:\/\/api.w.org\/{rel}","templated":true}]}}