{"id":533,"date":"2025-10-20T10:12:31","date_gmt":"2025-10-20T13:12:31","guid":{"rendered":"https:\/\/enajus.org.br\/2025\/?page_id=533"},"modified":"2025-10-20T10:13:30","modified_gmt":"2025-10-20T13:13:30","slug":"minicursos","status":"publish","type":"page","link":"https:\/\/enajus.org.br\/2025\/minicursos\/","title":{"rendered":"Minicursos"},"content":{"rendered":"","protected":false},"excerpt":{"rendered":"","protected":false},"author":1,"featured_media":0,"parent":0,"menu_order":0,"comment_status":"closed","ping_status":"closed","template":"minicursos.php","meta":{"_acf_changed":false,"footnotes":""},"class_list":["post-533","page","type-page","status-publish","hentry"],"acf":[],"yoast_head":"<!-- This site is optimized with the Yoast SEO plugin v27.4 - https:\/\/yoast.com\/product\/yoast-seo-wordpress\/ -->\n<title>Minicursos - EnAJUS 2025<\/title>\n<meta name=\"robots\" content=\"index, follow, max-snippet:-1, max-image-preview:large, max-video-preview:-1\" \/>\n<link rel=\"canonical\" href=\"https:\/\/enajus.org.br\/2025\/minicursos\/\" \/>\n<meta property=\"og:locale\" content=\"pt_BR\" \/>\n<meta property=\"og:type\" content=\"article\" \/>\n<meta property=\"og:title\" content=\"Minicursos - EnAJUS 2025\" \/>\n<meta property=\"og:url\" content=\"https:\/\/enajus.org.br\/2025\/minicursos\/\" \/>\n<meta property=\"og:site_name\" content=\"EnAJUS 2025\" \/>\n<meta property=\"article:publisher\" content=\"https:\/\/www.facebook.com\/enajus2025\" \/>\n<meta property=\"article:modified_time\" content=\"2025-10-20T13:13:30+00:00\" \/>\n<meta name=\"twitter:card\" content=\"summary_large_image\" \/>\n<script type=\"application\/ld+json\" class=\"yoast-schema-graph\">{\"@context\":\"https:\\\/\\\/schema.org\",\"@graph\":[{\"@type\":\"WebPage\",\"@id\":\"https:\\\/\\\/enajus.org.br\\\/2025\\\/minicursos\\\/\",\"url\":\"https:\\\/\\\/enajus.org.br\\\/2025\\\/minicursos\\\/\",\"name\":\"Minicursos - EnAJUS 2025\",\"isPartOf\":{\"@id\":\"https:\\\/\\\/enajus.org.br\\\/2025\\\/#website\"},\"datePublished\":\"2025-10-20T13:12:31+00:00\",\"dateModified\":\"2025-10-20T13:13:30+00:00\",\"breadcrumb\":{\"@id\":\"https:\\\/\\\/enajus.org.br\\\/2025\\\/minicursos\\\/#breadcrumb\"},\"inLanguage\":\"pt-BR\",\"potentialAction\":[{\"@type\":\"ReadAction\",\"target\":[\"https:\\\/\\\/enajus.org.br\\\/2025\\\/minicursos\\\/\"]}]},{\"@type\":\"BreadcrumbList\",\"@id\":\"https:\\\/\\\/enajus.org.br\\\/2025\\\/minicursos\\\/#breadcrumb\",\"itemListElement\":[{\"@type\":\"ListItem\",\"position\":1,\"name\":\"In\u00edcio\",\"item\":\"https:\\\/\\\/enajus.org.br\\\/2025\\\/\"},{\"@type\":\"ListItem\",\"position\":2,\"name\":\"Minicursos\"}]},{\"@type\":\"WebSite\",\"@id\":\"https:\\\/\\\/enajus.org.br\\\/2025\\\/#website\",\"url\":\"https:\\\/\\\/enajus.org.br\\\/2025\\\/\",\"name\":\"EnAJUS 2025\",\"description\":\"O Encontro de Administra\u00e7\u00e3o da Justi\u00e7a congrega v\u00e1rias \u00e1reas do conhecimento, como Direito, Administra\u00e7\u00e3o P\u00fablica, Economia, Sociologia, Ci\u00eancia Pol\u00edtica, Tecnologia da Informa\u00e7\u00e3o, Ci\u00eancia de Dados, Psicologia, Comunica\u00e7\u00e3o, com a finalidade de gerar e disseminar conhecimentos capazes de melhorar os n\u00edveis de efici\u00eancia e de efetividade da Justi\u00e7a.\",\"publisher\":{\"@id\":\"https:\\\/\\\/enajus.org.br\\\/2025\\\/#organization\"},\"potentialAction\":[{\"@type\":\"SearchAction\",\"target\":{\"@type\":\"EntryPoint\",\"urlTemplate\":\"https:\\\/\\\/enajus.org.br\\\/2025\\\/?s={search_term_string}\"},\"query-input\":{\"@type\":\"PropertyValueSpecification\",\"valueRequired\":true,\"valueName\":\"search_term_string\"}}],\"inLanguage\":\"pt-BR\"},{\"@type\":\"Organization\",\"@id\":\"https:\\\/\\\/enajus.org.br\\\/2025\\\/#organization\",\"name\":\"EnAJUS 2025\",\"url\":\"https:\\\/\\\/enajus.org.br\\\/2025\\\/\",\"logo\":{\"@type\":\"ImageObject\",\"inLanguage\":\"pt-BR\",\"@id\":\"https:\\\/\\\/enajus.org.br\\\/2025\\\/#\\\/schema\\\/logo\\\/image\\\/\",\"url\":\"https:\\\/\\\/enajus.org.br\\\/2025\\\/wp-content\\\/uploads\\\/2025\\\/03\\\/logo-enajus.svg\",\"contentUrl\":\"https:\\\/\\\/enajus.org.br\\\/2025\\\/wp-content\\\/uploads\\\/2025\\\/03\\\/logo-enajus.svg\",\"width\":297,\"height\":50,\"caption\":\"EnAJUS 2025\"},\"image\":{\"@id\":\"https:\\\/\\\/enajus.org.br\\\/2025\\\/#\\\/schema\\\/logo\\\/image\\\/\"},\"sameAs\":[\"https:\\\/\\\/www.facebook.com\\\/enajus2025\",\"https:\\\/\\\/www.youtube.com\\\/@ENAJUS\",\"https:\\\/\\\/www.instagram.com\\\/enajus2025\"]}]}<\/script>\n<!-- \/ Yoast SEO plugin. -->","yoast_head_json":{"title":"Minicursos - EnAJUS 2025","robots":{"index":"index","follow":"follow","max-snippet":"max-snippet:-1","max-image-preview":"max-image-preview:large","max-video-preview":"max-video-preview:-1"},"canonical":"https:\/\/enajus.org.br\/2025\/minicursos\/","og_locale":"pt_BR","og_type":"article","og_title":"Minicursos - EnAJUS 2025","og_url":"https:\/\/enajus.org.br\/2025\/minicursos\/","og_site_name":"EnAJUS 2025","article_publisher":"https:\/\/www.facebook.com\/enajus2025","article_modified_time":"2025-10-20T13:13:30+00:00","twitter_card":"summary_large_image","schema":{"@context":"https:\/\/schema.org","@graph":[{"@type":"WebPage","@id":"https:\/\/enajus.org.br\/2025\/minicursos\/","url":"https:\/\/enajus.org.br\/2025\/minicursos\/","name":"Minicursos - EnAJUS 2025","isPartOf":{"@id":"https:\/\/enajus.org.br\/2025\/#website"},"datePublished":"2025-10-20T13:12:31+00:00","dateModified":"2025-10-20T13:13:30+00:00","breadcrumb":{"@id":"https:\/\/enajus.org.br\/2025\/minicursos\/#breadcrumb"},"inLanguage":"pt-BR","potentialAction":[{"@type":"ReadAction","target":["https:\/\/enajus.org.br\/2025\/minicursos\/"]}]},{"@type":"BreadcrumbList","@id":"https:\/\/enajus.org.br\/2025\/minicursos\/#breadcrumb","itemListElement":[{"@type":"ListItem","position":1,"name":"In\u00edcio","item":"https:\/\/enajus.org.br\/2025\/"},{"@type":"ListItem","position":2,"name":"Minicursos"}]},{"@type":"WebSite","@id":"https:\/\/enajus.org.br\/2025\/#website","url":"https:\/\/enajus.org.br\/2025\/","name":"EnAJUS 2025","description":"O Encontro de Administra\u00e7\u00e3o da Justi\u00e7a congrega v\u00e1rias \u00e1reas do conhecimento, como Direito, Administra\u00e7\u00e3o P\u00fablica, Economia, Sociologia, Ci\u00eancia Pol\u00edtica, Tecnologia da Informa\u00e7\u00e3o, Ci\u00eancia de Dados, Psicologia, Comunica\u00e7\u00e3o, com a finalidade de gerar e disseminar conhecimentos capazes de melhorar os n\u00edveis de efici\u00eancia e de efetividade da Justi\u00e7a.","publisher":{"@id":"https:\/\/enajus.org.br\/2025\/#organization"},"potentialAction":[{"@type":"SearchAction","target":{"@type":"EntryPoint","urlTemplate":"https:\/\/enajus.org.br\/2025\/?s={search_term_string}"},"query-input":{"@type":"PropertyValueSpecification","valueRequired":true,"valueName":"search_term_string"}}],"inLanguage":"pt-BR"},{"@type":"Organization","@id":"https:\/\/enajus.org.br\/2025\/#organization","name":"EnAJUS 2025","url":"https:\/\/enajus.org.br\/2025\/","logo":{"@type":"ImageObject","inLanguage":"pt-BR","@id":"https:\/\/enajus.org.br\/2025\/#\/schema\/logo\/image\/","url":"https:\/\/enajus.org.br\/2025\/wp-content\/uploads\/2025\/03\/logo-enajus.svg","contentUrl":"https:\/\/enajus.org.br\/2025\/wp-content\/uploads\/2025\/03\/logo-enajus.svg","width":297,"height":50,"caption":"EnAJUS 2025"},"image":{"@id":"https:\/\/enajus.org.br\/2025\/#\/schema\/logo\/image\/"},"sameAs":["https:\/\/www.facebook.com\/enajus2025","https:\/\/www.youtube.com\/@ENAJUS","https:\/\/www.instagram.com\/enajus2025"]}]}},"_links":{"self":[{"href":"https:\/\/enajus.org.br\/2025\/wp-json\/wp\/v2\/pages\/533","targetHints":{"allow":["GET"]}}],"collection":[{"href":"https:\/\/enajus.org.br\/2025\/wp-json\/wp\/v2\/pages"}],"about":[{"href":"https:\/\/enajus.org.br\/2025\/wp-json\/wp\/v2\/types\/page"}],"author":[{"embeddable":true,"href":"https:\/\/enajus.org.br\/2025\/wp-json\/wp\/v2\/users\/1"}],"replies":[{"embeddable":true,"href":"https:\/\/enajus.org.br\/2025\/wp-json\/wp\/v2\/comments?post=533"}],"version-history":[{"count":0,"href":"https:\/\/enajus.org.br\/2025\/wp-json\/wp\/v2\/pages\/533\/revisions"}],"wp:attachment":[{"href":"https:\/\/enajus.org.br\/2025\/wp-json\/wp\/v2\/media?parent=533"}],"curies":[{"name":"wp","href":"https:\/\/api.w.org\/{rel}","templated":true}]}}