{"id":556,"date":"2025-10-20T17:47:39","date_gmt":"2025-10-20T20:47:39","guid":{"rendered":"https:\/\/enajus.org.br\/2025\/?page_id=556"},"modified":"2025-10-21T11:22:34","modified_gmt":"2025-10-21T14:22:34","slug":"orientacoes","status":"publish","type":"page","link":"https:\/\/enajus.org.br\/2025\/orientacoes\/","title":{"rendered":"Orienta\u00e7\u00f5es"},"content":{"rendered":"\n<h2 class=\"wp-block-heading\">I &#8211; REALIZA\u00c7\u00c3O DE INSCRI\u00c7\u00c3O<\/h2>\n\n\n\n<p>O Autores de resumos aprovados e que submeteram os respectivos trabalhos completos para apresenta\u00e7\u00e3o no EnAJUS 2024 devem fazer sua inscri\u00e7\u00e3o at\u00e9 o dia <strong>22\/09\/25<\/strong>. \u00c9 necess\u00e1rio que pelo menos um dos autores efetue a inscri\u00e7\u00e3o e esteja presente no evento para apresentar o trabalho.<\/p>\n\n\n\n<p>O Escolha a modalidade de inscri\u00e7\u00e3o apropriada para o seu perfil (participa\u00e7\u00e3o presencial em Natal\/RN):<\/p>\n\n\n\n<ul class=\"wp-block-list\">\n<li><strong>MODALIDADE 1 &#8211; Congressista N\u00e3o Estudante<\/strong> &#8211; Essa modalidade de inscri\u00e7\u00e3o \u00e9 destinada a <strong>autores<\/strong> e <strong>coautores<\/strong> de resumos selecionados, bem como ao p\u00fablico em geral. Se voc\u00ea \u00e9 autor ou coautor de trabalho aprovado e estudante, utilize a Modalidade 2.<\/li>\n<\/ul>\n\n\n\n<ul class=\"wp-block-list\">\n<li><strong>MODALIDADE 2 &#8211; Congressista Estudante<\/strong> &#8211; Essa modalidade de inscri\u00e7\u00e3o \u00e9 destina a <strong>autores<\/strong> e coautores de resumos selecionados que sejam estudantes de cursos de gradua\u00e7\u00e3o ou p\u00f3s-gradua\u00e7\u00e3o.<\/li>\n<\/ul>\n\n\n\n<h4 class=\"wp-block-heading\"><strong>As duas modalidades t\u00eam os seguintes benef\u00edcios:<\/strong><\/h4>\n\n\n\n<ul class=\"wp-block-list\">\n<li>acompanhar toda a programa\u00e7\u00e3o do evento, incluindo o acesso \u00e0 palestra de abertura, todas as sess\u00f5es tem\u00e1ticas e todos os pain\u00e9is (mesas-redondas)<\/li>\n\n\n\n<li>inscri\u00e7\u00e3o gratuita em um minicurso (sujeita \u00e0 disponibilidade de vagas). Obs.: no ato da inscri\u00e7\u00e3o completa, voc\u00ea poder\u00e1 indicar qual o minicurso que deseja se inscrever gratuitamente.<\/li>\n\n\n\n<li>certificado de participa\u00e7\u00e3o (com indica\u00e7\u00e3o de carga hor\u00e1ria)<\/li>\n\n\n\n<li>certificado de apresenta\u00e7\u00e3o de trabalho (se apresentado na sess\u00e3o tem\u00e1tica)<\/li>\n\n\n\n<li>men\u00e7\u00e3o honrosa (se o trabalho for escolhido entre os melhores de cada tema do EnAJUS)<\/li>\n\n\n\n<li>inclus\u00e3o do trabalho completo ou do resumo expandido nos anais do EnAJUS,<\/li>\n\n\n\n<li>inclus\u00e3o da apresenta\u00e7\u00e3o na biblioteca virtual do evento<\/li>\n<\/ul>\n\n\n\n<p><sup>*<\/sup>O valor da inscri\u00e7\u00e3o \u00e9 cobrado em real (R$). Os pagamentos realizados internacionalmente ter\u00e3o o valor convertido para a moeda local do comprador.<\/p>\n\n\n\n<h2 class=\"wp-block-heading\">II &#8211; ENVIO DO TRABALHO COMPLETO<\/h2>\n\n\n\n<p>o Autores de resumos selecionados para apresenta\u00e7\u00e3o no <strong>EnAJUS 2025<\/strong> devem submeter os trabalhos completos, ou em est\u00e1gio avan\u00e7ado de desenvolvimento, <strong>at\u00e9 22 de setembro de 2025<\/strong>, conforme orienta\u00e7\u00f5es e modelo dispon\u00edveis no site do evento.<\/p>\n\n\n\n<p>Para submiss\u00e3o, clique no bot\u00e3o abaixo:<\/p>\n\n\n\n<p class=\"has-text-align-center\" style=\"margin-bottom:2rem\"><a href=\"https:\/\/doity.com.br\/enajus2024\/artigos?modelo=5149#m\" class=\"btn\">Submeter agora<\/a><\/p>\n\n\n\n<h2 class=\"wp-block-heading\">III &#8211; SESS\u00d5ES DE APRESENTA\u00c7\u00c3O DE TRABALHOS (PRESENCIAL)<\/h2>\n\n\n\n<ul class=\"wp-block-list\">\n<li>As <em>Sess\u00f5es de Apresenta\u00e7\u00e3o de Trabalhos<\/em> ser\u00e3o presenciais e ocorrer\u00e3o no Hotel Mana\u00edra, Jo\u00e3o Pessoa, Para\u00edba, Brasil.<\/li>\n\n\n\n<li><span style=\"color: initial; font-family: -apple-system, BlinkMacSystemFont, &quot;Segoe UI&quot;, Roboto, Oxygen-Sans, Ubuntu, Cantarell, &quot;Helvetica Neue&quot;, sans-serif;\">A agenda de sess\u00f5es ser\u00e1 entre os dias 25, 26 e 27 de novembro de 2025. A grade detalhada ser\u00e1 disponibilizada no dia <\/span><strong style=\"color: initial; font-family: -apple-system, BlinkMacSystemFont, &quot;Segoe UI&quot;, Roboto, Oxygen-Sans, Ubuntu, Cantarell, &quot;Helvetica Neue&quot;, sans-serif;\">20\/10\/2025<\/strong><span style=\"color: initial; font-family: -apple-system, BlinkMacSystemFont, &quot;Segoe UI&quot;, Roboto, Oxygen-Sans, Ubuntu, Cantarell, &quot;Helvetica Neue&quot;, sans-serif;\">, no site do ENAJUS 2025<\/span>: <a href=\"https:\/\/enajus.org.br\/2025\/programacao-detalhada\/\">https:\/\/enajus.org.br\/2025\/programacao-detalhada\/<\/a><\/li>\n\n\n\n<li><span style=\"color: initial; font-family: -apple-system, BlinkMacSystemFont, &quot;Segoe UI&quot;, Roboto, Oxygen-Sans, Ubuntu, Cantarell, &quot;Helvetica Neue&quot;, sans-serif;\">Cada sess\u00e3o ter\u00e1 a apresenta\u00e7\u00e3o de tr\u00eas ou quatro trabalhos e ser\u00e1 conduzida por moderador\/debatedor convidado.<\/span><\/li>\n\n\n\n<li><span style=\"color: initial; font-family: -apple-system, BlinkMacSystemFont, &quot;Segoe UI&quot;, Roboto, Oxygen-Sans, Ubuntu, Cantarell, &quot;Helvetica Neue&quot;, sans-serif;\">As <\/span><em style=\"color: initial; font-family: -apple-system, BlinkMacSystemFont, &quot;Segoe UI&quot;, Roboto, Oxygen-Sans, Ubuntu, Cantarell, &quot;Helvetica Neue&quot;, sans-serif;\">Sess\u00f5es de Apresenta\u00e7\u00e3o de Trabalhos<\/em><span style=\"color: initial; font-family: -apple-system, BlinkMacSystemFont, &quot;Segoe UI&quot;, Roboto, Oxygen-Sans, Ubuntu, Cantarell, &quot;Helvetica Neue&quot;, sans-serif;\"> ter\u00e3o dura\u00e7\u00e3o de 1 hora e 30 minutos, sendo 15 minutos o tempo para apresenta\u00e7\u00e3o de cada trabalho.<\/span><\/li>\n\n\n\n<li>Cada trabalho dever\u00e1 ser apresentado por um \u00fanico autor\/coautor.<\/li>\n<\/ul>\n\n\n\n<p class=\"has-text-align-center\" style=\"margin-bottom:2rem\"><a href=\"https:\/\/enajus.org.br\/2025\/wp-content\/uploads\/2025\/10\/enajus-2025-ppt-template.pptx\" class=\"btn btn-orange\">Template da apresenta\u00e7\u00e3o<\/a><\/p>\n\n\n\n<h2 class=\"wp-block-heading\">IV &#8211; CERTIFICADOS DE PARTICIPA\u00c7\u00c3O<\/h2>\n\n\n\n<ul class=\"wp-block-list\">\n<li>A obten\u00e7\u00e3o do certificado de participa\u00e7\u00e3o no evento est\u00e1 condicionada \u00e0 frequ\u00eancia m\u00ednima de 75% (setenta e cinco por cento) nas atividades do ENAJUS. Para tanto, \u00e9 necess\u00e1rio cumprir os seguintes requisitos:\n<ul class=\"wp-block-list\">\n<li>a) participa\u00e7\u00e3o em pelo menos 1 (um) painel tem\u00e1tico; e<\/li>\n\n\n\n<li>b) participa\u00e7\u00e3o em pelo menos 6 (seis) sess\u00f5es de apresenta\u00e7\u00e3o de trabalho.<\/li>\n<\/ul>\n<\/li>\n<\/ul>\n\n\n\n<h2 class=\"wp-block-heading\">V &#8211; D\u00daVIDAS<\/h2>\n\n\n\n<p>D\u00favidas em rela\u00e7\u00e3o ao evento, entre em contato pelo e-mail <a href=\"mailto:enajus@ajus.org.br\">enajus@ajus.org.br<\/a>.<\/p>\n","protected":false},"excerpt":{"rendered":"<p>I &#8211; REALIZA\u00c7\u00c3O DE INSCRI\u00c7\u00c3O O Autores de resumos aprovados e que submeteram os respectivos trabalhos completos para apresenta\u00e7\u00e3o no EnAJUS 2024 devem fazer sua inscri\u00e7\u00e3o at\u00e9 o dia 22\/09\/25. \u00c9 necess\u00e1rio que pelo menos um dos autores efetue a inscri\u00e7\u00e3o e esteja presente no evento para apresentar o trabalho. O Escolha a modalidade de &hellip; <a href=\"https:\/\/enajus.org.br\/2025\/orientacoes\/\" class=\"more-link\">Continue lendo<span class=\"screen-reader-text\"> &#8220;Orienta\u00e7\u00f5es&#8221;<\/span><\/a><\/p>\n","protected":false},"author":1,"featured_media":0,"parent":0,"menu_order":0,"comment_status":"closed","ping_status":"closed","template":"","meta":{"_acf_changed":false,"footnotes":""},"class_list":["post-556","page","type-page","status-publish","hentry"],"acf":[],"yoast_head":"<!-- This site is optimized with the Yoast SEO plugin v27.4 - https:\/\/yoast.com\/product\/yoast-seo-wordpress\/ -->\n<title>Orienta\u00e7\u00f5es - EnAJUS 2025<\/title>\n<meta name=\"robots\" content=\"index, follow, max-snippet:-1, max-image-preview:large, max-video-preview:-1\" \/>\n<link rel=\"canonical\" href=\"https:\/\/enajus.org.br\/2025\/orientacoes\/\" \/>\n<meta property=\"og:locale\" content=\"pt_BR\" \/>\n<meta property=\"og:type\" content=\"article\" \/>\n<meta property=\"og:title\" content=\"Orienta\u00e7\u00f5es - EnAJUS 2025\" \/>\n<meta property=\"og:description\" content=\"I &#8211; REALIZA\u00c7\u00c3O DE INSCRI\u00c7\u00c3O O Autores de resumos aprovados e que submeteram os respectivos trabalhos completos para apresenta\u00e7\u00e3o no EnAJUS 2024 devem fazer sua inscri\u00e7\u00e3o at\u00e9 o dia 22\/09\/25. \u00c9 necess\u00e1rio que pelo menos um dos autores efetue a inscri\u00e7\u00e3o e esteja presente no evento para apresentar o trabalho. O Escolha a modalidade de &hellip; Continue lendo &quot;Orienta\u00e7\u00f5es&quot;\" \/>\n<meta property=\"og:url\" content=\"https:\/\/enajus.org.br\/2025\/orientacoes\/\" \/>\n<meta property=\"og:site_name\" content=\"EnAJUS 2025\" \/>\n<meta property=\"article:publisher\" content=\"https:\/\/www.facebook.com\/enajus2025\" \/>\n<meta property=\"article:modified_time\" content=\"2025-10-21T14:22:34+00:00\" \/>\n<meta name=\"twitter:card\" content=\"summary_large_image\" \/>\n<meta name=\"twitter:label1\" content=\"Est. tempo de leitura\" \/>\n\t<meta name=\"twitter:data1\" content=\"3 minutos\" \/>\n<script type=\"application\/ld+json\" class=\"yoast-schema-graph\">{\"@context\":\"https:\\\/\\\/schema.org\",\"@graph\":[{\"@type\":\"WebPage\",\"@id\":\"https:\\\/\\\/enajus.org.br\\\/2025\\\/orientacoes\\\/\",\"url\":\"https:\\\/\\\/enajus.org.br\\\/2025\\\/orientacoes\\\/\",\"name\":\"Orienta\u00e7\u00f5es - EnAJUS 2025\",\"isPartOf\":{\"@id\":\"https:\\\/\\\/enajus.org.br\\\/2025\\\/#website\"},\"datePublished\":\"2025-10-20T20:47:39+00:00\",\"dateModified\":\"2025-10-21T14:22:34+00:00\",\"breadcrumb\":{\"@id\":\"https:\\\/\\\/enajus.org.br\\\/2025\\\/orientacoes\\\/#breadcrumb\"},\"inLanguage\":\"pt-BR\",\"potentialAction\":[{\"@type\":\"ReadAction\",\"target\":[\"https:\\\/\\\/enajus.org.br\\\/2025\\\/orientacoes\\\/\"]}]},{\"@type\":\"BreadcrumbList\",\"@id\":\"https:\\\/\\\/enajus.org.br\\\/2025\\\/orientacoes\\\/#breadcrumb\",\"itemListElement\":[{\"@type\":\"ListItem\",\"position\":1,\"name\":\"In\u00edcio\",\"item\":\"https:\\\/\\\/enajus.org.br\\\/2025\\\/\"},{\"@type\":\"ListItem\",\"position\":2,\"name\":\"Orienta\u00e7\u00f5es\"}]},{\"@type\":\"WebSite\",\"@id\":\"https:\\\/\\\/enajus.org.br\\\/2025\\\/#website\",\"url\":\"https:\\\/\\\/enajus.org.br\\\/2025\\\/\",\"name\":\"EnAJUS 2025\",\"description\":\"O Encontro de Administra\u00e7\u00e3o da Justi\u00e7a congrega v\u00e1rias \u00e1reas do conhecimento, como Direito, Administra\u00e7\u00e3o P\u00fablica, Economia, Sociologia, Ci\u00eancia Pol\u00edtica, Tecnologia da Informa\u00e7\u00e3o, Ci\u00eancia de Dados, Psicologia, Comunica\u00e7\u00e3o, com a finalidade de gerar e disseminar conhecimentos capazes de melhorar os n\u00edveis de efici\u00eancia e de efetividade da Justi\u00e7a.\",\"publisher\":{\"@id\":\"https:\\\/\\\/enajus.org.br\\\/2025\\\/#organization\"},\"potentialAction\":[{\"@type\":\"SearchAction\",\"target\":{\"@type\":\"EntryPoint\",\"urlTemplate\":\"https:\\\/\\\/enajus.org.br\\\/2025\\\/?s={search_term_string}\"},\"query-input\":{\"@type\":\"PropertyValueSpecification\",\"valueRequired\":true,\"valueName\":\"search_term_string\"}}],\"inLanguage\":\"pt-BR\"},{\"@type\":\"Organization\",\"@id\":\"https:\\\/\\\/enajus.org.br\\\/2025\\\/#organization\",\"name\":\"EnAJUS 2025\",\"url\":\"https:\\\/\\\/enajus.org.br\\\/2025\\\/\",\"logo\":{\"@type\":\"ImageObject\",\"inLanguage\":\"pt-BR\",\"@id\":\"https:\\\/\\\/enajus.org.br\\\/2025\\\/#\\\/schema\\\/logo\\\/image\\\/\",\"url\":\"https:\\\/\\\/enajus.org.br\\\/2025\\\/wp-content\\\/uploads\\\/2025\\\/03\\\/logo-enajus.svg\",\"contentUrl\":\"https:\\\/\\\/enajus.org.br\\\/2025\\\/wp-content\\\/uploads\\\/2025\\\/03\\\/logo-enajus.svg\",\"width\":297,\"height\":50,\"caption\":\"EnAJUS 2025\"},\"image\":{\"@id\":\"https:\\\/\\\/enajus.org.br\\\/2025\\\/#\\\/schema\\\/logo\\\/image\\\/\"},\"sameAs\":[\"https:\\\/\\\/www.facebook.com\\\/enajus2025\",\"https:\\\/\\\/www.youtube.com\\\/@ENAJUS\",\"https:\\\/\\\/www.instagram.com\\\/enajus2025\"]}]}<\/script>\n<!-- \/ Yoast SEO plugin. -->","yoast_head_json":{"title":"Orienta\u00e7\u00f5es - EnAJUS 2025","robots":{"index":"index","follow":"follow","max-snippet":"max-snippet:-1","max-image-preview":"max-image-preview:large","max-video-preview":"max-video-preview:-1"},"canonical":"https:\/\/enajus.org.br\/2025\/orientacoes\/","og_locale":"pt_BR","og_type":"article","og_title":"Orienta\u00e7\u00f5es - EnAJUS 2025","og_description":"I &#8211; REALIZA\u00c7\u00c3O DE INSCRI\u00c7\u00c3O O Autores de resumos aprovados e que submeteram os respectivos trabalhos completos para apresenta\u00e7\u00e3o no EnAJUS 2024 devem fazer sua inscri\u00e7\u00e3o at\u00e9 o dia 22\/09\/25. \u00c9 necess\u00e1rio que pelo menos um dos autores efetue a inscri\u00e7\u00e3o e esteja presente no evento para apresentar o trabalho. O Escolha a modalidade de &hellip; Continue lendo \"Orienta\u00e7\u00f5es\"","og_url":"https:\/\/enajus.org.br\/2025\/orientacoes\/","og_site_name":"EnAJUS 2025","article_publisher":"https:\/\/www.facebook.com\/enajus2025","article_modified_time":"2025-10-21T14:22:34+00:00","twitter_card":"summary_large_image","twitter_misc":{"Est. tempo de leitura":"3 minutos"},"schema":{"@context":"https:\/\/schema.org","@graph":[{"@type":"WebPage","@id":"https:\/\/enajus.org.br\/2025\/orientacoes\/","url":"https:\/\/enajus.org.br\/2025\/orientacoes\/","name":"Orienta\u00e7\u00f5es - EnAJUS 2025","isPartOf":{"@id":"https:\/\/enajus.org.br\/2025\/#website"},"datePublished":"2025-10-20T20:47:39+00:00","dateModified":"2025-10-21T14:22:34+00:00","breadcrumb":{"@id":"https:\/\/enajus.org.br\/2025\/orientacoes\/#breadcrumb"},"inLanguage":"pt-BR","potentialAction":[{"@type":"ReadAction","target":["https:\/\/enajus.org.br\/2025\/orientacoes\/"]}]},{"@type":"BreadcrumbList","@id":"https:\/\/enajus.org.br\/2025\/orientacoes\/#breadcrumb","itemListElement":[{"@type":"ListItem","position":1,"name":"In\u00edcio","item":"https:\/\/enajus.org.br\/2025\/"},{"@type":"ListItem","position":2,"name":"Orienta\u00e7\u00f5es"}]},{"@type":"WebSite","@id":"https:\/\/enajus.org.br\/2025\/#website","url":"https:\/\/enajus.org.br\/2025\/","name":"EnAJUS 2025","description":"O Encontro de Administra\u00e7\u00e3o da Justi\u00e7a congrega v\u00e1rias \u00e1reas do conhecimento, como Direito, Administra\u00e7\u00e3o P\u00fablica, Economia, Sociologia, Ci\u00eancia Pol\u00edtica, Tecnologia da Informa\u00e7\u00e3o, Ci\u00eancia de Dados, Psicologia, Comunica\u00e7\u00e3o, com a finalidade de gerar e disseminar conhecimentos capazes de melhorar os n\u00edveis de efici\u00eancia e de efetividade da Justi\u00e7a.","publisher":{"@id":"https:\/\/enajus.org.br\/2025\/#organization"},"potentialAction":[{"@type":"SearchAction","target":{"@type":"EntryPoint","urlTemplate":"https:\/\/enajus.org.br\/2025\/?s={search_term_string}"},"query-input":{"@type":"PropertyValueSpecification","valueRequired":true,"valueName":"search_term_string"}}],"inLanguage":"pt-BR"},{"@type":"Organization","@id":"https:\/\/enajus.org.br\/2025\/#organization","name":"EnAJUS 2025","url":"https:\/\/enajus.org.br\/2025\/","logo":{"@type":"ImageObject","inLanguage":"pt-BR","@id":"https:\/\/enajus.org.br\/2025\/#\/schema\/logo\/image\/","url":"https:\/\/enajus.org.br\/2025\/wp-content\/uploads\/2025\/03\/logo-enajus.svg","contentUrl":"https:\/\/enajus.org.br\/2025\/wp-content\/uploads\/2025\/03\/logo-enajus.svg","width":297,"height":50,"caption":"EnAJUS 2025"},"image":{"@id":"https:\/\/enajus.org.br\/2025\/#\/schema\/logo\/image\/"},"sameAs":["https:\/\/www.facebook.com\/enajus2025","https:\/\/www.youtube.com\/@ENAJUS","https:\/\/www.instagram.com\/enajus2025"]}]}},"_links":{"self":[{"href":"https:\/\/enajus.org.br\/2025\/wp-json\/wp\/v2\/pages\/556","targetHints":{"allow":["GET"]}}],"collection":[{"href":"https:\/\/enajus.org.br\/2025\/wp-json\/wp\/v2\/pages"}],"about":[{"href":"https:\/\/enajus.org.br\/2025\/wp-json\/wp\/v2\/types\/page"}],"author":[{"embeddable":true,"href":"https:\/\/enajus.org.br\/2025\/wp-json\/wp\/v2\/users\/1"}],"replies":[{"embeddable":true,"href":"https:\/\/enajus.org.br\/2025\/wp-json\/wp\/v2\/comments?post=556"}],"version-history":[{"count":0,"href":"https:\/\/enajus.org.br\/2025\/wp-json\/wp\/v2\/pages\/556\/revisions"}],"wp:attachment":[{"href":"https:\/\/enajus.org.br\/2025\/wp-json\/wp\/v2\/media?parent=556"}],"curies":[{"name":"wp","href":"https:\/\/api.w.org\/{rel}","templated":true}]}}