{"id":59,"date":"2025-03-08T17:28:13","date_gmt":"2025-03-08T20:28:13","guid":{"rendered":"https:\/\/enajus.org.br\/2025\/?page_id=59"},"modified":"2025-03-14T13:47:52","modified_gmt":"2025-03-14T16:47:52","slug":"sobre-o-enajus","status":"publish","type":"page","link":"https:\/\/enajus.org.br\/2025\/sobre-o-enajus\/","title":{"rendered":"Sobre o |EnAJUS"},"content":{"rendered":"\n<p>O EnAJUS congrega v\u00e1rias \u00e1reas do conhecimento, como Direito, Administra\u00e7\u00e3o P\u00fablica, Economia, Sociologia, Ci\u00eancia Pol\u00edtica, Tecnologia da Informa\u00e7\u00e3o, Ci\u00eancia de Dados, Psicologia, Comunica\u00e7\u00e3o, com a finalidade de gerar e disseminar conhecimentos capazes de melhorar os n\u00edveis de efici\u00eancia e de efetividade da Justi\u00e7a. Essa a\u00e7\u00e3o \u00e9 particularmente importante, na medida em que sistemas de justi\u00e7a s\u00e3o, regra geral, caros, congestionados, lentos e pouco efetivos.<\/p>\n\n\n\n<p>Isto considerado, o EnAJUS 2025 ter\u00e1 sess\u00f5es destinadas a apresenta\u00e7\u00f5es de trabalhos e pain\u00e9is tem\u00e1ticos. Al\u00e9m disso, o evento oferecer\u00e1 minicursos focados em m\u00e9todos e t\u00e9cnicas de pesquisa, que visam oferecer oportunidades de capacita\u00e7\u00e3o a indiv\u00edduos interessados em ampliar o conhecimento sobre pesquisa em Administra\u00e7\u00e3o da Justi\u00e7a apoiada em dados e evid\u00eancias.<\/p>\n\n\n\n<figure class=\"wp-block-image size-large\"><a href=\"https:\/\/enajus.org.br\/2025\/local\/\"><img loading=\"lazy\" decoding=\"async\" width=\"1024\" height=\"341\" src=\"https:\/\/enajus.org.br\/2025\/wp-content\/uploads\/2025\/03\/joao-pessoa-data-1024x341.jpg\" alt=\"\" class=\"wp-image-318\" srcset=\"https:\/\/enajus.org.br\/2025\/wp-content\/uploads\/2025\/03\/joao-pessoa-data-1024x341.jpg 1024w, https:\/\/enajus.org.br\/2025\/wp-content\/uploads\/2025\/03\/joao-pessoa-data-300x100.jpg 300w, https:\/\/enajus.org.br\/2025\/wp-content\/uploads\/2025\/03\/joao-pessoa-data-768x256.jpg 768w, https:\/\/enajus.org.br\/2025\/wp-content\/uploads\/2025\/03\/joao-pessoa-data.jpg 1200w\" sizes=\"auto, (max-width: 709px) 85vw, (max-width: 909px) 67vw, (max-width: 1362px) 62vw, 840px\" \/><\/a><\/figure>\n\n\n\n<p>Administra\u00e7\u00e3o da Justi\u00e7a \u00e9 tema de alta relev\u00e2ncia social e pol\u00edtica, por\u00e9m ainda pouco estudado, em particular nos pa\u00edses de matriz lus\u00f3fona. A administra\u00e7\u00e3o da justi\u00e7a implica o uso coordenado e articulado de recursos, conhecimentos, pessoas, regras e leis, com o objetivo de resolver conflitos entre indiv\u00edduos, grupos e organiza\u00e7\u00f5es. Consequentemente, sistemas de justi\u00e7a bem administrados s\u00e3o uma conquista civilizat\u00f3ria das sociedades e contribuem para a paz social e para o desenvolvimento socioecon\u00f4mico de pa\u00edses em geral. Sistemas de justi\u00e7a bem administrados tamb\u00e9m podem fomentar rela\u00e7\u00f5es sociais baseadas em valores e princ\u00edpios \u00e9ticos e morais, incluindo o respeito \u00e0s leis e regras que regem tais rela\u00e7\u00f5es, e o reconhecimento dos direitos de grupos sociais e indiv\u00edduos.<\/p>\n\n\n\n<p>O conceito de &#8216;sistema de Justi\u00e7a&#8217; envolve o funcionamento de organiza\u00e7\u00f5es judiciais, como os tribunais, e outras institui\u00e7\u00f5es essenciais \u00e0 justi\u00e7a, como Minist\u00e9rio P\u00fablico, Advocacia P\u00fablica, Advocacia, Defensoria P\u00fablica, tribunais administrativos, cart\u00f3rios, pol\u00edcias e \u00f3rg\u00e3os de seguran\u00e7a p\u00fablica. Inclui, tamb\u00e9m, as rela\u00e7\u00f5es entre as organiza\u00e7\u00f5es do sistema de Justi\u00e7a e organiza\u00e7\u00f5es de outros sistemas, como organiza\u00e7\u00f5es pol\u00edticas, governamentais, legislativas, do mercado e da sociedade civil. Como campo de pesquisa, a Administra\u00e7\u00e3o da Justi\u00e7a compreende m\u00faltiplas teorias e m\u00e9todos de pesquisa, visando investigar a gest\u00e3o do sistema de Justi\u00e7a em diferentes perspectivas e n\u00edveis de an\u00e1lise. Trata da rela\u00e7\u00e3o entre administra\u00e7\u00e3o e provis\u00e3o de justi\u00e7a em um determinado contexto social, empregando m\u00faltiplas lentes conceituais e metodol\u00f3gicas.<\/p>\n","protected":false},"excerpt":{"rendered":"<p>O EnAJUS congrega v\u00e1rias \u00e1reas do conhecimento, como Direito, Administra\u00e7\u00e3o P\u00fablica, Economia, Sociologia, Ci\u00eancia Pol\u00edtica, Tecnologia da Informa\u00e7\u00e3o, Ci\u00eancia de Dados, Psicologia, Comunica\u00e7\u00e3o, com a finalidade de gerar e disseminar conhecimentos capazes de melhorar os n\u00edveis de efici\u00eancia e de efetividade da Justi\u00e7a. Essa a\u00e7\u00e3o \u00e9 particularmente importante, na medida em que sistemas de justi\u00e7a &hellip; <a href=\"https:\/\/enajus.org.br\/2025\/sobre-o-enajus\/\" class=\"more-link\">Continue lendo<span class=\"screen-reader-text\"> &#8220;Sobre o |EnAJUS&#8221;<\/span><\/a><\/p>\n","protected":false},"author":1,"featured_media":0,"parent":0,"menu_order":0,"comment_status":"closed","ping_status":"closed","template":"","meta":{"_acf_changed":false,"footnotes":""},"class_list":["post-59","page","type-page","status-publish","hentry"],"acf":[],"yoast_head":"<!-- This site is optimized with the Yoast SEO plugin v27.4 - https:\/\/yoast.com\/product\/yoast-seo-wordpress\/ -->\n<title>Sobre o |EnAJUS - EnAJUS 2025<\/title>\n<meta name=\"robots\" content=\"index, follow, max-snippet:-1, max-image-preview:large, max-video-preview:-1\" \/>\n<link rel=\"canonical\" href=\"https:\/\/enajus.org.br\/2025\/sobre-o-enajus\/\" \/>\n<meta property=\"og:locale\" content=\"pt_BR\" \/>\n<meta property=\"og:type\" content=\"article\" \/>\n<meta property=\"og:title\" content=\"Sobre o |EnAJUS - EnAJUS 2025\" \/>\n<meta property=\"og:description\" content=\"O EnAJUS congrega v\u00e1rias \u00e1reas do conhecimento, como Direito, Administra\u00e7\u00e3o P\u00fablica, Economia, Sociologia, Ci\u00eancia Pol\u00edtica, Tecnologia da Informa\u00e7\u00e3o, Ci\u00eancia de Dados, Psicologia, Comunica\u00e7\u00e3o, com a finalidade de gerar e disseminar conhecimentos capazes de melhorar os n\u00edveis de efici\u00eancia e de efetividade da Justi\u00e7a. Essa a\u00e7\u00e3o \u00e9 particularmente importante, na medida em que sistemas de justi\u00e7a &hellip; Continue lendo &quot;Sobre o |EnAJUS&quot;\" \/>\n<meta property=\"og:url\" content=\"https:\/\/enajus.org.br\/2025\/sobre-o-enajus\/\" \/>\n<meta property=\"og:site_name\" content=\"EnAJUS 2025\" \/>\n<meta property=\"article:publisher\" content=\"https:\/\/www.facebook.com\/enajus2025\" \/>\n<meta property=\"article:modified_time\" content=\"2025-03-14T16:47:52+00:00\" \/>\n<meta property=\"og:image\" content=\"https:\/\/enajus.org.br\/2025\/wp-content\/uploads\/2025\/03\/joao-pessoa-data.jpg\" \/>\n\t<meta property=\"og:image:width\" content=\"1200\" \/>\n\t<meta property=\"og:image:height\" content=\"400\" \/>\n\t<meta property=\"og:image:type\" content=\"image\/jpeg\" \/>\n<meta name=\"twitter:card\" content=\"summary_large_image\" \/>\n<meta name=\"twitter:label1\" content=\"Est. tempo de leitura\" \/>\n\t<meta name=\"twitter:data1\" content=\"3 minutos\" \/>\n<script type=\"application\/ld+json\" class=\"yoast-schema-graph\">{\"@context\":\"https:\\\/\\\/schema.org\",\"@graph\":[{\"@type\":\"WebPage\",\"@id\":\"https:\\\/\\\/enajus.org.br\\\/2025\\\/sobre-o-enajus\\\/\",\"url\":\"https:\\\/\\\/enajus.org.br\\\/2025\\\/sobre-o-enajus\\\/\",\"name\":\"Sobre o |EnAJUS - EnAJUS 2025\",\"isPartOf\":{\"@id\":\"https:\\\/\\\/enajus.org.br\\\/2025\\\/#website\"},\"primaryImageOfPage\":{\"@id\":\"https:\\\/\\\/enajus.org.br\\\/2025\\\/sobre-o-enajus\\\/#primaryimage\"},\"image\":{\"@id\":\"https:\\\/\\\/enajus.org.br\\\/2025\\\/sobre-o-enajus\\\/#primaryimage\"},\"thumbnailUrl\":\"https:\\\/\\\/enajus.org.br\\\/2025\\\/wp-content\\\/uploads\\\/2025\\\/03\\\/joao-pessoa-data-1024x341.jpg\",\"datePublished\":\"2025-03-08T20:28:13+00:00\",\"dateModified\":\"2025-03-14T16:47:52+00:00\",\"breadcrumb\":{\"@id\":\"https:\\\/\\\/enajus.org.br\\\/2025\\\/sobre-o-enajus\\\/#breadcrumb\"},\"inLanguage\":\"pt-BR\",\"potentialAction\":[{\"@type\":\"ReadAction\",\"target\":[\"https:\\\/\\\/enajus.org.br\\\/2025\\\/sobre-o-enajus\\\/\"]}]},{\"@type\":\"ImageObject\",\"inLanguage\":\"pt-BR\",\"@id\":\"https:\\\/\\\/enajus.org.br\\\/2025\\\/sobre-o-enajus\\\/#primaryimage\",\"url\":\"https:\\\/\\\/enajus.org.br\\\/2025\\\/wp-content\\\/uploads\\\/2025\\\/03\\\/joao-pessoa-data.jpg\",\"contentUrl\":\"https:\\\/\\\/enajus.org.br\\\/2025\\\/wp-content\\\/uploads\\\/2025\\\/03\\\/joao-pessoa-data.jpg\",\"width\":1200,\"height\":400},{\"@type\":\"BreadcrumbList\",\"@id\":\"https:\\\/\\\/enajus.org.br\\\/2025\\\/sobre-o-enajus\\\/#breadcrumb\",\"itemListElement\":[{\"@type\":\"ListItem\",\"position\":1,\"name\":\"In\u00edcio\",\"item\":\"https:\\\/\\\/enajus.org.br\\\/2025\\\/\"},{\"@type\":\"ListItem\",\"position\":2,\"name\":\"Sobre o |EnAJUS\"}]},{\"@type\":\"WebSite\",\"@id\":\"https:\\\/\\\/enajus.org.br\\\/2025\\\/#website\",\"url\":\"https:\\\/\\\/enajus.org.br\\\/2025\\\/\",\"name\":\"EnAJUS 2025\",\"description\":\"O Encontro de Administra\u00e7\u00e3o da Justi\u00e7a congrega v\u00e1rias \u00e1reas do conhecimento, como Direito, Administra\u00e7\u00e3o P\u00fablica, Economia, Sociologia, Ci\u00eancia Pol\u00edtica, Tecnologia da Informa\u00e7\u00e3o, Ci\u00eancia de Dados, Psicologia, Comunica\u00e7\u00e3o, com a finalidade de gerar e disseminar conhecimentos capazes de melhorar os n\u00edveis de efici\u00eancia e de efetividade da Justi\u00e7a.\",\"publisher\":{\"@id\":\"https:\\\/\\\/enajus.org.br\\\/2025\\\/#organization\"},\"potentialAction\":[{\"@type\":\"SearchAction\",\"target\":{\"@type\":\"EntryPoint\",\"urlTemplate\":\"https:\\\/\\\/enajus.org.br\\\/2025\\\/?s={search_term_string}\"},\"query-input\":{\"@type\":\"PropertyValueSpecification\",\"valueRequired\":true,\"valueName\":\"search_term_string\"}}],\"inLanguage\":\"pt-BR\"},{\"@type\":\"Organization\",\"@id\":\"https:\\\/\\\/enajus.org.br\\\/2025\\\/#organization\",\"name\":\"EnAJUS 2025\",\"url\":\"https:\\\/\\\/enajus.org.br\\\/2025\\\/\",\"logo\":{\"@type\":\"ImageObject\",\"inLanguage\":\"pt-BR\",\"@id\":\"https:\\\/\\\/enajus.org.br\\\/2025\\\/#\\\/schema\\\/logo\\\/image\\\/\",\"url\":\"https:\\\/\\\/enajus.org.br\\\/2025\\\/wp-content\\\/uploads\\\/2025\\\/03\\\/logo-enajus.svg\",\"contentUrl\":\"https:\\\/\\\/enajus.org.br\\\/2025\\\/wp-content\\\/uploads\\\/2025\\\/03\\\/logo-enajus.svg\",\"width\":297,\"height\":50,\"caption\":\"EnAJUS 2025\"},\"image\":{\"@id\":\"https:\\\/\\\/enajus.org.br\\\/2025\\\/#\\\/schema\\\/logo\\\/image\\\/\"},\"sameAs\":[\"https:\\\/\\\/www.facebook.com\\\/enajus2025\",\"https:\\\/\\\/www.youtube.com\\\/@ENAJUS\",\"https:\\\/\\\/www.instagram.com\\\/enajus2025\"]}]}<\/script>\n<!-- \/ Yoast SEO plugin. -->","yoast_head_json":{"title":"Sobre o |EnAJUS - EnAJUS 2025","robots":{"index":"index","follow":"follow","max-snippet":"max-snippet:-1","max-image-preview":"max-image-preview:large","max-video-preview":"max-video-preview:-1"},"canonical":"https:\/\/enajus.org.br\/2025\/sobre-o-enajus\/","og_locale":"pt_BR","og_type":"article","og_title":"Sobre o |EnAJUS - EnAJUS 2025","og_description":"O EnAJUS congrega v\u00e1rias \u00e1reas do conhecimento, como Direito, Administra\u00e7\u00e3o P\u00fablica, Economia, Sociologia, Ci\u00eancia Pol\u00edtica, Tecnologia da Informa\u00e7\u00e3o, Ci\u00eancia de Dados, Psicologia, Comunica\u00e7\u00e3o, com a finalidade de gerar e disseminar conhecimentos capazes de melhorar os n\u00edveis de efici\u00eancia e de efetividade da Justi\u00e7a. Essa a\u00e7\u00e3o \u00e9 particularmente importante, na medida em que sistemas de justi\u00e7a &hellip; Continue lendo \"Sobre o |EnAJUS\"","og_url":"https:\/\/enajus.org.br\/2025\/sobre-o-enajus\/","og_site_name":"EnAJUS 2025","article_publisher":"https:\/\/www.facebook.com\/enajus2025","article_modified_time":"2025-03-14T16:47:52+00:00","og_image":[{"width":1200,"height":400,"url":"https:\/\/enajus.org.br\/2025\/wp-content\/uploads\/2025\/03\/joao-pessoa-data.jpg","type":"image\/jpeg"}],"twitter_card":"summary_large_image","twitter_misc":{"Est. tempo de leitura":"3 minutos"},"schema":{"@context":"https:\/\/schema.org","@graph":[{"@type":"WebPage","@id":"https:\/\/enajus.org.br\/2025\/sobre-o-enajus\/","url":"https:\/\/enajus.org.br\/2025\/sobre-o-enajus\/","name":"Sobre o |EnAJUS - EnAJUS 2025","isPartOf":{"@id":"https:\/\/enajus.org.br\/2025\/#website"},"primaryImageOfPage":{"@id":"https:\/\/enajus.org.br\/2025\/sobre-o-enajus\/#primaryimage"},"image":{"@id":"https:\/\/enajus.org.br\/2025\/sobre-o-enajus\/#primaryimage"},"thumbnailUrl":"https:\/\/enajus.org.br\/2025\/wp-content\/uploads\/2025\/03\/joao-pessoa-data-1024x341.jpg","datePublished":"2025-03-08T20:28:13+00:00","dateModified":"2025-03-14T16:47:52+00:00","breadcrumb":{"@id":"https:\/\/enajus.org.br\/2025\/sobre-o-enajus\/#breadcrumb"},"inLanguage":"pt-BR","potentialAction":[{"@type":"ReadAction","target":["https:\/\/enajus.org.br\/2025\/sobre-o-enajus\/"]}]},{"@type":"ImageObject","inLanguage":"pt-BR","@id":"https:\/\/enajus.org.br\/2025\/sobre-o-enajus\/#primaryimage","url":"https:\/\/enajus.org.br\/2025\/wp-content\/uploads\/2025\/03\/joao-pessoa-data.jpg","contentUrl":"https:\/\/enajus.org.br\/2025\/wp-content\/uploads\/2025\/03\/joao-pessoa-data.jpg","width":1200,"height":400},{"@type":"BreadcrumbList","@id":"https:\/\/enajus.org.br\/2025\/sobre-o-enajus\/#breadcrumb","itemListElement":[{"@type":"ListItem","position":1,"name":"In\u00edcio","item":"https:\/\/enajus.org.br\/2025\/"},{"@type":"ListItem","position":2,"name":"Sobre o |EnAJUS"}]},{"@type":"WebSite","@id":"https:\/\/enajus.org.br\/2025\/#website","url":"https:\/\/enajus.org.br\/2025\/","name":"EnAJUS 2025","description":"O Encontro de Administra\u00e7\u00e3o da Justi\u00e7a congrega v\u00e1rias \u00e1reas do conhecimento, como Direito, Administra\u00e7\u00e3o P\u00fablica, Economia, Sociologia, Ci\u00eancia Pol\u00edtica, Tecnologia da Informa\u00e7\u00e3o, Ci\u00eancia de Dados, Psicologia, Comunica\u00e7\u00e3o, com a finalidade de gerar e disseminar conhecimentos capazes de melhorar os n\u00edveis de efici\u00eancia e de efetividade da Justi\u00e7a.","publisher":{"@id":"https:\/\/enajus.org.br\/2025\/#organization"},"potentialAction":[{"@type":"SearchAction","target":{"@type":"EntryPoint","urlTemplate":"https:\/\/enajus.org.br\/2025\/?s={search_term_string}"},"query-input":{"@type":"PropertyValueSpecification","valueRequired":true,"valueName":"search_term_string"}}],"inLanguage":"pt-BR"},{"@type":"Organization","@id":"https:\/\/enajus.org.br\/2025\/#organization","name":"EnAJUS 2025","url":"https:\/\/enajus.org.br\/2025\/","logo":{"@type":"ImageObject","inLanguage":"pt-BR","@id":"https:\/\/enajus.org.br\/2025\/#\/schema\/logo\/image\/","url":"https:\/\/enajus.org.br\/2025\/wp-content\/uploads\/2025\/03\/logo-enajus.svg","contentUrl":"https:\/\/enajus.org.br\/2025\/wp-content\/uploads\/2025\/03\/logo-enajus.svg","width":297,"height":50,"caption":"EnAJUS 2025"},"image":{"@id":"https:\/\/enajus.org.br\/2025\/#\/schema\/logo\/image\/"},"sameAs":["https:\/\/www.facebook.com\/enajus2025","https:\/\/www.youtube.com\/@ENAJUS","https:\/\/www.instagram.com\/enajus2025"]}]}},"_links":{"self":[{"href":"https:\/\/enajus.org.br\/2025\/wp-json\/wp\/v2\/pages\/59","targetHints":{"allow":["GET"]}}],"collection":[{"href":"https:\/\/enajus.org.br\/2025\/wp-json\/wp\/v2\/pages"}],"about":[{"href":"https:\/\/enajus.org.br\/2025\/wp-json\/wp\/v2\/types\/page"}],"author":[{"embeddable":true,"href":"https:\/\/enajus.org.br\/2025\/wp-json\/wp\/v2\/users\/1"}],"replies":[{"embeddable":true,"href":"https:\/\/enajus.org.br\/2025\/wp-json\/wp\/v2\/comments?post=59"}],"version-history":[{"count":0,"href":"https:\/\/enajus.org.br\/2025\/wp-json\/wp\/v2\/pages\/59\/revisions"}],"wp:attachment":[{"href":"https:\/\/enajus.org.br\/2025\/wp-json\/wp\/v2\/media?parent=59"}],"curies":[{"name":"wp","href":"https:\/\/api.w.org\/{rel}","templated":true}]}}