{"id":72,"date":"2025-03-08T17:37:22","date_gmt":"2025-03-08T20:37:22","guid":{"rendered":"https:\/\/enajus.org.br\/2025\/?page_id=72"},"modified":"2025-03-11T11:23:28","modified_gmt":"2025-03-11T14:23:28","slug":"historico","status":"publish","type":"page","link":"https:\/\/enajus.org.br\/2025\/historico\/","title":{"rendered":"Hist\u00f3rico"},"content":{"rendered":"\n<p>O EnAJUS teve in\u00edcio em 2018, e as suas duas primeiras edi\u00e7\u00f5es, 2018 e 2019, realizadas em Bras\u00edlia, Brasil, resultaram do trabalho cooperativo do grupo de pesquisa Administra\u00e7\u00e3o da Justi\u00e7a (AJUS), dos programas de p\u00f3s-gradua\u00e7\u00e3o em Administra\u00e7\u00e3o e em Direito, ambos da Universidade de Bras\u00edlia, do Centro de Administra\u00e7\u00e3o e Pol\u00edticas P\u00fablicas (CAPP) da Universidade de Lisboa, e do Instituto Brasileiro de Estudos e Pesquisas Sociais (IBEPES). A edi\u00e7\u00e3o de 2020 teve Curitiba, Brasil, como cidade-sede e foi promovida no formato online, em decorr\u00eancia da pandemia COVID-19. Juntaram-se ao grupo organizador do evento dois novos atores importantes: a Universidade Positivo (UP), por meio dos programas de p\u00f3s-gradua\u00e7\u00e3o em Administra\u00e7\u00e3o e em Direito, e a Dire\u00e7\u00e3o-Geral de Pol\u00edtica de Justi\u00e7a (DGPJ), do Minist\u00e9rio da Justi\u00e7a de Portugal.<\/p>\n\n\n\n<p>Em 2021 o EnAJUS foi realizado em formato h\u00edbrido, com atividades presenciais em Lisboa, Portugal, e atividades remotas e transmiss\u00e3o ao vivo pela internet. Ao grupo organizador anterior juntaram-se o Instituto de Investiga\u00e7\u00e3o Interdisciplinar (IURIS), da Universidade de Lisboa, e os grupos de pesquisa Administra\u00e7\u00e3o, Governo e Pol\u00edticas P\u00fablicas do Poder Judici\u00e1rio (GPJUs) e Gest\u00e3o, Desempenho e Efetividade do Judici\u00e1rio (GEJUD), do Brasil.<\/p>\n\n\n\n<p>O EnAJUS 2022 foi realizado em Curitiba, Brasil, no formato presencial, com op\u00e7\u00e3o de participa\u00e7\u00e3o remota para autores residentes fora do Brasil. A Escola de Forma\u00e7\u00e3o Judici\u00e1ria do Tribunal de Justi\u00e7a do Distrito Federal e Territ\u00f3rios (EJuDFT), Bras\u00edlia, Brasil, a Faculdade de Direito da Universidade de Coimbra (FDUC), Coimbra, Portugal e o Instituto Brasileiro de Administra\u00e7\u00e3o do Sistema Judici\u00e1rio (IBRAJUS) passaram a integrar, em 2022, o conjunto de institui\u00e7\u00f5es e grupos de pesquisa respons\u00e1vel pela realiza\u00e7\u00e3o do evento. Em 2022 foi institu\u00eddo o <strong>Pr\u00eamio Tomas de Aquino Guimar\u00e3es de Melhores Trabalhos EnAJUS<\/strong>, atribu\u00eddo a tr\u00eas trabalhos, um de cada categoria \u2013 Trabalho Emp\u00edrico, Ensaio Te\u00f3rico e Relat\u00f3rio T\u00e9cnico. A outorga de pr\u00eamios aos melhores trabalhos passou a fazer parte da rotina do evento desde ent\u00e3o.<\/p>\n\n\n\n<p>A sexta edi\u00e7\u00e3o do EnAJUS, realizada em 2023, em Bras\u00edlia, teve como institui\u00e7\u00e3o anfitri\u00e3 o Centro Universit\u00e1rio IESB, e Acesso \u00e0 Justi\u00e7a como tema central. Acesso \u00e0 justi\u00e7a \u00e9 tema complexo e poliss\u00eamico, que vai al\u00e9m do acesso aos \u00f3rg\u00e3os de justi\u00e7a e constitui grande desafio de sociedades em geral, especialmente nos pa\u00edses em desenvolvimento. Como tal, o tema foi tratado de forma transversal associado a diversos outros temas, como tecnologia, governan\u00e7a, pol\u00edticas p\u00fablicas etc. Destaca-se, nessa sexta edi\u00e7\u00e3o, o apoio institucional do Conselho Nacional de Justi\u00e7a (CNJ), em raz\u00e3o do alinhamento do evento com a pol\u00edtica de pesquisas judici\u00e1rias e ci\u00eancia de dados, constante da Resolu\u00e7\u00e3o n\u00ba 462\/2022. O evento contou com uma confer\u00eancia de abertura, tratando do tema &#8220;pol\u00edticas p\u00fablicas e acesso \u00e0 justi\u00e7a&#8221;, e com tr\u00eas pain\u00e9is tem\u00e1ticos, os quais discutiram temas como a forma\u00e7\u00e3o dos profissionais da Justi\u00e7a, tecnologia e inova\u00e7\u00e3o, al\u00e9m da quest\u00e3o das interseccionalidades no acesso \u00e0 justi\u00e7a. Houve tamb\u00e9m o oferecimento de tr\u00eas minicursos de forma\u00e7\u00e3o em pesquisa, sendo um deles presencial e os demais no formato telepresencial.<\/p>\n\n\n\n<p>Em 2024, o EnAJUS foi realizado em Natal, RN, no per\u00edodo de 26 a 29 de novembro, tendo como anfitri\u00f5es o Programa de P\u00f3s-Gradua\u00e7\u00e3o em Administra\u00e7\u00e3o (PPGA), da Universidade Potiguar (UNP), e o Programa de P\u00f3s-Gradua\u00e7\u00e3o em Direito (PPGD), do Centro de Ci\u00eancias Sociais (CCSA) da Universidade Federal do Rio Grande do Norte (UFRN). Neste ano, o tema central foi Paz, Justi\u00e7a e Institui\u00e7\u00f5es Eficazes, em conex\u00e3o ao t\u00edtulo do Objetivo 16 de Desenvolvimento Sustent\u00e1vel (ODS 16) da Agenda 2030 da Organiza\u00e7\u00e3o das Na\u00e7\u00f5es Unidas \u2013 ONU (2020). Novamente, o EnAJUS recebeu o apoio institucional do Conselho Nacional de Justi\u00e7a (CNJ), que foi somado aos apoios do Instituto de Pesquisas Econ\u00f4micas Aplicadas (IPEA), da Escola Nacional de Forma\u00e7\u00e3o e Aperfei\u00e7oamento de Magistrados (ENFAM), da Escola de Forma\u00e7\u00e3o Judici\u00e1ria (EJuDFT), do TRT da 21\u00aa regi\u00e3o, da Associa\u00e7\u00e3o dos Magistrados do Trabalho da 21\u00aa regi\u00e3o, al\u00e9m da Capes e do CNPq.<\/p>\n\n\n\n<p>A edi\u00e7\u00e3o de 2024 foi a que recebeu o maior n\u00famero de trabalhos submetidos desde o in\u00edcio do EnAJUS. Foram recebidas 224 submiss\u00f5es, das quais, 160 foram selecionadas e 112 fizeram parte das 28 sess\u00f5es de trabalhos apresentados. O EnAJUS cresceu quase quatro vezes entre 2018 e 2024, quando passou de cerca de 60 para mais de 220 submiss\u00f5es nesse per\u00edodo. A competi\u00e7\u00e3o aumentou de cerca de nove para sete trabalhos selecionados de cada 10 submetidos no mesmo per\u00edodo. Isso evidencia eleva\u00e7\u00e3o do n\u00edvel de qualidade dos trabalhos e a import\u00e2ncia crescente do evento na constitui\u00e7\u00e3o de uma comunidade de pesquisadores interessados no tema da Administra\u00e7\u00e3o da Justi\u00e7a. O EnAJUS 2024 contou tamb\u00e9m com tr\u00eas pain\u00e9is tem\u00e1ticos, tr\u00eas minicursos, reuni\u00e3o de grupos de pesquisa, sess\u00e3o de lan\u00e7amento de livros, exposi\u00e7\u00e3o de dois observat\u00f3rios de dados, al\u00e9m da palestra magna de abertura com a Procuradora-Geral de Justi\u00e7a do Estado do Rio Grande do Norte.<\/p>\n\n\n\n<p>O EnAJUS passou a reunir, em 2024, mais de 130 participantes, entre professores, pesquisadores, t\u00e9cnicos, gestores p\u00fablicos, formuladores de pol\u00edticas p\u00fablicas, operadores do direito e estudantes de gradua\u00e7\u00e3o e p\u00f3s-gradua\u00e7\u00e3o. Trata-se, portanto, de evento que se consolidou e tornou-se internacional rapidamente. O EnAJUS tornou-se realidade e um sucesso entre estudiosos e praticantes da Administra\u00e7\u00e3o da Justi\u00e7a por meio do trabalho volunt\u00e1rio de mais de uma centena de indiv\u00edduos, que atuaram como organizadores, palestrantes, autores de trabalhos, avaliadores e em atividades t\u00e9cnicas e de apoio operacional e log\u00edstico.<\/p>\n\n\n\n<p>Em 2025, o EnAJUS ser\u00e1 realizado em <strong>Jo\u00e3o Pessoa, PB<\/strong>, no per\u00edodo de <strong>25 a 28 de novembro<\/strong>, tendo como anfitri\u00e3o o Programa de P\u00f3s-Gradua\u00e7\u00e3o em Administra\u00e7\u00e3o (PPGA) da Universidade Federal da Para\u00edba (UFPB). Com tema central \u201cDesafios e Oportunidades para o Sistema de Justi\u00e7a na Sociedade da Informa\u00e7\u00e3o\u201d, o EnAJUS 2025 ser\u00e1 recepcionado numa capital nordestina representativa do Sistema de Justi\u00e7a \u2013 haja vista a presen\u00e7a significativa de diversos atores organizacionais judiciais atuantes em Jo\u00e3o Pessoa \u2013, fortalecendo a expans\u00e3o do evento nesta regi\u00e3o, difundindo sua proposta e miss\u00e3o, ao mesmo tempo em que concilia tradi\u00e7\u00e3o e tend\u00eancia de futuro an\u00e1logos ao momento vivido pela cidade.<\/p>\n","protected":false},"excerpt":{"rendered":"<p>O EnAJUS teve in\u00edcio em 2018, e as suas duas primeiras edi\u00e7\u00f5es, 2018 e 2019, realizadas em Bras\u00edlia, Brasil, resultaram do trabalho cooperativo do grupo de pesquisa Administra\u00e7\u00e3o da Justi\u00e7a (AJUS), dos programas de p\u00f3s-gradua\u00e7\u00e3o em Administra\u00e7\u00e3o e em Direito, ambos da Universidade de Bras\u00edlia, do Centro de Administra\u00e7\u00e3o e Pol\u00edticas P\u00fablicas (CAPP) da Universidade &hellip; <a href=\"https:\/\/enajus.org.br\/2025\/historico\/\" class=\"more-link\">Continue lendo<span class=\"screen-reader-text\"> &#8220;Hist\u00f3rico&#8221;<\/span><\/a><\/p>\n","protected":false},"author":1,"featured_media":0,"parent":0,"menu_order":0,"comment_status":"closed","ping_status":"closed","template":"","meta":{"_acf_changed":false,"footnotes":""},"class_list":["post-72","page","type-page","status-publish","hentry"],"acf":[],"yoast_head":"<!-- This site is optimized with the Yoast SEO plugin v27.4 - https:\/\/yoast.com\/product\/yoast-seo-wordpress\/ -->\n<title>Hist\u00f3rico - EnAJUS 2025<\/title>\n<meta name=\"robots\" content=\"index, follow, max-snippet:-1, max-image-preview:large, max-video-preview:-1\" \/>\n<link rel=\"canonical\" href=\"https:\/\/enajus.org.br\/2025\/historico\/\" \/>\n<meta property=\"og:locale\" content=\"pt_BR\" \/>\n<meta property=\"og:type\" content=\"article\" \/>\n<meta property=\"og:title\" content=\"Hist\u00f3rico - EnAJUS 2025\" \/>\n<meta property=\"og:description\" content=\"O EnAJUS teve in\u00edcio em 2018, e as suas duas primeiras edi\u00e7\u00f5es, 2018 e 2019, realizadas em Bras\u00edlia, Brasil, resultaram do trabalho cooperativo do grupo de pesquisa Administra\u00e7\u00e3o da Justi\u00e7a (AJUS), dos programas de p\u00f3s-gradua\u00e7\u00e3o em Administra\u00e7\u00e3o e em Direito, ambos da Universidade de Bras\u00edlia, do Centro de Administra\u00e7\u00e3o e Pol\u00edticas P\u00fablicas (CAPP) da Universidade &hellip; Continue lendo &quot;Hist\u00f3rico&quot;\" \/>\n<meta property=\"og:url\" content=\"https:\/\/enajus.org.br\/2025\/historico\/\" \/>\n<meta property=\"og:site_name\" content=\"EnAJUS 2025\" \/>\n<meta property=\"article:publisher\" content=\"https:\/\/www.facebook.com\/enajus2025\" \/>\n<meta property=\"article:modified_time\" content=\"2025-03-11T14:23:28+00:00\" \/>\n<meta name=\"twitter:card\" content=\"summary_large_image\" \/>\n<meta name=\"twitter:label1\" content=\"Est. tempo de leitura\" \/>\n\t<meta name=\"twitter:data1\" content=\"6 minutos\" \/>\n<script type=\"application\/ld+json\" class=\"yoast-schema-graph\">{\"@context\":\"https:\\\/\\\/schema.org\",\"@graph\":[{\"@type\":\"WebPage\",\"@id\":\"https:\\\/\\\/enajus.org.br\\\/2025\\\/historico\\\/\",\"url\":\"https:\\\/\\\/enajus.org.br\\\/2025\\\/historico\\\/\",\"name\":\"Hist\u00f3rico - EnAJUS 2025\",\"isPartOf\":{\"@id\":\"https:\\\/\\\/enajus.org.br\\\/2025\\\/#website\"},\"datePublished\":\"2025-03-08T20:37:22+00:00\",\"dateModified\":\"2025-03-11T14:23:28+00:00\",\"breadcrumb\":{\"@id\":\"https:\\\/\\\/enajus.org.br\\\/2025\\\/historico\\\/#breadcrumb\"},\"inLanguage\":\"pt-BR\",\"potentialAction\":[{\"@type\":\"ReadAction\",\"target\":[\"https:\\\/\\\/enajus.org.br\\\/2025\\\/historico\\\/\"]}]},{\"@type\":\"BreadcrumbList\",\"@id\":\"https:\\\/\\\/enajus.org.br\\\/2025\\\/historico\\\/#breadcrumb\",\"itemListElement\":[{\"@type\":\"ListItem\",\"position\":1,\"name\":\"In\u00edcio\",\"item\":\"https:\\\/\\\/enajus.org.br\\\/2025\\\/\"},{\"@type\":\"ListItem\",\"position\":2,\"name\":\"Hist\u00f3rico\"}]},{\"@type\":\"WebSite\",\"@id\":\"https:\\\/\\\/enajus.org.br\\\/2025\\\/#website\",\"url\":\"https:\\\/\\\/enajus.org.br\\\/2025\\\/\",\"name\":\"EnAJUS 2025\",\"description\":\"O Encontro de Administra\u00e7\u00e3o da Justi\u00e7a congrega v\u00e1rias \u00e1reas do conhecimento, como Direito, Administra\u00e7\u00e3o P\u00fablica, Economia, Sociologia, Ci\u00eancia Pol\u00edtica, Tecnologia da Informa\u00e7\u00e3o, Ci\u00eancia de Dados, Psicologia, Comunica\u00e7\u00e3o, com a finalidade de gerar e disseminar conhecimentos capazes de melhorar os n\u00edveis de efici\u00eancia e de efetividade da Justi\u00e7a.\",\"publisher\":{\"@id\":\"https:\\\/\\\/enajus.org.br\\\/2025\\\/#organization\"},\"potentialAction\":[{\"@type\":\"SearchAction\",\"target\":{\"@type\":\"EntryPoint\",\"urlTemplate\":\"https:\\\/\\\/enajus.org.br\\\/2025\\\/?s={search_term_string}\"},\"query-input\":{\"@type\":\"PropertyValueSpecification\",\"valueRequired\":true,\"valueName\":\"search_term_string\"}}],\"inLanguage\":\"pt-BR\"},{\"@type\":\"Organization\",\"@id\":\"https:\\\/\\\/enajus.org.br\\\/2025\\\/#organization\",\"name\":\"EnAJUS 2025\",\"url\":\"https:\\\/\\\/enajus.org.br\\\/2025\\\/\",\"logo\":{\"@type\":\"ImageObject\",\"inLanguage\":\"pt-BR\",\"@id\":\"https:\\\/\\\/enajus.org.br\\\/2025\\\/#\\\/schema\\\/logo\\\/image\\\/\",\"url\":\"https:\\\/\\\/enajus.org.br\\\/2025\\\/wp-content\\\/uploads\\\/2025\\\/03\\\/logo-enajus.svg\",\"contentUrl\":\"https:\\\/\\\/enajus.org.br\\\/2025\\\/wp-content\\\/uploads\\\/2025\\\/03\\\/logo-enajus.svg\",\"width\":297,\"height\":50,\"caption\":\"EnAJUS 2025\"},\"image\":{\"@id\":\"https:\\\/\\\/enajus.org.br\\\/2025\\\/#\\\/schema\\\/logo\\\/image\\\/\"},\"sameAs\":[\"https:\\\/\\\/www.facebook.com\\\/enajus2025\",\"https:\\\/\\\/www.youtube.com\\\/@ENAJUS\",\"https:\\\/\\\/www.instagram.com\\\/enajus2025\"]}]}<\/script>\n<!-- \/ Yoast SEO plugin. -->","yoast_head_json":{"title":"Hist\u00f3rico - EnAJUS 2025","robots":{"index":"index","follow":"follow","max-snippet":"max-snippet:-1","max-image-preview":"max-image-preview:large","max-video-preview":"max-video-preview:-1"},"canonical":"https:\/\/enajus.org.br\/2025\/historico\/","og_locale":"pt_BR","og_type":"article","og_title":"Hist\u00f3rico - EnAJUS 2025","og_description":"O EnAJUS teve in\u00edcio em 2018, e as suas duas primeiras edi\u00e7\u00f5es, 2018 e 2019, realizadas em Bras\u00edlia, Brasil, resultaram do trabalho cooperativo do grupo de pesquisa Administra\u00e7\u00e3o da Justi\u00e7a (AJUS), dos programas de p\u00f3s-gradua\u00e7\u00e3o em Administra\u00e7\u00e3o e em Direito, ambos da Universidade de Bras\u00edlia, do Centro de Administra\u00e7\u00e3o e Pol\u00edticas P\u00fablicas (CAPP) da Universidade &hellip; Continue lendo \"Hist\u00f3rico\"","og_url":"https:\/\/enajus.org.br\/2025\/historico\/","og_site_name":"EnAJUS 2025","article_publisher":"https:\/\/www.facebook.com\/enajus2025","article_modified_time":"2025-03-11T14:23:28+00:00","twitter_card":"summary_large_image","twitter_misc":{"Est. tempo de leitura":"6 minutos"},"schema":{"@context":"https:\/\/schema.org","@graph":[{"@type":"WebPage","@id":"https:\/\/enajus.org.br\/2025\/historico\/","url":"https:\/\/enajus.org.br\/2025\/historico\/","name":"Hist\u00f3rico - EnAJUS 2025","isPartOf":{"@id":"https:\/\/enajus.org.br\/2025\/#website"},"datePublished":"2025-03-08T20:37:22+00:00","dateModified":"2025-03-11T14:23:28+00:00","breadcrumb":{"@id":"https:\/\/enajus.org.br\/2025\/historico\/#breadcrumb"},"inLanguage":"pt-BR","potentialAction":[{"@type":"ReadAction","target":["https:\/\/enajus.org.br\/2025\/historico\/"]}]},{"@type":"BreadcrumbList","@id":"https:\/\/enajus.org.br\/2025\/historico\/#breadcrumb","itemListElement":[{"@type":"ListItem","position":1,"name":"In\u00edcio","item":"https:\/\/enajus.org.br\/2025\/"},{"@type":"ListItem","position":2,"name":"Hist\u00f3rico"}]},{"@type":"WebSite","@id":"https:\/\/enajus.org.br\/2025\/#website","url":"https:\/\/enajus.org.br\/2025\/","name":"EnAJUS 2025","description":"O Encontro de Administra\u00e7\u00e3o da Justi\u00e7a congrega v\u00e1rias \u00e1reas do conhecimento, como Direito, Administra\u00e7\u00e3o P\u00fablica, Economia, Sociologia, Ci\u00eancia Pol\u00edtica, Tecnologia da Informa\u00e7\u00e3o, Ci\u00eancia de Dados, Psicologia, Comunica\u00e7\u00e3o, com a finalidade de gerar e disseminar conhecimentos capazes de melhorar os n\u00edveis de efici\u00eancia e de efetividade da Justi\u00e7a.","publisher":{"@id":"https:\/\/enajus.org.br\/2025\/#organization"},"potentialAction":[{"@type":"SearchAction","target":{"@type":"EntryPoint","urlTemplate":"https:\/\/enajus.org.br\/2025\/?s={search_term_string}"},"query-input":{"@type":"PropertyValueSpecification","valueRequired":true,"valueName":"search_term_string"}}],"inLanguage":"pt-BR"},{"@type":"Organization","@id":"https:\/\/enajus.org.br\/2025\/#organization","name":"EnAJUS 2025","url":"https:\/\/enajus.org.br\/2025\/","logo":{"@type":"ImageObject","inLanguage":"pt-BR","@id":"https:\/\/enajus.org.br\/2025\/#\/schema\/logo\/image\/","url":"https:\/\/enajus.org.br\/2025\/wp-content\/uploads\/2025\/03\/logo-enajus.svg","contentUrl":"https:\/\/enajus.org.br\/2025\/wp-content\/uploads\/2025\/03\/logo-enajus.svg","width":297,"height":50,"caption":"EnAJUS 2025"},"image":{"@id":"https:\/\/enajus.org.br\/2025\/#\/schema\/logo\/image\/"},"sameAs":["https:\/\/www.facebook.com\/enajus2025","https:\/\/www.youtube.com\/@ENAJUS","https:\/\/www.instagram.com\/enajus2025"]}]}},"_links":{"self":[{"href":"https:\/\/enajus.org.br\/2025\/wp-json\/wp\/v2\/pages\/72","targetHints":{"allow":["GET"]}}],"collection":[{"href":"https:\/\/enajus.org.br\/2025\/wp-json\/wp\/v2\/pages"}],"about":[{"href":"https:\/\/enajus.org.br\/2025\/wp-json\/wp\/v2\/types\/page"}],"author":[{"embeddable":true,"href":"https:\/\/enajus.org.br\/2025\/wp-json\/wp\/v2\/users\/1"}],"replies":[{"embeddable":true,"href":"https:\/\/enajus.org.br\/2025\/wp-json\/wp\/v2\/comments?post=72"}],"version-history":[{"count":0,"href":"https:\/\/enajus.org.br\/2025\/wp-json\/wp\/v2\/pages\/72\/revisions"}],"wp:attachment":[{"href":"https:\/\/enajus.org.br\/2025\/wp-json\/wp\/v2\/media?parent=72"}],"curies":[{"name":"wp","href":"https:\/\/api.w.org\/{rel}","templated":true}]}}